{"id":11501,"date":"2015-11-20T15:46:24","date_gmt":"2015-11-20T14:46:24","guid":{"rendered":"http:\/\/www.dalpasso.it\/de\/?page_id=11501"},"modified":"2015-11-20T15:46:24","modified_gmt":"2015-11-20T14:46:24","slug":"kugelimplantat-aus-pmma-und-silikon","status":"publish","type":"page","link":"https:\/\/www.dalpasso.it\/de\/info\/implantate\/kugelimplantat-aus-pmma-und-silikon\/","title":{"rendered":"KUGELIMPLANTAT AUS PMMA UND SILIKON"},"content":{"rendered":"<div class=\"wpb-content-wrapper\">[vc_row][vc_column width=&#8220;2\/3&#8243;][vc_column_text]Das Kugelimplantat aus PMMA wurde in der Vergangenheit h\u00e4ufig verwendet, es wird jedoch auch heute noch angeboten angesichts des praktisch v\u00f6lligen Fehlens von Kontraindikationen und der \u00e4u\u00dferst niedrigen Kosten, die es zu einer \u201esicheren\u201c Wahl machen. Es wird nur f\u00fcr die prim\u00e4re Enukleation verwendet, da es aufgrund der Starrheit des Materials und der Schwierigkeit, das Rutschen im Innern der Lederhauth\u00fclle zu verhindern, ungeeignet f\u00fcr den Eingriff der Eviszeration ist.<br \/>\nFalls die Abmessungen des Implantats gut auf die Orbitah\u00f6hle abgestimmt sind, bietet es eine diskrete F\u00fcllung, die Bewegungen, die an die Prothese \u00fcbertragen werden k\u00f6nnen, sind jedoch eher begrenzt.<br \/>\n[\/vc_column_text][\/vc_column][vc_column width=&#8220;1\/3&#8243;][vc_column_text]<\/p>\n<p><a href=\"https:\/\/www.dalpasso.it\/wp-content\/uploads\/2015\/07\/Impianto-sfera-PMMA.png\" class=\"thickbox no_icon\"><img loading=\"lazy\" decoding=\"async\" class=\"alignnone wp-image-6690\" src=\"https:\/\/www.dalpasso.it\/wp-content\/uploads\/2015\/07\/Impianto-sfera-PMMA.png\" alt=\"Impianto sfera PMMA\" width=\"206\" height=\"207\" srcset=\"https:\/\/www.dalpasso.it\/wp-content\/uploads\/2015\/07\/Impianto-sfera-PMMA.png 230w, https:\/\/www.dalpasso.it\/wp-content\/uploads\/2015\/07\/Impianto-sfera-PMMA-150x150.png 150w\" sizes=\"auto, (max-width: 206px) 100vw, 206px\" \/><\/a><\/p>\n<p>[\/vc_column_text][\/vc_column][\/vc_row][vc_row][vc_column width=&#8220;1\/4&#8243;][vc_column_text]<\/p>\n<p><a href=\"https:\/\/www.dalpasso.it\/wp-content\/uploads\/2015\/07\/Impianto-Silicone.png\" class=\"thickbox no_icon\"><img loading=\"lazy\" decoding=\"async\" class=\"alignnone size-full wp-image-6654\" src=\"https:\/\/www.dalpasso.it\/wp-content\/uploads\/2015\/07\/Impianto-Silicone.png\" alt=\"Impianto Silicone\" width=\"209\" height=\"221\" \/><\/a><\/p>\n<p>[\/vc_column_text][\/vc_column][vc_column width=&#8220;3\/4&#8243;][vc_column_text]<br \/>\nDas Kugelimplantat aus Silikon ist vom Gesichtspunkt der Gr\u00f6\u00dfe und Mechanik sehr \u00e4hnlich wie das aus PMMA, es unterscheidet sich allein durch seine weichere, nachgiebigere und oberfl\u00e4chlich weniger glatte Konsistenz: Eigenschaften, die geringere Traumen f\u00fcr das Deckgewebe und verringertes Rutschen des Implantats gew\u00e4hrleisten. Aus diesen Gr\u00fcnden eignet sich das Silikon-Implantat auch f\u00fcr die Aufnahme in der Lederhauth\u00fclle nach Eviszeration des Bulbus.<br \/>\nAuch heute noch wird dieses Material dank seiner niedrigen Kosten und der Vielseitigkeit oftmals moderneren und st\u00e4rker perfektionierten Implantaten vorgezogen. Es wird vom Organismus gut vertragen und selten abgesto\u00dfen. Bei der Eviszeration bietet es optimale Beweglichkeit, die andernfalls nur mit por\u00f6sen Implantaten erzielt werden kann.<br \/>\n[\/vc_column_text][\/vc_column][\/vc_row]<\/div>","protected":false},"excerpt":{"rendered":"<p>[vc_row][vc_column width=&#8220;2\/3&#8243;][vc_column_text]Das Kugelimplantat aus PMMA wurde in der Vergangenheit h\u00e4ufig verwendet, es wird jedoch auch heute noch angeboten angesichts des praktisch v\u00f6lligen Fehlens von Kontraindikationen und der \u00e4u\u00dferst niedrigen Kosten, die es zu einer \u201esicheren\u201c Wahl machen. Es wird nur f\u00fcr die prim\u00e4re Enukleation verwendet, da es aufgrund der Starrheit des Materials und der Schwierigkeit, [&hellip;]<\/p>\n","protected":false},"author":1,"featured_media":0,"parent":11200,"menu_order":0,"comment_status":"closed","ping_status":"closed","template":"","meta":{"footnotes":""},"class_list":["post-11501","page","type-page","status-publish","hentry"],"yoast_head":"<!-- This site is optimized with the Yoast SEO plugin v27.1.1 - https:\/\/yoast.com\/product\/yoast-seo-wordpress\/ -->\n<title>KUGELIMPLANTAT AUS PMMA UND SILIKON | Dalpasso protesi oculari<\/title>\n<meta name=\"robots\" content=\"index, follow, max-snippet:-1, max-image-preview:large, max-video-preview:-1\" \/>\n<link rel=\"canonical\" href=\"https:\/\/www.dalpasso.it\/de\/info\/implantate\/kugelimplantat-aus-pmma-und-silikon\/\" \/>\n<meta property=\"og:locale\" content=\"de_DE\" \/>\n<meta property=\"og:type\" content=\"article\" \/>\n<meta property=\"og:title\" content=\"KUGELIMPLANTAT AUS PMMA UND SILIKON | Dalpasso protesi oculari\" \/>\n<meta property=\"og:description\" content=\"[vc_row][vc_column width=&#8220;2\/3&#8243;][vc_column_text]Das Kugelimplantat aus PMMA wurde in der Vergangenheit h\u00e4ufig verwendet, es wird jedoch auch heute noch angeboten angesichts des praktisch v\u00f6lligen Fehlens von Kontraindikationen und der \u00e4u\u00dferst niedrigen Kosten, die es zu einer \u201esicheren\u201c Wahl machen. Es wird nur f\u00fcr die prim\u00e4re Enukleation verwendet, da es aufgrund der Starrheit des Materials und der Schwierigkeit, [&hellip;]\" \/>\n<meta property=\"og:url\" content=\"https:\/\/www.dalpasso.it\/de\/info\/implantate\/kugelimplantat-aus-pmma-und-silikon\/\" \/>\n<meta property=\"og:site_name\" content=\"Dalpasso protesi oculari\" \/>\n<meta property=\"og:image\" content=\"https:\/\/www.dalpasso.it\/wp-content\/uploads\/2015\/07\/Impianto-sfera-PMMA.png\" \/>\n\t<meta property=\"og:image:width\" content=\"230\" \/>\n\t<meta property=\"og:image:height\" content=\"231\" \/>\n\t<meta property=\"og:image:type\" content=\"image\/png\" \/>\n<meta name=\"twitter:card\" content=\"summary_large_image\" \/>\n<meta name=\"twitter:label1\" content=\"Gesch\u00e4tzte Lesezeit\" \/>\n\t<meta name=\"twitter:data1\" content=\"1\u00a0Minute\" \/>\n<script type=\"application\/ld+json\" class=\"yoast-schema-graph\">{\"@context\":\"https:\/\/schema.org\",\"@graph\":[{\"@type\":\"WebPage\",\"@id\":\"https:\/\/www.dalpasso.it\/de\/info\/implantate\/kugelimplantat-aus-pmma-und-silikon\/\",\"url\":\"https:\/\/www.dalpasso.it\/de\/info\/implantate\/kugelimplantat-aus-pmma-und-silikon\/\",\"name\":\"KUGELIMPLANTAT AUS PMMA UND SILIKON | Dalpasso protesi oculari\",\"isPartOf\":{\"@id\":\"https:\/\/www.dalpasso.it\/de\/#website\"},\"primaryImageOfPage\":{\"@id\":\"https:\/\/www.dalpasso.it\/de\/info\/implantate\/kugelimplantat-aus-pmma-und-silikon\/#primaryimage\"},\"image\":{\"@id\":\"https:\/\/www.dalpasso.it\/de\/info\/implantate\/kugelimplantat-aus-pmma-und-silikon\/#primaryimage\"},\"thumbnailUrl\":\"https:\/\/www.dalpasso.it\/wp-content\/uploads\/2015\/07\/Impianto-sfera-PMMA.png\",\"datePublished\":\"2015-11-20T14:46:24+00:00\",\"breadcrumb\":{\"@id\":\"https:\/\/www.dalpasso.it\/de\/info\/implantate\/kugelimplantat-aus-pmma-und-silikon\/#breadcrumb\"},\"inLanguage\":\"de\",\"potentialAction\":[{\"@type\":\"ReadAction\",\"target\":[\"https:\/\/www.dalpasso.it\/de\/info\/implantate\/kugelimplantat-aus-pmma-und-silikon\/\"]}]},{\"@type\":\"ImageObject\",\"inLanguage\":\"de\",\"@id\":\"https:\/\/www.dalpasso.it\/de\/info\/implantate\/kugelimplantat-aus-pmma-und-silikon\/#primaryimage\",\"url\":\"https:\/\/www.dalpasso.it\/wp-content\/uploads\/2015\/07\/Impianto-sfera-PMMA.png\",\"contentUrl\":\"https:\/\/www.dalpasso.it\/wp-content\/uploads\/2015\/07\/Impianto-sfera-PMMA.png\"},{\"@type\":\"BreadcrumbList\",\"@id\":\"https:\/\/www.dalpasso.it\/de\/info\/implantate\/kugelimplantat-aus-pmma-und-silikon\/#breadcrumb\",\"itemListElement\":[{\"@type\":\"ListItem\",\"position\":1,\"name\":\"Home\",\"item\":\"https:\/\/www.dalpasso.it\/de\/home\/\"},{\"@type\":\"ListItem\",\"position\":2,\"name\":\"INFO\",\"item\":\"https:\/\/www.dalpasso.it\/de\/info\/\"},{\"@type\":\"ListItem\",\"position\":3,\"name\":\"IMPLANTATE\",\"item\":\"https:\/\/www.dalpasso.it\/de\/info\/implantate\/\"},{\"@type\":\"ListItem\",\"position\":4,\"name\":\"KUGELIMPLANTAT AUS PMMA UND SILIKON\"}]},{\"@type\":\"WebSite\",\"@id\":\"https:\/\/www.dalpasso.it\/de\/#website\",\"url\":\"https:\/\/www.dalpasso.it\/de\/\",\"name\":\"DALPASSO Protesi Oculari\",\"description\":\"\",\"potentialAction\":[{\"@type\":\"SearchAction\",\"target\":{\"@type\":\"EntryPoint\",\"urlTemplate\":\"https:\/\/www.dalpasso.it\/de\/?s={search_term_string}\"},\"query-input\":{\"@type\":\"PropertyValueSpecification\",\"valueRequired\":true,\"valueName\":\"search_term_string\"}}],\"inLanguage\":\"de\"}]}<\/script>\n<!-- \/ Yoast SEO plugin. -->","yoast_head_json":{"title":"KUGELIMPLANTAT AUS PMMA UND SILIKON | Dalpasso protesi oculari","robots":{"index":"index","follow":"follow","max-snippet":"max-snippet:-1","max-image-preview":"max-image-preview:large","max-video-preview":"max-video-preview:-1"},"canonical":"https:\/\/www.dalpasso.it\/de\/info\/implantate\/kugelimplantat-aus-pmma-und-silikon\/","og_locale":"de_DE","og_type":"article","og_title":"KUGELIMPLANTAT AUS PMMA UND SILIKON | Dalpasso protesi oculari","og_description":"[vc_row][vc_column width=&#8220;2\/3&#8243;][vc_column_text]Das Kugelimplantat aus PMMA wurde in der Vergangenheit h\u00e4ufig verwendet, es wird jedoch auch heute noch angeboten angesichts des praktisch v\u00f6lligen Fehlens von Kontraindikationen und der \u00e4u\u00dferst niedrigen Kosten, die es zu einer \u201esicheren\u201c Wahl machen. Es wird nur f\u00fcr die prim\u00e4re Enukleation verwendet, da es aufgrund der Starrheit des Materials und der Schwierigkeit, [&hellip;]","og_url":"https:\/\/www.dalpasso.it\/de\/info\/implantate\/kugelimplantat-aus-pmma-und-silikon\/","og_site_name":"Dalpasso protesi oculari","og_image":[{"width":230,"height":231,"url":"https:\/\/www.dalpasso.it\/wp-content\/uploads\/2015\/07\/Impianto-sfera-PMMA.png","type":"image\/png"}],"twitter_card":"summary_large_image","twitter_misc":{"Gesch\u00e4tzte Lesezeit":"1\u00a0Minute"},"schema":{"@context":"https:\/\/schema.org","@graph":[{"@type":"WebPage","@id":"https:\/\/www.dalpasso.it\/de\/info\/implantate\/kugelimplantat-aus-pmma-und-silikon\/","url":"https:\/\/www.dalpasso.it\/de\/info\/implantate\/kugelimplantat-aus-pmma-und-silikon\/","name":"KUGELIMPLANTAT AUS PMMA UND SILIKON | Dalpasso protesi oculari","isPartOf":{"@id":"https:\/\/www.dalpasso.it\/de\/#website"},"primaryImageOfPage":{"@id":"https:\/\/www.dalpasso.it\/de\/info\/implantate\/kugelimplantat-aus-pmma-und-silikon\/#primaryimage"},"image":{"@id":"https:\/\/www.dalpasso.it\/de\/info\/implantate\/kugelimplantat-aus-pmma-und-silikon\/#primaryimage"},"thumbnailUrl":"https:\/\/www.dalpasso.it\/wp-content\/uploads\/2015\/07\/Impianto-sfera-PMMA.png","datePublished":"2015-11-20T14:46:24+00:00","breadcrumb":{"@id":"https:\/\/www.dalpasso.it\/de\/info\/implantate\/kugelimplantat-aus-pmma-und-silikon\/#breadcrumb"},"inLanguage":"de","potentialAction":[{"@type":"ReadAction","target":["https:\/\/www.dalpasso.it\/de\/info\/implantate\/kugelimplantat-aus-pmma-und-silikon\/"]}]},{"@type":"ImageObject","inLanguage":"de","@id":"https:\/\/www.dalpasso.it\/de\/info\/implantate\/kugelimplantat-aus-pmma-und-silikon\/#primaryimage","url":"https:\/\/www.dalpasso.it\/wp-content\/uploads\/2015\/07\/Impianto-sfera-PMMA.png","contentUrl":"https:\/\/www.dalpasso.it\/wp-content\/uploads\/2015\/07\/Impianto-sfera-PMMA.png"},{"@type":"BreadcrumbList","@id":"https:\/\/www.dalpasso.it\/de\/info\/implantate\/kugelimplantat-aus-pmma-und-silikon\/#breadcrumb","itemListElement":[{"@type":"ListItem","position":1,"name":"Home","item":"https:\/\/www.dalpasso.it\/de\/home\/"},{"@type":"ListItem","position":2,"name":"INFO","item":"https:\/\/www.dalpasso.it\/de\/info\/"},{"@type":"ListItem","position":3,"name":"IMPLANTATE","item":"https:\/\/www.dalpasso.it\/de\/info\/implantate\/"},{"@type":"ListItem","position":4,"name":"KUGELIMPLANTAT AUS PMMA UND SILIKON"}]},{"@type":"WebSite","@id":"https:\/\/www.dalpasso.it\/de\/#website","url":"https:\/\/www.dalpasso.it\/de\/","name":"DALPASSO Protesi Oculari","description":"","potentialAction":[{"@type":"SearchAction","target":{"@type":"EntryPoint","urlTemplate":"https:\/\/www.dalpasso.it\/de\/?s={search_term_string}"},"query-input":{"@type":"PropertyValueSpecification","valueRequired":true,"valueName":"search_term_string"}}],"inLanguage":"de"}]}},"_links":{"self":[{"href":"https:\/\/www.dalpasso.it\/de\/wp-json\/wp\/v2\/pages\/11501","targetHints":{"allow":["GET"]}}],"collection":[{"href":"https:\/\/www.dalpasso.it\/de\/wp-json\/wp\/v2\/pages"}],"about":[{"href":"https:\/\/www.dalpasso.it\/de\/wp-json\/wp\/v2\/types\/page"}],"author":[{"embeddable":true,"href":"https:\/\/www.dalpasso.it\/de\/wp-json\/wp\/v2\/users\/1"}],"replies":[{"embeddable":true,"href":"https:\/\/www.dalpasso.it\/de\/wp-json\/wp\/v2\/comments?post=11501"}],"version-history":[{"count":1,"href":"https:\/\/www.dalpasso.it\/de\/wp-json\/wp\/v2\/pages\/11501\/revisions"}],"predecessor-version":[{"id":11502,"href":"https:\/\/www.dalpasso.it\/de\/wp-json\/wp\/v2\/pages\/11501\/revisions\/11502"}],"up":[{"embeddable":true,"href":"https:\/\/www.dalpasso.it\/de\/wp-json\/wp\/v2\/pages\/11200"}],"wp:attachment":[{"href":"https:\/\/www.dalpasso.it\/de\/wp-json\/wp\/v2\/media?parent=11501"}],"curies":[{"name":"wp","href":"https:\/\/api.w.org\/{rel}","templated":true}]}}