{"id":11487,"date":"2015-11-20T15:31:52","date_gmt":"2015-11-20T14:31:52","guid":{"rendered":"http:\/\/www.dalpasso.it\/de\/?page_id=11487"},"modified":"2015-11-20T15:31:52","modified_gmt":"2015-11-20T14:31:52","slug":"implantat-nach-guthoff","status":"publish","type":"page","link":"https:\/\/www.dalpasso.it\/de\/info\/implantate\/implantat-nach-guthoff\/","title":{"rendered":"IMPLANTAT NACH GUTHOFF"},"content":{"rendered":"<div class=\"wpb-content-wrapper\">[vc_row][vc_column width=&#8220;2\/3&#8243;][vc_column_text]<strong><a href=\"https:\/\/www.dalpasso.it\/wp-content\/uploads\/2015\/07\/Guthoff1.jpg\" class=\"thickbox no_icon\"><img loading=\"lazy\" decoding=\"async\" class=\"alignleft wp-image-4205 size-medium\" src=\"https:\/\/www.dalpasso.it\/wp-content\/uploads\/2015\/07\/Guthoff1-170x300.jpg\" alt=\"\" width=\"170\" height=\"300\" srcset=\"https:\/\/www.dalpasso.it\/wp-content\/uploads\/2015\/07\/Guthoff1-170x300.jpg 170w, https:\/\/www.dalpasso.it\/wp-content\/uploads\/2015\/07\/Guthoff1.jpg 421w\" sizes=\"auto, (max-width: 170px) 100vw, 170px\" \/><\/a><\/strong><br \/>\nDabei handelt es sich um ein Implantat f\u00fcr subkapsul\u00e4re Enukleation, dessen vordere Halbkugel aus Hydroxylapatit und die hintere aus Silikonelastomer besteht. Es kombiniert die Vorteile von Hydroxylapatit (erleichtert die Fibrovaskularisierung der Gewebe) mit denen von Silikon (minimal traumatisch und freie Bewegung im Innern der Orbitah\u00f6hle). Die Rillen, die als Aufnahme f\u00fcr die geraden Muskeln dienen, gestatten eine frontale Kreuznaht, die dem Implantat Stabilit\u00e4t verleiht. Am Ende des Eingriffs muss ein postoperativer Platzhalter eingesetzt werden.<br \/>\n[\/vc_column_text][\/vc_column][\/vc_row]<\/div>","protected":false},"excerpt":{"rendered":"<p>[vc_row][vc_column width=&#8220;2\/3&#8243;][vc_column_text] Dabei handelt es sich um ein Implantat f\u00fcr subkapsul\u00e4re Enukleation, dessen vordere Halbkugel aus Hydroxylapatit und die hintere aus Silikonelastomer besteht. Es kombiniert die Vorteile von Hydroxylapatit (erleichtert die Fibrovaskularisierung der Gewebe) mit denen von Silikon (minimal traumatisch und freie Bewegung im Innern der Orbitah\u00f6hle). Die Rillen, die als Aufnahme f\u00fcr die geraden [&hellip;]<\/p>\n","protected":false},"author":1,"featured_media":0,"parent":11200,"menu_order":0,"comment_status":"closed","ping_status":"closed","template":"","meta":{"footnotes":""},"class_list":["post-11487","page","type-page","status-publish","hentry"],"yoast_head":"<!-- This site is optimized with the Yoast SEO plugin v27.1.1 - https:\/\/yoast.com\/product\/yoast-seo-wordpress\/ -->\n<title>IMPLANTAT NACH GUTHOFF | Dalpasso protesi oculari<\/title>\n<meta name=\"robots\" content=\"index, follow, max-snippet:-1, max-image-preview:large, max-video-preview:-1\" \/>\n<link rel=\"canonical\" href=\"https:\/\/www.dalpasso.it\/de\/info\/implantate\/implantat-nach-guthoff\/\" \/>\n<meta property=\"og:locale\" content=\"de_DE\" \/>\n<meta property=\"og:type\" content=\"article\" \/>\n<meta property=\"og:title\" content=\"IMPLANTAT NACH GUTHOFF | Dalpasso protesi oculari\" \/>\n<meta property=\"og:description\" content=\"[vc_row][vc_column width=&#8220;2\/3&#8243;][vc_column_text] Dabei handelt es sich um ein Implantat f\u00fcr subkapsul\u00e4re Enukleation, dessen vordere Halbkugel aus Hydroxylapatit und die hintere aus Silikonelastomer besteht. Es kombiniert die Vorteile von Hydroxylapatit (erleichtert die Fibrovaskularisierung der Gewebe) mit denen von Silikon (minimal traumatisch und freie Bewegung im Innern der Orbitah\u00f6hle). Die Rillen, die als Aufnahme f\u00fcr die geraden [&hellip;]\" \/>\n<meta property=\"og:url\" content=\"https:\/\/www.dalpasso.it\/de\/info\/implantate\/implantat-nach-guthoff\/\" \/>\n<meta property=\"og:site_name\" content=\"Dalpasso protesi oculari\" \/>\n<meta property=\"og:image\" content=\"https:\/\/www.dalpasso.it\/wp-content\/uploads\/2015\/07\/Guthoff1.jpg\" \/>\n\t<meta property=\"og:image:width\" content=\"421\" \/>\n\t<meta property=\"og:image:height\" content=\"742\" \/>\n\t<meta property=\"og:image:type\" content=\"image\/jpeg\" \/>\n<meta name=\"twitter:card\" content=\"summary_large_image\" \/>\n<script type=\"application\/ld+json\" class=\"yoast-schema-graph\">{\"@context\":\"https:\/\/schema.org\",\"@graph\":[{\"@type\":\"WebPage\",\"@id\":\"https:\/\/www.dalpasso.it\/de\/info\/implantate\/implantat-nach-guthoff\/\",\"url\":\"https:\/\/www.dalpasso.it\/de\/info\/implantate\/implantat-nach-guthoff\/\",\"name\":\"IMPLANTAT NACH GUTHOFF | Dalpasso protesi oculari\",\"isPartOf\":{\"@id\":\"https:\/\/www.dalpasso.it\/de\/#website\"},\"primaryImageOfPage\":{\"@id\":\"https:\/\/www.dalpasso.it\/de\/info\/implantate\/implantat-nach-guthoff\/#primaryimage\"},\"image\":{\"@id\":\"https:\/\/www.dalpasso.it\/de\/info\/implantate\/implantat-nach-guthoff\/#primaryimage\"},\"thumbnailUrl\":\"https:\/\/www.dalpasso.it\/wp-content\/uploads\/2015\/07\/Guthoff1-170x300.jpg\",\"datePublished\":\"2015-11-20T14:31:52+00:00\",\"breadcrumb\":{\"@id\":\"https:\/\/www.dalpasso.it\/de\/info\/implantate\/implantat-nach-guthoff\/#breadcrumb\"},\"inLanguage\":\"de\",\"potentialAction\":[{\"@type\":\"ReadAction\",\"target\":[\"https:\/\/www.dalpasso.it\/de\/info\/implantate\/implantat-nach-guthoff\/\"]}]},{\"@type\":\"ImageObject\",\"inLanguage\":\"de\",\"@id\":\"https:\/\/www.dalpasso.it\/de\/info\/implantate\/implantat-nach-guthoff\/#primaryimage\",\"url\":\"https:\/\/www.dalpasso.it\/wp-content\/uploads\/2015\/07\/Guthoff1-170x300.jpg\",\"contentUrl\":\"https:\/\/www.dalpasso.it\/wp-content\/uploads\/2015\/07\/Guthoff1-170x300.jpg\"},{\"@type\":\"BreadcrumbList\",\"@id\":\"https:\/\/www.dalpasso.it\/de\/info\/implantate\/implantat-nach-guthoff\/#breadcrumb\",\"itemListElement\":[{\"@type\":\"ListItem\",\"position\":1,\"name\":\"Home\",\"item\":\"https:\/\/www.dalpasso.it\/de\/home\/\"},{\"@type\":\"ListItem\",\"position\":2,\"name\":\"INFO\",\"item\":\"https:\/\/www.dalpasso.it\/de\/info\/\"},{\"@type\":\"ListItem\",\"position\":3,\"name\":\"IMPLANTATE\",\"item\":\"https:\/\/www.dalpasso.it\/de\/info\/implantate\/\"},{\"@type\":\"ListItem\",\"position\":4,\"name\":\"IMPLANTAT NACH GUTHOFF\"}]},{\"@type\":\"WebSite\",\"@id\":\"https:\/\/www.dalpasso.it\/de\/#website\",\"url\":\"https:\/\/www.dalpasso.it\/de\/\",\"name\":\"DALPASSO Protesi Oculari\",\"description\":\"\",\"potentialAction\":[{\"@type\":\"SearchAction\",\"target\":{\"@type\":\"EntryPoint\",\"urlTemplate\":\"https:\/\/www.dalpasso.it\/de\/?s={search_term_string}\"},\"query-input\":{\"@type\":\"PropertyValueSpecification\",\"valueRequired\":true,\"valueName\":\"search_term_string\"}}],\"inLanguage\":\"de\"}]}<\/script>\n<!-- \/ Yoast SEO plugin. -->","yoast_head_json":{"title":"IMPLANTAT NACH GUTHOFF | Dalpasso protesi oculari","robots":{"index":"index","follow":"follow","max-snippet":"max-snippet:-1","max-image-preview":"max-image-preview:large","max-video-preview":"max-video-preview:-1"},"canonical":"https:\/\/www.dalpasso.it\/de\/info\/implantate\/implantat-nach-guthoff\/","og_locale":"de_DE","og_type":"article","og_title":"IMPLANTAT NACH GUTHOFF | Dalpasso protesi oculari","og_description":"[vc_row][vc_column width=&#8220;2\/3&#8243;][vc_column_text] Dabei handelt es sich um ein Implantat f\u00fcr subkapsul\u00e4re Enukleation, dessen vordere Halbkugel aus Hydroxylapatit und die hintere aus Silikonelastomer besteht. Es kombiniert die Vorteile von Hydroxylapatit (erleichtert die Fibrovaskularisierung der Gewebe) mit denen von Silikon (minimal traumatisch und freie Bewegung im Innern der Orbitah\u00f6hle). Die Rillen, die als Aufnahme f\u00fcr die geraden [&hellip;]","og_url":"https:\/\/www.dalpasso.it\/de\/info\/implantate\/implantat-nach-guthoff\/","og_site_name":"Dalpasso protesi oculari","og_image":[{"width":421,"height":742,"url":"https:\/\/www.dalpasso.it\/wp-content\/uploads\/2015\/07\/Guthoff1.jpg","type":"image\/jpeg"}],"twitter_card":"summary_large_image","schema":{"@context":"https:\/\/schema.org","@graph":[{"@type":"WebPage","@id":"https:\/\/www.dalpasso.it\/de\/info\/implantate\/implantat-nach-guthoff\/","url":"https:\/\/www.dalpasso.it\/de\/info\/implantate\/implantat-nach-guthoff\/","name":"IMPLANTAT NACH GUTHOFF | Dalpasso protesi oculari","isPartOf":{"@id":"https:\/\/www.dalpasso.it\/de\/#website"},"primaryImageOfPage":{"@id":"https:\/\/www.dalpasso.it\/de\/info\/implantate\/implantat-nach-guthoff\/#primaryimage"},"image":{"@id":"https:\/\/www.dalpasso.it\/de\/info\/implantate\/implantat-nach-guthoff\/#primaryimage"},"thumbnailUrl":"https:\/\/www.dalpasso.it\/wp-content\/uploads\/2015\/07\/Guthoff1-170x300.jpg","datePublished":"2015-11-20T14:31:52+00:00","breadcrumb":{"@id":"https:\/\/www.dalpasso.it\/de\/info\/implantate\/implantat-nach-guthoff\/#breadcrumb"},"inLanguage":"de","potentialAction":[{"@type":"ReadAction","target":["https:\/\/www.dalpasso.it\/de\/info\/implantate\/implantat-nach-guthoff\/"]}]},{"@type":"ImageObject","inLanguage":"de","@id":"https:\/\/www.dalpasso.it\/de\/info\/implantate\/implantat-nach-guthoff\/#primaryimage","url":"https:\/\/www.dalpasso.it\/wp-content\/uploads\/2015\/07\/Guthoff1-170x300.jpg","contentUrl":"https:\/\/www.dalpasso.it\/wp-content\/uploads\/2015\/07\/Guthoff1-170x300.jpg"},{"@type":"BreadcrumbList","@id":"https:\/\/www.dalpasso.it\/de\/info\/implantate\/implantat-nach-guthoff\/#breadcrumb","itemListElement":[{"@type":"ListItem","position":1,"name":"Home","item":"https:\/\/www.dalpasso.it\/de\/home\/"},{"@type":"ListItem","position":2,"name":"INFO","item":"https:\/\/www.dalpasso.it\/de\/info\/"},{"@type":"ListItem","position":3,"name":"IMPLANTATE","item":"https:\/\/www.dalpasso.it\/de\/info\/implantate\/"},{"@type":"ListItem","position":4,"name":"IMPLANTAT NACH GUTHOFF"}]},{"@type":"WebSite","@id":"https:\/\/www.dalpasso.it\/de\/#website","url":"https:\/\/www.dalpasso.it\/de\/","name":"DALPASSO Protesi Oculari","description":"","potentialAction":[{"@type":"SearchAction","target":{"@type":"EntryPoint","urlTemplate":"https:\/\/www.dalpasso.it\/de\/?s={search_term_string}"},"query-input":{"@type":"PropertyValueSpecification","valueRequired":true,"valueName":"search_term_string"}}],"inLanguage":"de"}]}},"_links":{"self":[{"href":"https:\/\/www.dalpasso.it\/de\/wp-json\/wp\/v2\/pages\/11487","targetHints":{"allow":["GET"]}}],"collection":[{"href":"https:\/\/www.dalpasso.it\/de\/wp-json\/wp\/v2\/pages"}],"about":[{"href":"https:\/\/www.dalpasso.it\/de\/wp-json\/wp\/v2\/types\/page"}],"author":[{"embeddable":true,"href":"https:\/\/www.dalpasso.it\/de\/wp-json\/wp\/v2\/users\/1"}],"replies":[{"embeddable":true,"href":"https:\/\/www.dalpasso.it\/de\/wp-json\/wp\/v2\/comments?post=11487"}],"version-history":[{"count":1,"href":"https:\/\/www.dalpasso.it\/de\/wp-json\/wp\/v2\/pages\/11487\/revisions"}],"predecessor-version":[{"id":11488,"href":"https:\/\/www.dalpasso.it\/de\/wp-json\/wp\/v2\/pages\/11487\/revisions\/11488"}],"up":[{"embeddable":true,"href":"https:\/\/www.dalpasso.it\/de\/wp-json\/wp\/v2\/pages\/11200"}],"wp:attachment":[{"href":"https:\/\/www.dalpasso.it\/de\/wp-json\/wp\/v2\/media?parent=11487"}],"curies":[{"name":"wp","href":"https:\/\/api.w.org\/{rel}","templated":true}]}}