{"id":11266,"date":"2015-11-20T12:48:45","date_gmt":"2015-11-20T11:48:45","guid":{"rendered":"http:\/\/www.dalpasso.it\/de\/?page_id=11266"},"modified":"2015-11-20T15:29:04","modified_gmt":"2015-11-20T14:29:04","slug":"postoperative-platzhalter","status":"publish","type":"page","link":"https:\/\/www.dalpasso.it\/de\/info\/implantate\/postoperative-platzhalter\/","title":{"rendered":"POSTOPERATIVE PLATZHALTER"},"content":{"rendered":"<div class=\"wpb-content-wrapper\">[vc_row][vc_column width=&#8220;2\/3&#8243;][vc_column_text]Der postoperative Platzhalter ist ein prothetisches Hilfsmittel aus transparentem PMMA, Silikon oder wei\u00dfem Kunstharz (ohne aufgemalte Iris und Venen), das gleich nach dem Eingriff eingesetzt wird, um das Auftreten der ersten Erscheinungen der R\u00fcckbildung der Orbitah\u00f6hle zu verhindern und die Lidfunktion aufrechtzuerhalten. Die Applikation ist ausreichend, um die Weite der H\u00f6hle einige Wochen lang aufrecht zu erhalten, wodurch das anschlie\u00dfende Anpassen der Prothese erleichtert wird.<\/p>\n<p>&nbsp;<\/p>\n<p>Es gibt Platzhalter unterschiedlicher Form und Gr\u00f6\u00dfe, einfach oder mit einem oder mehreren L\u00f6chern, um das Einbringen von Augentropfen oder Salben zu erm\u00f6glichen. Die Form des Platzhalters sollte so weit wie m\u00f6glich mit dem oberen und unteren Bindehautgew\u00f6lbe \u00fcbereinstimmen, um deren Weite zu erhalten. Die Applikation ist nach einem Eingriff zu Vertiefung der Bindehautgew\u00f6lbe oder zum L\u00f6sen von Bindehautverwachsungen unerl\u00e4sslich, um zu verhindern, dass die eben getrennten Gewebe sich im Laufe der Vernarbung erneut aneinander heften.<\/p>\n<p>&nbsp;<\/p>\n<p>Der kompressive Platzhalter ist hingegen ein einfacher Platzhalter, der mithilfe einer Bandagierung angebracht wird, die auf diese Weise Druck auf den Platzhalter ausge\u00fcbt, um das Halten der Prothese in der H\u00f6hle zu f\u00f6rdern, wenn gr\u00f6\u00dferes Aufnahmeverm\u00f6gen ben\u00f6tigt wird oder die Ma\u00dfe der Bindehautgew\u00f6lbe vergr\u00f6\u00dfert werden sollen.<\/p>\n<p>&nbsp;<\/p>\n<p>Besondere Erw\u00e4hnung verdienen die p\u00e4diatrischen Platzhalter, die normalerweise so ausgebildet sind, dass sie auch als Lidhalter dienen mit dem Zweck den Lidspalt umzumodellieren und schrittweise die Lidfunktion zu verbessern, die bei angeborener Anophthalmie oder bei Enukleation mit anschlie\u00dfender konservativer Strahlentherapie oftmals stark beeintr\u00e4chtigt ist.[\/vc_column_text][\/vc_column][vc_column width=&#8220;1\/3&#8243;][vc_row_inner][vc_column_inner el_class=&#8220;&#8220; width=&#8220;1\/1&#8243;][vc_column_text]<\/p>\n<div id=\"attachment_6611\" style=\"width: 249px\" class=\"wp-caption alignnone\"><a href=\"https:\/\/www.dalpasso.it\/wp-content\/uploads\/2015\/07\/Conf01.jpg\" class=\"thickbox no_icon\"><img loading=\"lazy\" decoding=\"async\" aria-describedby=\"caption-attachment-6611\" class=\" wp-image-6611\" src=\"https:\/\/www.dalpasso.it\/wp-content\/uploads\/2015\/07\/Conf01-300x290.jpg\" alt=\"Conformatori post-operatori\" width=\"239\" height=\"231\" srcset=\"https:\/\/www.dalpasso.it\/wp-content\/uploads\/2015\/07\/Conf01-300x290.jpg 300w, https:\/\/www.dalpasso.it\/wp-content\/uploads\/2015\/07\/Conf01.jpg 482w\" sizes=\"auto, (max-width: 239px) 100vw, 239px\" \/><\/a><p id=\"caption-attachment-6611\" class=\"wp-caption-text\">Postoperative Platzhalter<\/p><\/div>\n<p>[\/vc_column_text][\/vc_column_inner][\/vc_row_inner][\/vc_column][\/vc_row]<\/div>","protected":false},"excerpt":{"rendered":"<p>[vc_row][vc_column width=&#8220;2\/3&#8243;][vc_column_text]Der postoperative Platzhalter ist ein prothetisches Hilfsmittel aus transparentem PMMA, Silikon oder wei\u00dfem Kunstharz (ohne aufgemalte Iris und Venen), das gleich nach dem Eingriff eingesetzt wird, um das Auftreten der ersten Erscheinungen der R\u00fcckbildung der Orbitah\u00f6hle zu verhindern und die Lidfunktion aufrechtzuerhalten. Die Applikation ist ausreichend, um die Weite der H\u00f6hle einige Wochen lang [&hellip;]<\/p>\n","protected":false},"author":1,"featured_media":0,"parent":11200,"menu_order":0,"comment_status":"closed","ping_status":"closed","template":"","meta":{"footnotes":""},"class_list":["post-11266","page","type-page","status-publish","hentry"],"yoast_head":"<!-- This site is optimized with the Yoast SEO plugin v27.1.1 - https:\/\/yoast.com\/product\/yoast-seo-wordpress\/ -->\n<title>POSTOPERATIVE PLATZHALTER | Dalpasso protesi oculari<\/title>\n<meta name=\"robots\" content=\"index, follow, max-snippet:-1, max-image-preview:large, max-video-preview:-1\" \/>\n<link rel=\"canonical\" href=\"https:\/\/www.dalpasso.it\/de\/info\/implantate\/postoperative-platzhalter\/\" \/>\n<meta property=\"og:locale\" content=\"de_DE\" \/>\n<meta property=\"og:type\" content=\"article\" \/>\n<meta property=\"og:title\" content=\"POSTOPERATIVE PLATZHALTER | Dalpasso protesi oculari\" \/>\n<meta property=\"og:description\" content=\"[vc_row][vc_column width=&#8220;2\/3&#8243;][vc_column_text]Der postoperative Platzhalter ist ein prothetisches Hilfsmittel aus transparentem PMMA, Silikon oder wei\u00dfem Kunstharz (ohne aufgemalte Iris und Venen), das gleich nach dem Eingriff eingesetzt wird, um das Auftreten der ersten Erscheinungen der R\u00fcckbildung der Orbitah\u00f6hle zu verhindern und die Lidfunktion aufrechtzuerhalten. Die Applikation ist ausreichend, um die Weite der H\u00f6hle einige Wochen lang [&hellip;]\" \/>\n<meta property=\"og:url\" content=\"https:\/\/www.dalpasso.it\/de\/info\/implantate\/postoperative-platzhalter\/\" \/>\n<meta property=\"og:site_name\" content=\"Dalpasso protesi oculari\" \/>\n<meta property=\"article:modified_time\" content=\"2015-11-20T14:29:04+00:00\" \/>\n<meta property=\"og:image\" content=\"https:\/\/www.dalpasso.it\/wp-content\/uploads\/2015\/07\/Conf01.jpg\" \/>\n\t<meta property=\"og:image:width\" content=\"482\" \/>\n\t<meta property=\"og:image:height\" content=\"466\" \/>\n\t<meta property=\"og:image:type\" content=\"image\/jpeg\" \/>\n<meta name=\"twitter:card\" content=\"summary_large_image\" \/>\n<meta name=\"twitter:label1\" content=\"Gesch\u00e4tzte Lesezeit\" \/>\n\t<meta name=\"twitter:data1\" content=\"2\u00a0Minuten\" \/>\n<script type=\"application\/ld+json\" class=\"yoast-schema-graph\">{\"@context\":\"https:\/\/schema.org\",\"@graph\":[{\"@type\":\"WebPage\",\"@id\":\"https:\/\/www.dalpasso.it\/de\/info\/implantate\/postoperative-platzhalter\/\",\"url\":\"https:\/\/www.dalpasso.it\/de\/info\/implantate\/postoperative-platzhalter\/\",\"name\":\"POSTOPERATIVE PLATZHALTER | Dalpasso protesi oculari\",\"isPartOf\":{\"@id\":\"https:\/\/www.dalpasso.it\/de\/#website\"},\"primaryImageOfPage\":{\"@id\":\"https:\/\/www.dalpasso.it\/de\/info\/implantate\/postoperative-platzhalter\/#primaryimage\"},\"image\":{\"@id\":\"https:\/\/www.dalpasso.it\/de\/info\/implantate\/postoperative-platzhalter\/#primaryimage\"},\"thumbnailUrl\":\"https:\/\/www.dalpasso.it\/wp-content\/uploads\/2015\/07\/Conf01-300x290.jpg\",\"datePublished\":\"2015-11-20T11:48:45+00:00\",\"dateModified\":\"2015-11-20T14:29:04+00:00\",\"breadcrumb\":{\"@id\":\"https:\/\/www.dalpasso.it\/de\/info\/implantate\/postoperative-platzhalter\/#breadcrumb\"},\"inLanguage\":\"de\",\"potentialAction\":[{\"@type\":\"ReadAction\",\"target\":[\"https:\/\/www.dalpasso.it\/de\/info\/implantate\/postoperative-platzhalter\/\"]}]},{\"@type\":\"ImageObject\",\"inLanguage\":\"de\",\"@id\":\"https:\/\/www.dalpasso.it\/de\/info\/implantate\/postoperative-platzhalter\/#primaryimage\",\"url\":\"https:\/\/www.dalpasso.it\/wp-content\/uploads\/2015\/07\/Conf01-300x290.jpg\",\"contentUrl\":\"https:\/\/www.dalpasso.it\/wp-content\/uploads\/2015\/07\/Conf01-300x290.jpg\"},{\"@type\":\"BreadcrumbList\",\"@id\":\"https:\/\/www.dalpasso.it\/de\/info\/implantate\/postoperative-platzhalter\/#breadcrumb\",\"itemListElement\":[{\"@type\":\"ListItem\",\"position\":1,\"name\":\"Home\",\"item\":\"https:\/\/www.dalpasso.it\/de\/home\/\"},{\"@type\":\"ListItem\",\"position\":2,\"name\":\"INFO\",\"item\":\"https:\/\/www.dalpasso.it\/de\/info\/\"},{\"@type\":\"ListItem\",\"position\":3,\"name\":\"IMPLANTATE\",\"item\":\"https:\/\/www.dalpasso.it\/de\/info\/implantate\/\"},{\"@type\":\"ListItem\",\"position\":4,\"name\":\"POSTOPERATIVE PLATZHALTER\"}]},{\"@type\":\"WebSite\",\"@id\":\"https:\/\/www.dalpasso.it\/de\/#website\",\"url\":\"https:\/\/www.dalpasso.it\/de\/\",\"name\":\"DALPASSO Protesi Oculari\",\"description\":\"\",\"potentialAction\":[{\"@type\":\"SearchAction\",\"target\":{\"@type\":\"EntryPoint\",\"urlTemplate\":\"https:\/\/www.dalpasso.it\/de\/?s={search_term_string}\"},\"query-input\":{\"@type\":\"PropertyValueSpecification\",\"valueRequired\":true,\"valueName\":\"search_term_string\"}}],\"inLanguage\":\"de\"}]}<\/script>\n<!-- \/ Yoast SEO plugin. -->","yoast_head_json":{"title":"POSTOPERATIVE PLATZHALTER | Dalpasso protesi oculari","robots":{"index":"index","follow":"follow","max-snippet":"max-snippet:-1","max-image-preview":"max-image-preview:large","max-video-preview":"max-video-preview:-1"},"canonical":"https:\/\/www.dalpasso.it\/de\/info\/implantate\/postoperative-platzhalter\/","og_locale":"de_DE","og_type":"article","og_title":"POSTOPERATIVE PLATZHALTER | Dalpasso protesi oculari","og_description":"[vc_row][vc_column width=&#8220;2\/3&#8243;][vc_column_text]Der postoperative Platzhalter ist ein prothetisches Hilfsmittel aus transparentem PMMA, Silikon oder wei\u00dfem Kunstharz (ohne aufgemalte Iris und Venen), das gleich nach dem Eingriff eingesetzt wird, um das Auftreten der ersten Erscheinungen der R\u00fcckbildung der Orbitah\u00f6hle zu verhindern und die Lidfunktion aufrechtzuerhalten. Die Applikation ist ausreichend, um die Weite der H\u00f6hle einige Wochen lang [&hellip;]","og_url":"https:\/\/www.dalpasso.it\/de\/info\/implantate\/postoperative-platzhalter\/","og_site_name":"Dalpasso protesi oculari","article_modified_time":"2015-11-20T14:29:04+00:00","og_image":[{"width":482,"height":466,"url":"https:\/\/www.dalpasso.it\/wp-content\/uploads\/2015\/07\/Conf01.jpg","type":"image\/jpeg"}],"twitter_card":"summary_large_image","twitter_misc":{"Gesch\u00e4tzte Lesezeit":"2\u00a0Minuten"},"schema":{"@context":"https:\/\/schema.org","@graph":[{"@type":"WebPage","@id":"https:\/\/www.dalpasso.it\/de\/info\/implantate\/postoperative-platzhalter\/","url":"https:\/\/www.dalpasso.it\/de\/info\/implantate\/postoperative-platzhalter\/","name":"POSTOPERATIVE PLATZHALTER | Dalpasso protesi oculari","isPartOf":{"@id":"https:\/\/www.dalpasso.it\/de\/#website"},"primaryImageOfPage":{"@id":"https:\/\/www.dalpasso.it\/de\/info\/implantate\/postoperative-platzhalter\/#primaryimage"},"image":{"@id":"https:\/\/www.dalpasso.it\/de\/info\/implantate\/postoperative-platzhalter\/#primaryimage"},"thumbnailUrl":"https:\/\/www.dalpasso.it\/wp-content\/uploads\/2015\/07\/Conf01-300x290.jpg","datePublished":"2015-11-20T11:48:45+00:00","dateModified":"2015-11-20T14:29:04+00:00","breadcrumb":{"@id":"https:\/\/www.dalpasso.it\/de\/info\/implantate\/postoperative-platzhalter\/#breadcrumb"},"inLanguage":"de","potentialAction":[{"@type":"ReadAction","target":["https:\/\/www.dalpasso.it\/de\/info\/implantate\/postoperative-platzhalter\/"]}]},{"@type":"ImageObject","inLanguage":"de","@id":"https:\/\/www.dalpasso.it\/de\/info\/implantate\/postoperative-platzhalter\/#primaryimage","url":"https:\/\/www.dalpasso.it\/wp-content\/uploads\/2015\/07\/Conf01-300x290.jpg","contentUrl":"https:\/\/www.dalpasso.it\/wp-content\/uploads\/2015\/07\/Conf01-300x290.jpg"},{"@type":"BreadcrumbList","@id":"https:\/\/www.dalpasso.it\/de\/info\/implantate\/postoperative-platzhalter\/#breadcrumb","itemListElement":[{"@type":"ListItem","position":1,"name":"Home","item":"https:\/\/www.dalpasso.it\/de\/home\/"},{"@type":"ListItem","position":2,"name":"INFO","item":"https:\/\/www.dalpasso.it\/de\/info\/"},{"@type":"ListItem","position":3,"name":"IMPLANTATE","item":"https:\/\/www.dalpasso.it\/de\/info\/implantate\/"},{"@type":"ListItem","position":4,"name":"POSTOPERATIVE PLATZHALTER"}]},{"@type":"WebSite","@id":"https:\/\/www.dalpasso.it\/de\/#website","url":"https:\/\/www.dalpasso.it\/de\/","name":"DALPASSO Protesi Oculari","description":"","potentialAction":[{"@type":"SearchAction","target":{"@type":"EntryPoint","urlTemplate":"https:\/\/www.dalpasso.it\/de\/?s={search_term_string}"},"query-input":{"@type":"PropertyValueSpecification","valueRequired":true,"valueName":"search_term_string"}}],"inLanguage":"de"}]}},"_links":{"self":[{"href":"https:\/\/www.dalpasso.it\/de\/wp-json\/wp\/v2\/pages\/11266","targetHints":{"allow":["GET"]}}],"collection":[{"href":"https:\/\/www.dalpasso.it\/de\/wp-json\/wp\/v2\/pages"}],"about":[{"href":"https:\/\/www.dalpasso.it\/de\/wp-json\/wp\/v2\/types\/page"}],"author":[{"embeddable":true,"href":"https:\/\/www.dalpasso.it\/de\/wp-json\/wp\/v2\/users\/1"}],"replies":[{"embeddable":true,"href":"https:\/\/www.dalpasso.it\/de\/wp-json\/wp\/v2\/comments?post=11266"}],"version-history":[{"count":4,"href":"https:\/\/www.dalpasso.it\/de\/wp-json\/wp\/v2\/pages\/11266\/revisions"}],"predecessor-version":[{"id":11485,"href":"https:\/\/www.dalpasso.it\/de\/wp-json\/wp\/v2\/pages\/11266\/revisions\/11485"}],"up":[{"embeddable":true,"href":"https:\/\/www.dalpasso.it\/de\/wp-json\/wp\/v2\/pages\/11200"}],"wp:attachment":[{"href":"https:\/\/www.dalpasso.it\/de\/wp-json\/wp\/v2\/media?parent=11266"}],"curies":[{"name":"wp","href":"https:\/\/api.w.org\/{rel}","templated":true}]}}