{"id":11214,"date":"2015-11-20T12:34:09","date_gmt":"2015-11-20T11:34:09","guid":{"rendered":"http:\/\/www.dalpasso.it\/de\/?page_id=11214"},"modified":"2015-12-15T11:14:08","modified_gmt":"2015-12-15T10:14:08","slug":"expandierbarer-orbitaler-platzhalter","status":"publish","type":"page","link":"https:\/\/www.dalpasso.it\/de\/info\/implantate\/expandierbarer-orbitaler-platzhalter\/","title":{"rendered":"EXPANDIERBARER ORBITALER PLATZHALTER"},"content":{"rendered":"<div class=\"wpb-content-wrapper\">[vc_row][vc_column width=&#8220;2\/3&#8243;][vc_separator color=&#8220;turquoise&#8220; align=&#8220;align_center&#8220; border_width=&#8220;2&#8243;][vc_column_text]Der <strong>Orbita-Expander <\/strong>ist ein Implantat, das sich progressiv im Innern der anophthalmischen H\u00f6hle ausdehnen soll.<br \/>\nEs besteht aus einem expandierbaren und flexiblen Ballon, der mithilfe einer Titanplatte positioniert wird, die mit Schrauben an der Seitenwand der Orbita verankert wird. Da so positionierte Implantat ist selbstzentrierend und wird mit einer Spritze schrittweise \u00fcber einen zentralen Zugang mit steriler Kochsalzl\u00f6sung gef\u00fcllt, sodass ein konstanter Druck auf die Orbita-W\u00e4nde ausge\u00fcbt wird.<br \/>\nDer gr\u00f6\u00dfte Nachteil dieses Implantats ist die Tatsache, dass sein konstanter Druck in alle Richtungen ausge\u00fcbt wird, d.h. auch dort, wo die intraorbitalen Strukturen nachgiebiger sind und infolgedessen einen geringeren Druck ben\u00f6tigen w\u00fcrden.<br \/>\n[\/vc_column_text][vc_separator color=&#8220;turquoise&#8220; align=&#8220;align_center&#8220; style=&#8220;&#8220; border_width=&#8220;2&#8243; el_width=&#8220;&#8220;][vc_column_text]Der\u00a0<strong>osmotische Gewebe-Expander<\/strong>\u00a0(Hydrogel orbital expander) besteht aus einem Copolymer von Methylmethacrylat und N-Vinylpyrrolidon, das dem f\u00fcr die Fertigung von weichen Kontaktlinsen verwendeten \u00e4hnelt. Dieses innovative Biomaterial wurde chemisch so modifiziert, dass es sich bis zu 12 Mal seines Ursprungsvolumens ausdehnen kann, wenn es in Kontakt mit Fl\u00fcssigkeiten kommt. Die Expansion des Gewebes erfolgt passiv mit konstantem Druck von ca. 20-30 mm\/Hg (die Vorrichtung nimmt das Fluid aus dem umgebenden Gewebe auf). Geschwindigkeit und Dauer der Ausdehnung h\u00e4ngen von der verf\u00fcgbaren Feuchtigkeit und dem Gegendruck der umgebenden Gewebe ab.<br \/>\nDer mechanische Expander ist ein Conformer aus PMMA, an dem eine orthodontische Schraube angesetzt wird, mit der die Spannung an den Bindenhautgew\u00f6lben geregelt wird.<br \/>\nDer Hauptnachteil dieses Implantats besteht darin, dass die Bindehautgew\u00f6lbe nur geringf\u00fcgig von der mechanischen Wirkung betroffen werden, die stattdessen haupts\u00e4chlich auf die Knochenstrukturen der Orbita einwirkt, wobei es in manchen F\u00e4llen zu Verformungen der Orbita kommt.[\/vc_column_text][vc_separator color=&#8220;turquoise&#8220; align=&#8220;align_center&#8220; style=&#8220;&#8220; border_width=&#8220;2&#8243; el_width=&#8220;&#8220;][vc_column_text]Der\u00a0<strong>mechanische Expander <\/strong> ist ein Conformer aus PMMA, an dem eine orthodontische Schraube angesetzt wird, mit der die Spannung an den Bindenhautgew\u00f6lben geregelt wird.<br \/>\nDer Hauptnachteil dieses Implantats besteht darin, dass die Bindehautgew\u00f6lbe nur geringf\u00fcgig von der mechanischen Wirkung betroffen werden, die stattdessen haupts\u00e4chlich auf die Knochenstrukturen der Orbita einwirkt, wobei es in manchen F\u00e4llen zu Verformungen der Orbita kommt.[\/vc_column_text][\/vc_column][vc_column width=&#8220;1\/3&#8243;][vc_column_text]<\/p>\n<p><a href=\"https:\/\/www.dalpasso.it\/wp-content\/uploads\/2015\/07\/Orbital-expander02.jpg\" class=\"thickbox no_icon\"><img loading=\"lazy\" decoding=\"async\" class=\"alignnone wp-image-6630 \" src=\"https:\/\/www.dalpasso.it\/wp-content\/uploads\/2015\/07\/Orbital-expander02-300x243.jpg\" alt=\"Espansore orbitale\" width=\"277\" height=\"224\" srcset=\"https:\/\/www.dalpasso.it\/wp-content\/uploads\/2015\/07\/Orbital-expander02-300x243.jpg 300w, https:\/\/www.dalpasso.it\/wp-content\/uploads\/2015\/07\/Orbital-expander02.jpg 768w\" sizes=\"auto, (max-width: 277px) 100vw, 277px\" \/><\/a><\/p>\n<p>[\/vc_column_text][vc_column_text]<\/p>\n<p><a href=\"https:\/\/www.dalpasso.it\/wp-content\/uploads\/2015\/07\/Orbital-expander03.jpg\" class=\"thickbox no_icon\"><img loading=\"lazy\" decoding=\"async\" class=\"alignnone size-full wp-image-6631\" src=\"https:\/\/www.dalpasso.it\/wp-content\/uploads\/2015\/07\/Orbital-expander03.jpg\" alt=\"Orbital expander03\" width=\"279\" height=\"214\" \/><\/a><\/p>\n<p>[\/vc_column_text][vc_column_text]<\/p>\n<p><a href=\"https:\/\/www.dalpasso.it\/wp-content\/uploads\/2015\/07\/Hydrogel-orbital-expander.jpg\" class=\"thickbox no_icon\"><img loading=\"lazy\" decoding=\"async\" class=\"alignnone size-medium wp-image-6634\" src=\"https:\/\/www.dalpasso.it\/wp-content\/uploads\/2015\/07\/Hydrogel-orbital-expander-300x130.jpg\" alt=\"Hydrogel orbital expander\" width=\"300\" height=\"130\" srcset=\"https:\/\/www.dalpasso.it\/wp-content\/uploads\/2015\/07\/Hydrogel-orbital-expander-300x130.jpg 300w, https:\/\/www.dalpasso.it\/wp-content\/uploads\/2015\/07\/Hydrogel-orbital-expander.jpg 599w\" sizes=\"auto, (max-width: 300px) 100vw, 300px\" \/><\/a><\/p>\n<p>[\/vc_column_text][\/vc_column][\/vc_row][vc_row][vc_column][vc_column_text]<\/p>\n<p>[\/vc_column_text][\/vc_column][\/vc_row]<\/div>","protected":false},"excerpt":{"rendered":"<p>[vc_row][vc_column width=&#8220;2\/3&#8243;][vc_separator color=&#8220;turquoise&#8220; align=&#8220;align_center&#8220; border_width=&#8220;2&#8243;][vc_column_text]Der Orbita-Expander ist ein Implantat, das sich progressiv im Innern der anophthalmischen H\u00f6hle ausdehnen soll. Es besteht aus einem expandierbaren und flexiblen Ballon, der mithilfe einer Titanplatte positioniert wird, die mit Schrauben an der Seitenwand der Orbita verankert wird. Da so positionierte Implantat ist selbstzentrierend und wird mit einer Spritze schrittweise [&hellip;]<\/p>\n","protected":false},"author":1,"featured_media":0,"parent":11200,"menu_order":0,"comment_status":"closed","ping_status":"closed","template":"","meta":{"footnotes":""},"class_list":["post-11214","page","type-page","status-publish","hentry"],"yoast_head":"<!-- This site is optimized with the Yoast SEO plugin v27.1.1 - https:\/\/yoast.com\/product\/yoast-seo-wordpress\/ -->\n<title>EXPANDIERBARER ORBITALER PLATZHALTER | Dalpasso protesi oculari<\/title>\n<meta name=\"robots\" content=\"index, follow, max-snippet:-1, max-image-preview:large, max-video-preview:-1\" \/>\n<link rel=\"canonical\" href=\"https:\/\/www.dalpasso.it\/de\/info\/implantate\/expandierbarer-orbitaler-platzhalter\/\" \/>\n<meta property=\"og:locale\" content=\"de_DE\" \/>\n<meta property=\"og:type\" content=\"article\" \/>\n<meta property=\"og:title\" content=\"EXPANDIERBARER ORBITALER PLATZHALTER | Dalpasso protesi oculari\" \/>\n<meta property=\"og:description\" content=\"[vc_row][vc_column width=&#8220;2\/3&#8243;][vc_separator color=&#8220;turquoise&#8220; align=&#8220;align_center&#8220; border_width=&#8220;2&#8243;][vc_column_text]Der Orbita-Expander ist ein Implantat, das sich progressiv im Innern der anophthalmischen H\u00f6hle ausdehnen soll. Es besteht aus einem expandierbaren und flexiblen Ballon, der mithilfe einer Titanplatte positioniert wird, die mit Schrauben an der Seitenwand der Orbita verankert wird. Da so positionierte Implantat ist selbstzentrierend und wird mit einer Spritze schrittweise [&hellip;]\" \/>\n<meta property=\"og:url\" content=\"https:\/\/www.dalpasso.it\/de\/info\/implantate\/expandierbarer-orbitaler-platzhalter\/\" \/>\n<meta property=\"og:site_name\" content=\"Dalpasso protesi oculari\" \/>\n<meta property=\"article:modified_time\" content=\"2015-12-15T10:14:08+00:00\" \/>\n<meta property=\"og:image\" content=\"https:\/\/www.dalpasso.it\/wp-content\/uploads\/2015\/07\/Orbital-expander02.jpg\" \/>\n\t<meta property=\"og:image:width\" content=\"768\" \/>\n\t<meta property=\"og:image:height\" content=\"621\" \/>\n\t<meta property=\"og:image:type\" content=\"image\/jpeg\" \/>\n<meta name=\"twitter:card\" content=\"summary_large_image\" \/>\n<meta name=\"twitter:label1\" content=\"Gesch\u00e4tzte Lesezeit\" \/>\n\t<meta name=\"twitter:data1\" content=\"2\u00a0Minuten\" \/>\n<script type=\"application\/ld+json\" class=\"yoast-schema-graph\">{\"@context\":\"https:\/\/schema.org\",\"@graph\":[{\"@type\":\"WebPage\",\"@id\":\"https:\/\/www.dalpasso.it\/de\/info\/implantate\/expandierbarer-orbitaler-platzhalter\/\",\"url\":\"https:\/\/www.dalpasso.it\/de\/info\/implantate\/expandierbarer-orbitaler-platzhalter\/\",\"name\":\"EXPANDIERBARER ORBITALER PLATZHALTER | Dalpasso protesi oculari\",\"isPartOf\":{\"@id\":\"https:\/\/www.dalpasso.it\/de\/#website\"},\"primaryImageOfPage\":{\"@id\":\"https:\/\/www.dalpasso.it\/de\/info\/implantate\/expandierbarer-orbitaler-platzhalter\/#primaryimage\"},\"image\":{\"@id\":\"https:\/\/www.dalpasso.it\/de\/info\/implantate\/expandierbarer-orbitaler-platzhalter\/#primaryimage\"},\"thumbnailUrl\":\"https:\/\/www.dalpasso.it\/wp-content\/uploads\/2015\/07\/Orbital-expander02-300x243.jpg\",\"datePublished\":\"2015-11-20T11:34:09+00:00\",\"dateModified\":\"2015-12-15T10:14:08+00:00\",\"breadcrumb\":{\"@id\":\"https:\/\/www.dalpasso.it\/de\/info\/implantate\/expandierbarer-orbitaler-platzhalter\/#breadcrumb\"},\"inLanguage\":\"de\",\"potentialAction\":[{\"@type\":\"ReadAction\",\"target\":[\"https:\/\/www.dalpasso.it\/de\/info\/implantate\/expandierbarer-orbitaler-platzhalter\/\"]}]},{\"@type\":\"ImageObject\",\"inLanguage\":\"de\",\"@id\":\"https:\/\/www.dalpasso.it\/de\/info\/implantate\/expandierbarer-orbitaler-platzhalter\/#primaryimage\",\"url\":\"https:\/\/www.dalpasso.it\/wp-content\/uploads\/2015\/07\/Orbital-expander02-300x243.jpg\",\"contentUrl\":\"https:\/\/www.dalpasso.it\/wp-content\/uploads\/2015\/07\/Orbital-expander02-300x243.jpg\"},{\"@type\":\"BreadcrumbList\",\"@id\":\"https:\/\/www.dalpasso.it\/de\/info\/implantate\/expandierbarer-orbitaler-platzhalter\/#breadcrumb\",\"itemListElement\":[{\"@type\":\"ListItem\",\"position\":1,\"name\":\"Home\",\"item\":\"https:\/\/www.dalpasso.it\/de\/home\/\"},{\"@type\":\"ListItem\",\"position\":2,\"name\":\"INFO\",\"item\":\"https:\/\/www.dalpasso.it\/de\/info\/\"},{\"@type\":\"ListItem\",\"position\":3,\"name\":\"IMPLANTATE\",\"item\":\"https:\/\/www.dalpasso.it\/de\/info\/implantate\/\"},{\"@type\":\"ListItem\",\"position\":4,\"name\":\"EXPANDIERBARER ORBITALER PLATZHALTER\"}]},{\"@type\":\"WebSite\",\"@id\":\"https:\/\/www.dalpasso.it\/de\/#website\",\"url\":\"https:\/\/www.dalpasso.it\/de\/\",\"name\":\"DALPASSO Protesi Oculari\",\"description\":\"\",\"potentialAction\":[{\"@type\":\"SearchAction\",\"target\":{\"@type\":\"EntryPoint\",\"urlTemplate\":\"https:\/\/www.dalpasso.it\/de\/?s={search_term_string}\"},\"query-input\":{\"@type\":\"PropertyValueSpecification\",\"valueRequired\":true,\"valueName\":\"search_term_string\"}}],\"inLanguage\":\"de\"}]}<\/script>\n<!-- \/ Yoast SEO plugin. -->","yoast_head_json":{"title":"EXPANDIERBARER ORBITALER PLATZHALTER | Dalpasso protesi oculari","robots":{"index":"index","follow":"follow","max-snippet":"max-snippet:-1","max-image-preview":"max-image-preview:large","max-video-preview":"max-video-preview:-1"},"canonical":"https:\/\/www.dalpasso.it\/de\/info\/implantate\/expandierbarer-orbitaler-platzhalter\/","og_locale":"de_DE","og_type":"article","og_title":"EXPANDIERBARER ORBITALER PLATZHALTER | Dalpasso protesi oculari","og_description":"[vc_row][vc_column width=&#8220;2\/3&#8243;][vc_separator color=&#8220;turquoise&#8220; align=&#8220;align_center&#8220; border_width=&#8220;2&#8243;][vc_column_text]Der Orbita-Expander ist ein Implantat, das sich progressiv im Innern der anophthalmischen H\u00f6hle ausdehnen soll. Es besteht aus einem expandierbaren und flexiblen Ballon, der mithilfe einer Titanplatte positioniert wird, die mit Schrauben an der Seitenwand der Orbita verankert wird. Da so positionierte Implantat ist selbstzentrierend und wird mit einer Spritze schrittweise [&hellip;]","og_url":"https:\/\/www.dalpasso.it\/de\/info\/implantate\/expandierbarer-orbitaler-platzhalter\/","og_site_name":"Dalpasso protesi oculari","article_modified_time":"2015-12-15T10:14:08+00:00","og_image":[{"width":768,"height":621,"url":"https:\/\/www.dalpasso.it\/wp-content\/uploads\/2015\/07\/Orbital-expander02.jpg","type":"image\/jpeg"}],"twitter_card":"summary_large_image","twitter_misc":{"Gesch\u00e4tzte Lesezeit":"2\u00a0Minuten"},"schema":{"@context":"https:\/\/schema.org","@graph":[{"@type":"WebPage","@id":"https:\/\/www.dalpasso.it\/de\/info\/implantate\/expandierbarer-orbitaler-platzhalter\/","url":"https:\/\/www.dalpasso.it\/de\/info\/implantate\/expandierbarer-orbitaler-platzhalter\/","name":"EXPANDIERBARER ORBITALER PLATZHALTER | Dalpasso protesi oculari","isPartOf":{"@id":"https:\/\/www.dalpasso.it\/de\/#website"},"primaryImageOfPage":{"@id":"https:\/\/www.dalpasso.it\/de\/info\/implantate\/expandierbarer-orbitaler-platzhalter\/#primaryimage"},"image":{"@id":"https:\/\/www.dalpasso.it\/de\/info\/implantate\/expandierbarer-orbitaler-platzhalter\/#primaryimage"},"thumbnailUrl":"https:\/\/www.dalpasso.it\/wp-content\/uploads\/2015\/07\/Orbital-expander02-300x243.jpg","datePublished":"2015-11-20T11:34:09+00:00","dateModified":"2015-12-15T10:14:08+00:00","breadcrumb":{"@id":"https:\/\/www.dalpasso.it\/de\/info\/implantate\/expandierbarer-orbitaler-platzhalter\/#breadcrumb"},"inLanguage":"de","potentialAction":[{"@type":"ReadAction","target":["https:\/\/www.dalpasso.it\/de\/info\/implantate\/expandierbarer-orbitaler-platzhalter\/"]}]},{"@type":"ImageObject","inLanguage":"de","@id":"https:\/\/www.dalpasso.it\/de\/info\/implantate\/expandierbarer-orbitaler-platzhalter\/#primaryimage","url":"https:\/\/www.dalpasso.it\/wp-content\/uploads\/2015\/07\/Orbital-expander02-300x243.jpg","contentUrl":"https:\/\/www.dalpasso.it\/wp-content\/uploads\/2015\/07\/Orbital-expander02-300x243.jpg"},{"@type":"BreadcrumbList","@id":"https:\/\/www.dalpasso.it\/de\/info\/implantate\/expandierbarer-orbitaler-platzhalter\/#breadcrumb","itemListElement":[{"@type":"ListItem","position":1,"name":"Home","item":"https:\/\/www.dalpasso.it\/de\/home\/"},{"@type":"ListItem","position":2,"name":"INFO","item":"https:\/\/www.dalpasso.it\/de\/info\/"},{"@type":"ListItem","position":3,"name":"IMPLANTATE","item":"https:\/\/www.dalpasso.it\/de\/info\/implantate\/"},{"@type":"ListItem","position":4,"name":"EXPANDIERBARER ORBITALER PLATZHALTER"}]},{"@type":"WebSite","@id":"https:\/\/www.dalpasso.it\/de\/#website","url":"https:\/\/www.dalpasso.it\/de\/","name":"DALPASSO Protesi Oculari","description":"","potentialAction":[{"@type":"SearchAction","target":{"@type":"EntryPoint","urlTemplate":"https:\/\/www.dalpasso.it\/de\/?s={search_term_string}"},"query-input":{"@type":"PropertyValueSpecification","valueRequired":true,"valueName":"search_term_string"}}],"inLanguage":"de"}]}},"_links":{"self":[{"href":"https:\/\/www.dalpasso.it\/de\/wp-json\/wp\/v2\/pages\/11214","targetHints":{"allow":["GET"]}}],"collection":[{"href":"https:\/\/www.dalpasso.it\/de\/wp-json\/wp\/v2\/pages"}],"about":[{"href":"https:\/\/www.dalpasso.it\/de\/wp-json\/wp\/v2\/types\/page"}],"author":[{"embeddable":true,"href":"https:\/\/www.dalpasso.it\/de\/wp-json\/wp\/v2\/users\/1"}],"replies":[{"embeddable":true,"href":"https:\/\/www.dalpasso.it\/de\/wp-json\/wp\/v2\/comments?post=11214"}],"version-history":[{"count":4,"href":"https:\/\/www.dalpasso.it\/de\/wp-json\/wp\/v2\/pages\/11214\/revisions"}],"predecessor-version":[{"id":14025,"href":"https:\/\/www.dalpasso.it\/de\/wp-json\/wp\/v2\/pages\/11214\/revisions\/14025"}],"up":[{"embeddable":true,"href":"https:\/\/www.dalpasso.it\/de\/wp-json\/wp\/v2\/pages\/11200"}],"wp:attachment":[{"href":"https:\/\/www.dalpasso.it\/de\/wp-json\/wp\/v2\/media?parent=11214"}],"curies":[{"name":"wp","href":"https:\/\/api.w.org\/{rel}","templated":true}]}}