{"id":11200,"date":"2015-11-20T12:15:02","date_gmt":"2015-11-20T11:15:02","guid":{"rendered":"http:\/\/www.dalpasso.it\/de\/?page_id=11200"},"modified":"2015-11-25T18:26:20","modified_gmt":"2015-11-25T17:26:20","slug":"implantate","status":"publish","type":"page","link":"https:\/\/www.dalpasso.it\/de\/info\/implantate\/","title":{"rendered":"IMPLANTATE"},"content":{"rendered":"<div class=\"wpb-content-wrapper\"><\/div><\/div><\/div><\/div>\r\n\t<div class=\" \" style=\" width: 100%; margin-top:-41px; margin-bottom: 40px;\">\r\n\t\t<div class=\"home_paralax\" style=\"background-image:url('https:\/\/www.dalpasso.it\/wp-content\/uploads\/2015\/07\/IMG_8897.jpg'); !important; padding-top:150px; padding-bottom:150px\" data-type=\"background\" >\r\n\t\t\t<div class=\"main_content_area\" style=\"padding:0px;\">\r\n\t\t\t\t<div class=\"container oi_break\">\r\n\t\t\t\t\t<\/p>\n<div class=\"oi_caption\">Bei der Enukleation besteht das Implantat aus einer Vorrichtung, die in der Tenonschen Kapsel positioniert oder von einer Spenderlederhaut \u00fcberzogen wird, bei der Eviszeration hingegen wird es in die eigene Lederhaut des Patienten eingesetzt. Sein Zweck besteht darin, die Restbewegung der au\u00dferhalb der Augenprothese befindlichen Muskeln zu \u00fcbertragen und die Augenh\u00f6hle, die den Bulbus und die endoorbitalen Strukturen verloren hat, auszuf\u00fcllen. Es wird aus biokompatiblem und inertem oder autogenem (d.h. aus demselben Organismus entnommen, in den es implantiert wird) Material hergestellt.<\/div>\n<p>\r\n\t\t\t\t<\/div>\r\n\t\t\t<\/div>\r\n\t\t<\/div>\r\n\t\t\t\r\n\t<\/div>\r\n\t<div class=\"main_content_area\">\r\n\t\t<div class=\"container\">\r\n\t\t\t<div class=\"row\">\r\n            \t<div class=\"col-md-12\">[vc_row][vc_column width=&#8220;1\/1&#8243;][vc_separator color=&#8220;turquoise&#8220; align=&#8220;align_center&#8220; border_width=&#8220;2&#8243;][vc_column_text]<\/p>\n<p>Aus chronologischer Sicht kann die Positionierung des Implantats <strong>prim\u00e4r<\/strong> (d.h. gleichzeitig mit Entfernung des Bulbus) oder <strong>sekund\u00e4r<\/strong> erfolgen (nach dem Eingriff zur Entfernung des Bulbus, um die leere H\u00f6hle zu f\u00fcllen oder ein Bewegungsdefizit zu korrigieren).\u00a0Abgesehen von Implantaten f\u00fcr die Beweglichkeit der Augenprothese gibt es andere, die f\u00fcr die Rekonstruktion von Orbitafrakturen verwendet werden (z.B. bei sogenanntem \u201eBlow-out\u201c des Orbitabodens).\u00a0Das Implantat kann frei positioniert werden oder es wird mit autologem, synthetischem oder heterologem (von Spender) Material <strong>\u00fcberzogen<\/strong>.<\/p>\n<p>[\/vc_column_text][vc_separator color=&#8220;turquoise&#8220; align=&#8220;align_center&#8220; border_width=&#8220;2&#8243;][\/vc_column][\/vc_row][vc_row][vc_column width=&#8220;1\/4&#8243;][vc_single_image border_color=&#8220;grey&#8220; img_link_target=&#8220;_self&#8220; image=&#8220;6615&#8243; img_size=&#8220;thumbnail&#8220; img_link_large=&#8220;&#8220;][vc_column_text]<\/p>\n<p><a href=\"https:\/\/www.dalpasso.it\/de\/info\/implantate\/fester-orbitaler-platzhalter\/\"><strong>ORBITALER PLATZHALTER F\u00dcR P\u00c4DIATRIE AUS PMMA\u00a0<\/strong><\/a><\/p>\n<p>[\/vc_column_text][\/vc_column][vc_column width=&#8220;1\/4&#8243;][vc_single_image border_color=&#8220;grey&#8220; img_link_target=&#8220;_self&#8220; image=&#8220;6631&#8243; img_size=&#8220;thumbnail&#8220; img_link_large=&#8220;&#8220;][vc_column_text]<\/p>\n<p><strong><a title=\"Conformatore orbitale espandibile\" href=\"https:\/\/www.dalpasso.it\/de\/info\/implantate\/expandierbarer-orbitaler-platzhalter\/\">EXPANDIERBARER ORBITALER PLATZHALTER F\u00dcR P\u00c4DIATRIE<\/a><\/strong><\/p>\n<p>[\/vc_column_text][\/vc_column][vc_column width=&#8220;1\/4&#8243;][vc_single_image border_color=&#8220;grey&#8220; img_link_target=&#8220;_self&#8220; image=&#8220;6611&#8243; img_size=&#8220;thumbnail&#8220; img_link_large=&#8220;&#8220;][vc_column_text]<\/p>\n<p><strong><a title=\"Conformatori post-operatori\" href=\"https:\/\/www.dalpasso.it\/de\/info\/implantate\/postoperative-platzhalter\/\">POSTOPERATIVER PLATZHALTER\u00a0<\/a><\/strong><\/p>\n<p>[\/vc_column_text][\/vc_column][vc_column width=&#8220;1\/4&#8243;][vc_single_image image=&#8220;6649&#8243; border_color=&#8220;grey&#8220; img_link_target=&#8220;_self&#8220; img_size=&#8220;thumbnail&#8220; img_link_large=&#8220;&#8220;][vc_column_text]<\/p>\n<p><strong><a title=\"Guthoff\" href=\"https:\/\/www.dalpasso.it\/de\/info\/implantate\/implantat-nach-guthoff\/\">GUTHOFF-PLOMBE<\/a><\/strong><\/p>\n<p>[\/vc_column_text][\/vc_column][\/vc_row][vc_row][vc_column width=&#8220;1\/4&#8243;][vc_single_image border_color=&#8220;grey&#8220; img_link_target=&#8220;_self&#8220; image=&#8220;6650&#8243; img_size=&#8220;thumbnail&#8220; img_link_large=&#8220;&#8220;][vc_column_text]<\/p>\n<p><strong><a title=\"Idrossiapatite\" href=\"https:\/\/www.dalpasso.it\/de\/info\/implantate\/implantat-aus-hydroxylapatit\/\">IMPLANTAT AUS HYDROXYLAPATIT<\/a><\/strong><\/p>\n<p>[\/vc_column_text][\/vc_column][vc_column width=&#8220;1\/4&#8243;][vc_single_image border_color=&#8220;grey&#8220; img_link_target=&#8220;_self&#8220; image=&#8220;6652&#8243; img_size=&#8220;thumbnail&#8220; img_link_large=&#8220;&#8220;][vc_column_text]<\/p>\n<p><strong><a href=\"https:\/\/www.dalpasso.it\/de\/info\/implantate\/implantat-aus-medpor-poroeses-polyethylen-mit-hoher-dichte\/\">IMPLANTAT AUS MEDPOR<\/a><\/strong><\/p>\n<p>[\/vc_column_text][\/vc_column][vc_column width=&#8220;1\/4&#8243;][vc_single_image border_color=&#8220;grey&#8220; img_link_target=&#8220;_self&#8220; image=&#8220;6653&#8243; img_size=&#8220;thumbnail&#8220; img_link_large=&#8220;&#8220;][vc_column_text]<\/p>\n<p><strong><a href=\"https:\/\/www.dalpasso.it\/de\/info\/implantate\/implantat-nach-allen\/\">ALLEN-IMPLANTAT<\/a><\/strong><\/p>\n<p>[\/vc_column_text][\/vc_column][vc_column width=&#8220;1\/4&#8243;][vc_single_image image=&#8220;6654&#8243; border_color=&#8220;grey&#8220; img_link_target=&#8220;_self&#8220; img_size=&#8220;thumbnail&#8220; img_link_large=&#8220;&#8220;][vc_column_text]<\/p>\n<p><strong><a href=\"https:\/\/www.dalpasso.it\/de\/info\/implantate\/kugelimplantat-aus-pmma-und-silikon\/\">KUGELIMPLANTAT AUS SILIKON ODER PMMA<\/a><\/strong><\/p>\n<p>[\/vc_column_text][\/vc_column][\/vc_row]<\/div>","protected":false},"excerpt":{"rendered":"<p>[vc_row full_width=&#8220;&#8220; parallax=&#8220;&#8220; parallax_image=&#8220;&#8220;][vc_column width=&#8220;1\/1&#8243;][\/vc_column][\/vc_row][vc_row][vc_column width=&#8220;1\/1&#8243;][vc_separator color=&#8220;turquoise&#8220; align=&#8220;align_center&#8220; border_width=&#8220;2&#8243;][vc_column_text] Aus chronologischer Sicht kann die Positionierung des Implantats prim\u00e4r (d.h. gleichzeitig mit Entfernung des Bulbus) oder sekund\u00e4r erfolgen (nach dem Eingriff zur Entfernung des Bulbus, um die leere H\u00f6hle zu f\u00fcllen oder ein Bewegungsdefizit zu korrigieren).\u00a0Abgesehen von Implantaten f\u00fcr die Beweglichkeit der Augenprothese gibt es andere, [&hellip;]<\/p>\n","protected":false},"author":1,"featured_media":0,"parent":11160,"menu_order":0,"comment_status":"closed","ping_status":"closed","template":"","meta":{"footnotes":""},"class_list":["post-11200","page","type-page","status-publish","hentry"],"yoast_head":"<!-- This site is optimized with the Yoast SEO plugin v27.1.1 - https:\/\/yoast.com\/product\/yoast-seo-wordpress\/ -->\n<title>IMPLANTATE | Dalpasso protesi oculari<\/title>\n<meta name=\"robots\" content=\"index, follow, max-snippet:-1, max-image-preview:large, max-video-preview:-1\" \/>\n<link rel=\"canonical\" href=\"https:\/\/www.dalpasso.it\/de\/info\/implantate\/\" \/>\n<meta property=\"og:locale\" content=\"de_DE\" \/>\n<meta property=\"og:type\" content=\"article\" \/>\n<meta property=\"og:title\" content=\"IMPLANTATE | Dalpasso protesi oculari\" \/>\n<meta property=\"og:description\" content=\"[vc_row full_width=&#8220;&#8220; parallax=&#8220;&#8220; parallax_image=&#8220;&#8220;][vc_column width=&#8220;1\/1&#8243;][\/vc_column][\/vc_row][vc_row][vc_column width=&#8220;1\/1&#8243;][vc_separator color=&#8220;turquoise&#8220; align=&#8220;align_center&#8220; border_width=&#8220;2&#8243;][vc_column_text] Aus chronologischer Sicht kann die Positionierung des Implantats prim\u00e4r (d.h. gleichzeitig mit Entfernung des Bulbus) oder sekund\u00e4r erfolgen (nach dem Eingriff zur Entfernung des Bulbus, um die leere H\u00f6hle zu f\u00fcllen oder ein Bewegungsdefizit zu korrigieren).\u00a0Abgesehen von Implantaten f\u00fcr die Beweglichkeit der Augenprothese gibt es andere, [&hellip;]\" \/>\n<meta property=\"og:url\" content=\"https:\/\/www.dalpasso.it\/de\/info\/implantate\/\" \/>\n<meta property=\"og:site_name\" content=\"Dalpasso protesi oculari\" \/>\n<meta property=\"article:modified_time\" content=\"2015-11-25T17:26:20+00:00\" \/>\n<meta name=\"twitter:card\" content=\"summary_large_image\" \/>\n<meta name=\"twitter:label1\" content=\"Gesch\u00e4tzte Lesezeit\" \/>\n\t<meta name=\"twitter:data1\" content=\"3\u00a0Minuten\" \/>\n<script type=\"application\/ld+json\" class=\"yoast-schema-graph\">{\"@context\":\"https:\/\/schema.org\",\"@graph\":[{\"@type\":\"WebPage\",\"@id\":\"https:\/\/www.dalpasso.it\/de\/info\/implantate\/\",\"url\":\"https:\/\/www.dalpasso.it\/de\/info\/implantate\/\",\"name\":\"IMPLANTATE | Dalpasso protesi oculari\",\"isPartOf\":{\"@id\":\"https:\/\/www.dalpasso.it\/de\/#website\"},\"datePublished\":\"2015-11-20T11:15:02+00:00\",\"dateModified\":\"2015-11-25T17:26:20+00:00\",\"breadcrumb\":{\"@id\":\"https:\/\/www.dalpasso.it\/de\/info\/implantate\/#breadcrumb\"},\"inLanguage\":\"de\",\"potentialAction\":[{\"@type\":\"ReadAction\",\"target\":[\"https:\/\/www.dalpasso.it\/de\/info\/implantate\/\"]}]},{\"@type\":\"BreadcrumbList\",\"@id\":\"https:\/\/www.dalpasso.it\/de\/info\/implantate\/#breadcrumb\",\"itemListElement\":[{\"@type\":\"ListItem\",\"position\":1,\"name\":\"Home\",\"item\":\"https:\/\/www.dalpasso.it\/de\/home\/\"},{\"@type\":\"ListItem\",\"position\":2,\"name\":\"INFO\",\"item\":\"https:\/\/www.dalpasso.it\/de\/info\/\"},{\"@type\":\"ListItem\",\"position\":3,\"name\":\"IMPLANTATE\"}]},{\"@type\":\"WebSite\",\"@id\":\"https:\/\/www.dalpasso.it\/de\/#website\",\"url\":\"https:\/\/www.dalpasso.it\/de\/\",\"name\":\"DALPASSO Protesi Oculari\",\"description\":\"\",\"potentialAction\":[{\"@type\":\"SearchAction\",\"target\":{\"@type\":\"EntryPoint\",\"urlTemplate\":\"https:\/\/www.dalpasso.it\/de\/?s={search_term_string}\"},\"query-input\":{\"@type\":\"PropertyValueSpecification\",\"valueRequired\":true,\"valueName\":\"search_term_string\"}}],\"inLanguage\":\"de\"}]}<\/script>\n<!-- \/ Yoast SEO plugin. -->","yoast_head_json":{"title":"IMPLANTATE | Dalpasso protesi oculari","robots":{"index":"index","follow":"follow","max-snippet":"max-snippet:-1","max-image-preview":"max-image-preview:large","max-video-preview":"max-video-preview:-1"},"canonical":"https:\/\/www.dalpasso.it\/de\/info\/implantate\/","og_locale":"de_DE","og_type":"article","og_title":"IMPLANTATE | Dalpasso protesi oculari","og_description":"[vc_row full_width=&#8220;&#8220; parallax=&#8220;&#8220; parallax_image=&#8220;&#8220;][vc_column width=&#8220;1\/1&#8243;][\/vc_column][\/vc_row][vc_row][vc_column width=&#8220;1\/1&#8243;][vc_separator color=&#8220;turquoise&#8220; align=&#8220;align_center&#8220; border_width=&#8220;2&#8243;][vc_column_text] Aus chronologischer Sicht kann die Positionierung des Implantats prim\u00e4r (d.h. gleichzeitig mit Entfernung des Bulbus) oder sekund\u00e4r erfolgen (nach dem Eingriff zur Entfernung des Bulbus, um die leere H\u00f6hle zu f\u00fcllen oder ein Bewegungsdefizit zu korrigieren).\u00a0Abgesehen von Implantaten f\u00fcr die Beweglichkeit der Augenprothese gibt es andere, [&hellip;]","og_url":"https:\/\/www.dalpasso.it\/de\/info\/implantate\/","og_site_name":"Dalpasso protesi oculari","article_modified_time":"2015-11-25T17:26:20+00:00","twitter_card":"summary_large_image","twitter_misc":{"Gesch\u00e4tzte Lesezeit":"3\u00a0Minuten"},"schema":{"@context":"https:\/\/schema.org","@graph":[{"@type":"WebPage","@id":"https:\/\/www.dalpasso.it\/de\/info\/implantate\/","url":"https:\/\/www.dalpasso.it\/de\/info\/implantate\/","name":"IMPLANTATE | Dalpasso protesi oculari","isPartOf":{"@id":"https:\/\/www.dalpasso.it\/de\/#website"},"datePublished":"2015-11-20T11:15:02+00:00","dateModified":"2015-11-25T17:26:20+00:00","breadcrumb":{"@id":"https:\/\/www.dalpasso.it\/de\/info\/implantate\/#breadcrumb"},"inLanguage":"de","potentialAction":[{"@type":"ReadAction","target":["https:\/\/www.dalpasso.it\/de\/info\/implantate\/"]}]},{"@type":"BreadcrumbList","@id":"https:\/\/www.dalpasso.it\/de\/info\/implantate\/#breadcrumb","itemListElement":[{"@type":"ListItem","position":1,"name":"Home","item":"https:\/\/www.dalpasso.it\/de\/home\/"},{"@type":"ListItem","position":2,"name":"INFO","item":"https:\/\/www.dalpasso.it\/de\/info\/"},{"@type":"ListItem","position":3,"name":"IMPLANTATE"}]},{"@type":"WebSite","@id":"https:\/\/www.dalpasso.it\/de\/#website","url":"https:\/\/www.dalpasso.it\/de\/","name":"DALPASSO Protesi Oculari","description":"","potentialAction":[{"@type":"SearchAction","target":{"@type":"EntryPoint","urlTemplate":"https:\/\/www.dalpasso.it\/de\/?s={search_term_string}"},"query-input":{"@type":"PropertyValueSpecification","valueRequired":true,"valueName":"search_term_string"}}],"inLanguage":"de"}]}},"_links":{"self":[{"href":"https:\/\/www.dalpasso.it\/de\/wp-json\/wp\/v2\/pages\/11200","targetHints":{"allow":["GET"]}}],"collection":[{"href":"https:\/\/www.dalpasso.it\/de\/wp-json\/wp\/v2\/pages"}],"about":[{"href":"https:\/\/www.dalpasso.it\/de\/wp-json\/wp\/v2\/types\/page"}],"author":[{"embeddable":true,"href":"https:\/\/www.dalpasso.it\/de\/wp-json\/wp\/v2\/users\/1"}],"replies":[{"embeddable":true,"href":"https:\/\/www.dalpasso.it\/de\/wp-json\/wp\/v2\/comments?post=11200"}],"version-history":[{"count":15,"href":"https:\/\/www.dalpasso.it\/de\/wp-json\/wp\/v2\/pages\/11200\/revisions"}],"predecessor-version":[{"id":11673,"href":"https:\/\/www.dalpasso.it\/de\/wp-json\/wp\/v2\/pages\/11200\/revisions\/11673"}],"up":[{"embeddable":true,"href":"https:\/\/www.dalpasso.it\/de\/wp-json\/wp\/v2\/pages\/11160"}],"wp:attachment":[{"href":"https:\/\/www.dalpasso.it\/de\/wp-json\/wp\/v2\/media?parent=11200"}],"curies":[{"name":"wp","href":"https:\/\/api.w.org\/{rel}","templated":true}]}}