{"id":11104,"date":"2015-11-19T17:11:16","date_gmt":"2015-11-19T16:11:16","guid":{"rendered":"http:\/\/www.dalpasso.it\/de\/?page_id=11104"},"modified":"2018-05-28T16:08:11","modified_gmt":"2018-05-28T14:08:11","slug":"regelmaessige-kontrollen","status":"publish","type":"page","link":"https:\/\/www.dalpasso.it\/de\/info\/was-sie-ueber-die-anpassung-ihrer-prothese-wissen-muessen\/regelmaessige-kontrollen\/","title":{"rendered":"REGELM\u00c4SSIGE KONTROLLEN"},"content":{"rendered":"<div class=\"wpb-content-wrapper\">[vc_row full_width=&#8220;&#8220; parallax=&#8220;&#8220; parallax_image=&#8220;&#8220;][vc_column width=&#8220;2\/3&#8243;][vc_column_text]<img loading=\"lazy\" decoding=\"async\" class=\"alignnone size-medium wp-image-4010\" src=\"https:\/\/www.dalpasso.it\/wp-content\/uploads\/2015\/07\/calendario1-300x234.jpg\" alt=\"calendario\" width=\"300\" height=\"234\" srcset=\"https:\/\/www.dalpasso.it\/wp-content\/uploads\/2015\/07\/calendario1-300x234.jpg 300w, https:\/\/www.dalpasso.it\/wp-content\/uploads\/2015\/07\/calendario1.jpg 1000w\" sizes=\"auto, (max-width: 300px) 100vw, 300px\" \/><\/p>\n<p>&nbsp;<\/p>\n<p>F\u00fcr eine korrekte Hygiene empfiehlt es sich, mindestens alle 12 Monate eine Kontrolle von Prothese und Augenh\u00f6hle oder Bulbus durchf\u00fchren zu lassen: Bei dieser Gelegenheit wird die Prothese poliert und einer gr\u00fcndlichen Desinfektion unterzogen.<br \/>\nDieser Vorgang dauert ca. eine Stunde und kann bei unseren Strukturen vorgenommen werden. Die Kosten tr\u00e4gt der Patient.<br \/>\nDie regelm\u00e4\u00dfige Kontrolle der Prothese darf jedoch NICHT die Kontrolle beim Augenarzt ERSETZEN, der bei Auftreten jeder Art von Symptomatik zu Rate zu ziehen ist.[\/vc_column_text][\/vc_column][vc_column width=&#8220;1\/3&#8243;][vc_column_text]<br \/>\n[\/vc_column_text][\/vc_column][\/vc_row]<\/div>","protected":false},"excerpt":{"rendered":"<p>[vc_row full_width=&#8220;&#8220; parallax=&#8220;&#8220; parallax_image=&#8220;&#8220;][vc_column width=&#8220;2\/3&#8243;][vc_column_text] &nbsp; F\u00fcr eine korrekte Hygiene empfiehlt es sich, mindestens alle 12 Monate eine Kontrolle von Prothese und Augenh\u00f6hle oder Bulbus durchf\u00fchren zu lassen: Bei dieser Gelegenheit wird die Prothese poliert und einer gr\u00fcndlichen Desinfektion unterzogen. Dieser Vorgang dauert ca. eine Stunde und kann bei unseren Strukturen vorgenommen werden. Die Kosten [&hellip;]<\/p>\n","protected":false},"author":1,"featured_media":15442,"parent":11162,"menu_order":22,"comment_status":"closed","ping_status":"closed","template":"","meta":{"footnotes":""},"class_list":["post-11104","page","type-page","status-publish","has-post-thumbnail","hentry"],"yoast_head":"<!-- This site is optimized with the Yoast SEO plugin v27.1.1 - https:\/\/yoast.com\/product\/yoast-seo-wordpress\/ -->\n<title>REGELM\u00c4SSIGE KONTROLLEN | Dalpasso protesi oculari<\/title>\n<meta name=\"robots\" content=\"index, follow, max-snippet:-1, max-image-preview:large, max-video-preview:-1\" \/>\n<link rel=\"canonical\" href=\"https:\/\/www.dalpasso.it\/de\/info\/was-sie-ueber-die-anpassung-ihrer-prothese-wissen-muessen\/regelmaessige-kontrollen\/\" \/>\n<meta property=\"og:locale\" content=\"de_DE\" \/>\n<meta property=\"og:type\" content=\"article\" \/>\n<meta property=\"og:title\" content=\"REGELM\u00c4SSIGE KONTROLLEN | Dalpasso protesi oculari\" \/>\n<meta property=\"og:description\" content=\"[vc_row full_width=&#8220;&#8220; parallax=&#8220;&#8220; parallax_image=&#8220;&#8220;][vc_column width=&#8220;2\/3&#8243;][vc_column_text] &nbsp; F\u00fcr eine korrekte Hygiene empfiehlt es sich, mindestens alle 12 Monate eine Kontrolle von Prothese und Augenh\u00f6hle oder Bulbus durchf\u00fchren zu lassen: Bei dieser Gelegenheit wird die Prothese poliert und einer gr\u00fcndlichen Desinfektion unterzogen. Dieser Vorgang dauert ca. eine Stunde und kann bei unseren Strukturen vorgenommen werden. Die Kosten [&hellip;]\" \/>\n<meta property=\"og:url\" content=\"https:\/\/www.dalpasso.it\/de\/info\/was-sie-ueber-die-anpassung-ihrer-prothese-wissen-muessen\/regelmaessige-kontrollen\/\" \/>\n<meta property=\"og:site_name\" content=\"Dalpasso protesi oculari\" \/>\n<meta property=\"article:modified_time\" content=\"2018-05-28T14:08:11+00:00\" \/>\n<meta property=\"og:image\" content=\"https:\/\/www.dalpasso.it\/wp-content\/uploads\/2018\/05\/hp-calendario.jpg\" \/>\n\t<meta property=\"og:image:width\" content=\"500\" \/>\n\t<meta property=\"og:image:height\" content=\"380\" \/>\n\t<meta property=\"og:image:type\" content=\"image\/jpeg\" \/>\n<meta name=\"twitter:card\" content=\"summary_large_image\" \/>\n<meta name=\"twitter:label1\" content=\"Gesch\u00e4tzte Lesezeit\" \/>\n\t<meta name=\"twitter:data1\" content=\"1\u00a0Minute\" \/>\n<script type=\"application\/ld+json\" class=\"yoast-schema-graph\">{\"@context\":\"https:\/\/schema.org\",\"@graph\":[{\"@type\":\"WebPage\",\"@id\":\"https:\/\/www.dalpasso.it\/de\/info\/was-sie-ueber-die-anpassung-ihrer-prothese-wissen-muessen\/regelmaessige-kontrollen\/\",\"url\":\"https:\/\/www.dalpasso.it\/de\/info\/was-sie-ueber-die-anpassung-ihrer-prothese-wissen-muessen\/regelmaessige-kontrollen\/\",\"name\":\"REGELM\u00c4SSIGE KONTROLLEN | Dalpasso protesi oculari\",\"isPartOf\":{\"@id\":\"https:\/\/www.dalpasso.it\/de\/#website\"},\"primaryImageOfPage\":{\"@id\":\"https:\/\/www.dalpasso.it\/de\/info\/was-sie-ueber-die-anpassung-ihrer-prothese-wissen-muessen\/regelmaessige-kontrollen\/#primaryimage\"},\"image\":{\"@id\":\"https:\/\/www.dalpasso.it\/de\/info\/was-sie-ueber-die-anpassung-ihrer-prothese-wissen-muessen\/regelmaessige-kontrollen\/#primaryimage\"},\"thumbnailUrl\":\"https:\/\/www.dalpasso.it\/wp-content\/uploads\/2018\/05\/hp-calendario.jpg\",\"datePublished\":\"2015-11-19T16:11:16+00:00\",\"dateModified\":\"2018-05-28T14:08:11+00:00\",\"breadcrumb\":{\"@id\":\"https:\/\/www.dalpasso.it\/de\/info\/was-sie-ueber-die-anpassung-ihrer-prothese-wissen-muessen\/regelmaessige-kontrollen\/#breadcrumb\"},\"inLanguage\":\"de\",\"potentialAction\":[{\"@type\":\"ReadAction\",\"target\":[\"https:\/\/www.dalpasso.it\/de\/info\/was-sie-ueber-die-anpassung-ihrer-prothese-wissen-muessen\/regelmaessige-kontrollen\/\"]}]},{\"@type\":\"ImageObject\",\"inLanguage\":\"de\",\"@id\":\"https:\/\/www.dalpasso.it\/de\/info\/was-sie-ueber-die-anpassung-ihrer-prothese-wissen-muessen\/regelmaessige-kontrollen\/#primaryimage\",\"url\":\"https:\/\/www.dalpasso.it\/wp-content\/uploads\/2018\/05\/hp-calendario.jpg\",\"contentUrl\":\"https:\/\/www.dalpasso.it\/wp-content\/uploads\/2018\/05\/hp-calendario.jpg\",\"width\":500,\"height\":380},{\"@type\":\"BreadcrumbList\",\"@id\":\"https:\/\/www.dalpasso.it\/de\/info\/was-sie-ueber-die-anpassung-ihrer-prothese-wissen-muessen\/regelmaessige-kontrollen\/#breadcrumb\",\"itemListElement\":[{\"@type\":\"ListItem\",\"position\":1,\"name\":\"Home\",\"item\":\"https:\/\/www.dalpasso.it\/de\/home\/\"},{\"@type\":\"ListItem\",\"position\":2,\"name\":\"INFO\",\"item\":\"https:\/\/www.dalpasso.it\/de\/info\/\"},{\"@type\":\"ListItem\",\"position\":3,\"name\":\"WAS SIE \u00dcBER DIE ANPASSUNG IHRER PROTHESE WISSEN M\u00dcSSEN\",\"item\":\"https:\/\/www.dalpasso.it\/de\/info\/was-sie-ueber-die-anpassung-ihrer-prothese-wissen-muessen\/\"},{\"@type\":\"ListItem\",\"position\":4,\"name\":\"REGELM\u00c4SSIGE KONTROLLEN\"}]},{\"@type\":\"WebSite\",\"@id\":\"https:\/\/www.dalpasso.it\/de\/#website\",\"url\":\"https:\/\/www.dalpasso.it\/de\/\",\"name\":\"DALPASSO Protesi Oculari\",\"description\":\"\",\"potentialAction\":[{\"@type\":\"SearchAction\",\"target\":{\"@type\":\"EntryPoint\",\"urlTemplate\":\"https:\/\/www.dalpasso.it\/de\/?s={search_term_string}\"},\"query-input\":{\"@type\":\"PropertyValueSpecification\",\"valueRequired\":true,\"valueName\":\"search_term_string\"}}],\"inLanguage\":\"de\"}]}<\/script>\n<!-- \/ Yoast SEO plugin. -->","yoast_head_json":{"title":"REGELM\u00c4SSIGE KONTROLLEN | Dalpasso protesi oculari","robots":{"index":"index","follow":"follow","max-snippet":"max-snippet:-1","max-image-preview":"max-image-preview:large","max-video-preview":"max-video-preview:-1"},"canonical":"https:\/\/www.dalpasso.it\/de\/info\/was-sie-ueber-die-anpassung-ihrer-prothese-wissen-muessen\/regelmaessige-kontrollen\/","og_locale":"de_DE","og_type":"article","og_title":"REGELM\u00c4SSIGE KONTROLLEN | Dalpasso protesi oculari","og_description":"[vc_row full_width=&#8220;&#8220; parallax=&#8220;&#8220; parallax_image=&#8220;&#8220;][vc_column width=&#8220;2\/3&#8243;][vc_column_text] &nbsp; F\u00fcr eine korrekte Hygiene empfiehlt es sich, mindestens alle 12 Monate eine Kontrolle von Prothese und Augenh\u00f6hle oder Bulbus durchf\u00fchren zu lassen: Bei dieser Gelegenheit wird die Prothese poliert und einer gr\u00fcndlichen Desinfektion unterzogen. Dieser Vorgang dauert ca. eine Stunde und kann bei unseren Strukturen vorgenommen werden. Die Kosten [&hellip;]","og_url":"https:\/\/www.dalpasso.it\/de\/info\/was-sie-ueber-die-anpassung-ihrer-prothese-wissen-muessen\/regelmaessige-kontrollen\/","og_site_name":"Dalpasso protesi oculari","article_modified_time":"2018-05-28T14:08:11+00:00","og_image":[{"width":500,"height":380,"url":"https:\/\/www.dalpasso.it\/wp-content\/uploads\/2018\/05\/hp-calendario.jpg","type":"image\/jpeg"}],"twitter_card":"summary_large_image","twitter_misc":{"Gesch\u00e4tzte Lesezeit":"1\u00a0Minute"},"schema":{"@context":"https:\/\/schema.org","@graph":[{"@type":"WebPage","@id":"https:\/\/www.dalpasso.it\/de\/info\/was-sie-ueber-die-anpassung-ihrer-prothese-wissen-muessen\/regelmaessige-kontrollen\/","url":"https:\/\/www.dalpasso.it\/de\/info\/was-sie-ueber-die-anpassung-ihrer-prothese-wissen-muessen\/regelmaessige-kontrollen\/","name":"REGELM\u00c4SSIGE KONTROLLEN | Dalpasso protesi oculari","isPartOf":{"@id":"https:\/\/www.dalpasso.it\/de\/#website"},"primaryImageOfPage":{"@id":"https:\/\/www.dalpasso.it\/de\/info\/was-sie-ueber-die-anpassung-ihrer-prothese-wissen-muessen\/regelmaessige-kontrollen\/#primaryimage"},"image":{"@id":"https:\/\/www.dalpasso.it\/de\/info\/was-sie-ueber-die-anpassung-ihrer-prothese-wissen-muessen\/regelmaessige-kontrollen\/#primaryimage"},"thumbnailUrl":"https:\/\/www.dalpasso.it\/wp-content\/uploads\/2018\/05\/hp-calendario.jpg","datePublished":"2015-11-19T16:11:16+00:00","dateModified":"2018-05-28T14:08:11+00:00","breadcrumb":{"@id":"https:\/\/www.dalpasso.it\/de\/info\/was-sie-ueber-die-anpassung-ihrer-prothese-wissen-muessen\/regelmaessige-kontrollen\/#breadcrumb"},"inLanguage":"de","potentialAction":[{"@type":"ReadAction","target":["https:\/\/www.dalpasso.it\/de\/info\/was-sie-ueber-die-anpassung-ihrer-prothese-wissen-muessen\/regelmaessige-kontrollen\/"]}]},{"@type":"ImageObject","inLanguage":"de","@id":"https:\/\/www.dalpasso.it\/de\/info\/was-sie-ueber-die-anpassung-ihrer-prothese-wissen-muessen\/regelmaessige-kontrollen\/#primaryimage","url":"https:\/\/www.dalpasso.it\/wp-content\/uploads\/2018\/05\/hp-calendario.jpg","contentUrl":"https:\/\/www.dalpasso.it\/wp-content\/uploads\/2018\/05\/hp-calendario.jpg","width":500,"height":380},{"@type":"BreadcrumbList","@id":"https:\/\/www.dalpasso.it\/de\/info\/was-sie-ueber-die-anpassung-ihrer-prothese-wissen-muessen\/regelmaessige-kontrollen\/#breadcrumb","itemListElement":[{"@type":"ListItem","position":1,"name":"Home","item":"https:\/\/www.dalpasso.it\/de\/home\/"},{"@type":"ListItem","position":2,"name":"INFO","item":"https:\/\/www.dalpasso.it\/de\/info\/"},{"@type":"ListItem","position":3,"name":"WAS SIE \u00dcBER DIE ANPASSUNG IHRER PROTHESE WISSEN M\u00dcSSEN","item":"https:\/\/www.dalpasso.it\/de\/info\/was-sie-ueber-die-anpassung-ihrer-prothese-wissen-muessen\/"},{"@type":"ListItem","position":4,"name":"REGELM\u00c4SSIGE KONTROLLEN"}]},{"@type":"WebSite","@id":"https:\/\/www.dalpasso.it\/de\/#website","url":"https:\/\/www.dalpasso.it\/de\/","name":"DALPASSO Protesi Oculari","description":"","potentialAction":[{"@type":"SearchAction","target":{"@type":"EntryPoint","urlTemplate":"https:\/\/www.dalpasso.it\/de\/?s={search_term_string}"},"query-input":{"@type":"PropertyValueSpecification","valueRequired":true,"valueName":"search_term_string"}}],"inLanguage":"de"}]}},"_links":{"self":[{"href":"https:\/\/www.dalpasso.it\/de\/wp-json\/wp\/v2\/pages\/11104","targetHints":{"allow":["GET"]}}],"collection":[{"href":"https:\/\/www.dalpasso.it\/de\/wp-json\/wp\/v2\/pages"}],"about":[{"href":"https:\/\/www.dalpasso.it\/de\/wp-json\/wp\/v2\/types\/page"}],"author":[{"embeddable":true,"href":"https:\/\/www.dalpasso.it\/de\/wp-json\/wp\/v2\/users\/1"}],"replies":[{"embeddable":true,"href":"https:\/\/www.dalpasso.it\/de\/wp-json\/wp\/v2\/comments?post=11104"}],"version-history":[{"count":3,"href":"https:\/\/www.dalpasso.it\/de\/wp-json\/wp\/v2\/pages\/11104\/revisions"}],"predecessor-version":[{"id":11108,"href":"https:\/\/www.dalpasso.it\/de\/wp-json\/wp\/v2\/pages\/11104\/revisions\/11108"}],"up":[{"embeddable":true,"href":"https:\/\/www.dalpasso.it\/de\/wp-json\/wp\/v2\/pages\/11162"}],"wp:featuredmedia":[{"embeddable":true,"href":"https:\/\/www.dalpasso.it\/de\/wp-json\/wp\/v2\/media\/15442"}],"wp:attachment":[{"href":"https:\/\/www.dalpasso.it\/de\/wp-json\/wp\/v2\/media?parent=11104"}],"curies":[{"name":"wp","href":"https:\/\/api.w.org\/{rel}","templated":true}]}}