{"id":11092,"date":"2015-11-19T17:09:07","date_gmt":"2015-11-19T16:09:07","guid":{"rendered":"http:\/\/www.dalpasso.it\/de\/?page_id=11092"},"modified":"2018-05-28T17:10:12","modified_gmt":"2018-05-28T15:10:12","slug":"material","status":"publish","type":"page","link":"https:\/\/www.dalpasso.it\/de\/info\/was-sie-ueber-die-anpassung-ihrer-prothese-wissen-muessen\/material\/","title":{"rendered":"MATERIAL"},"content":{"rendered":"<div class=\"wpb-content-wrapper\">[vc_row full_width=&#8220;&#8220; parallax=&#8220;&#8220; parallax_image=&#8220;&#8220;][vc_column width=&#8220;2\/3&#8243;][vc_column_text]<a href=\"https:\/\/www.dalpasso.it\/wp-content\/uploads\/2015\/05\/IMG_0162.jpg\" class=\"thickbox no_icon\"><img loading=\"lazy\" decoding=\"async\" class=\"alignnone wp-image-8946 size-medium\" src=\"https:\/\/www.dalpasso.it\/wp-content\/uploads\/2015\/05\/IMG_0162-300x254.jpg\" alt=\"IMG_0162\" width=\"300\" height=\"254\" srcset=\"https:\/\/www.dalpasso.it\/wp-content\/uploads\/2015\/05\/IMG_0162-300x254.jpg 300w, https:\/\/www.dalpasso.it\/wp-content\/uploads\/2015\/05\/IMG_0162.jpg 768w\" sizes=\"auto, (max-width: 300px) 100vw, 300px\" \/><\/a><\/p>\n<p>&nbsp;<\/p>\n<p>Alle in unseren Labors hergestellten Prothesen bestehen aus Acrylharz (Polymethylmethacrylat), einem unzerbrechlichen, inerten, antiallergischen und vollkommen mit dem menschlichen Gewebe biokompatiblen Polymer.<br \/>\nMethacrylat wird von der Tr\u00e4nenfl\u00fcssigkeit nicht angegriffen, ist nicht por\u00f6s, wird nicht korrodiert und nimmt keinerlei Substanzen auf.<br \/>\nBei zehntausenden von Prothesenpatienten unserer Strukturen wurde kein einziger Fall von allergischer Reaktion auf Acrylharz verzeichnet.<\/p>\n<p>[\/vc_column_text][\/vc_column][vc_column width=&#8220;1\/3&#8243;][vc_column_text]<br \/>\n[\/vc_column_text][\/vc_column][\/vc_row]<\/div>","protected":false},"excerpt":{"rendered":"<p>[vc_row full_width=&#8220;&#8220; parallax=&#8220;&#8220; parallax_image=&#8220;&#8220;][vc_column width=&#8220;2\/3&#8243;][vc_column_text] &nbsp; Alle in unseren Labors hergestellten Prothesen bestehen aus Acrylharz (Polymethylmethacrylat), einem unzerbrechlichen, inerten, antiallergischen und vollkommen mit dem menschlichen Gewebe biokompatiblen Polymer. Methacrylat wird von der Tr\u00e4nenfl\u00fcssigkeit nicht angegriffen, ist nicht por\u00f6s, wird nicht korrodiert und nimmt keinerlei Substanzen auf. Bei zehntausenden von Prothesenpatienten unserer Strukturen wurde kein einziger [&hellip;]<\/p>\n","protected":false},"author":1,"featured_media":15455,"parent":11162,"menu_order":29,"comment_status":"closed","ping_status":"closed","template":"","meta":{"footnotes":""},"class_list":["post-11092","page","type-page","status-publish","has-post-thumbnail","hentry"],"yoast_head":"<!-- This site is optimized with the Yoast SEO plugin v27.1.1 - https:\/\/yoast.com\/product\/yoast-seo-wordpress\/ -->\n<title>MATERIAL | Dalpasso protesi oculari<\/title>\n<meta name=\"robots\" content=\"index, follow, max-snippet:-1, max-image-preview:large, max-video-preview:-1\" \/>\n<link rel=\"canonical\" href=\"https:\/\/www.dalpasso.it\/de\/info\/was-sie-ueber-die-anpassung-ihrer-prothese-wissen-muessen\/material\/\" \/>\n<meta property=\"og:locale\" content=\"de_DE\" \/>\n<meta property=\"og:type\" content=\"article\" \/>\n<meta property=\"og:title\" content=\"MATERIAL | Dalpasso protesi oculari\" \/>\n<meta property=\"og:description\" content=\"[vc_row full_width=&#8220;&#8220; parallax=&#8220;&#8220; parallax_image=&#8220;&#8220;][vc_column width=&#8220;2\/3&#8243;][vc_column_text] &nbsp; Alle in unseren Labors hergestellten Prothesen bestehen aus Acrylharz (Polymethylmethacrylat), einem unzerbrechlichen, inerten, antiallergischen und vollkommen mit dem menschlichen Gewebe biokompatiblen Polymer. Methacrylat wird von der Tr\u00e4nenfl\u00fcssigkeit nicht angegriffen, ist nicht por\u00f6s, wird nicht korrodiert und nimmt keinerlei Substanzen auf. Bei zehntausenden von Prothesenpatienten unserer Strukturen wurde kein einziger [&hellip;]\" \/>\n<meta property=\"og:url\" content=\"https:\/\/www.dalpasso.it\/de\/info\/was-sie-ueber-die-anpassung-ihrer-prothese-wissen-muessen\/material\/\" \/>\n<meta property=\"og:site_name\" content=\"Dalpasso protesi oculari\" \/>\n<meta property=\"article:modified_time\" content=\"2018-05-28T15:10:12+00:00\" \/>\n<meta property=\"og:image\" content=\"https:\/\/www.dalpasso.it\/wp-content\/uploads\/2018\/05\/hp-materiale.jpg\" \/>\n\t<meta property=\"og:image:width\" content=\"500\" \/>\n\t<meta property=\"og:image:height\" content=\"380\" \/>\n\t<meta property=\"og:image:type\" content=\"image\/jpeg\" \/>\n<meta name=\"twitter:card\" content=\"summary_large_image\" \/>\n<script type=\"application\/ld+json\" class=\"yoast-schema-graph\">{\"@context\":\"https:\/\/schema.org\",\"@graph\":[{\"@type\":\"WebPage\",\"@id\":\"https:\/\/www.dalpasso.it\/de\/info\/was-sie-ueber-die-anpassung-ihrer-prothese-wissen-muessen\/material\/\",\"url\":\"https:\/\/www.dalpasso.it\/de\/info\/was-sie-ueber-die-anpassung-ihrer-prothese-wissen-muessen\/material\/\",\"name\":\"MATERIAL | Dalpasso protesi oculari\",\"isPartOf\":{\"@id\":\"https:\/\/www.dalpasso.it\/de\/#website\"},\"primaryImageOfPage\":{\"@id\":\"https:\/\/www.dalpasso.it\/de\/info\/was-sie-ueber-die-anpassung-ihrer-prothese-wissen-muessen\/material\/#primaryimage\"},\"image\":{\"@id\":\"https:\/\/www.dalpasso.it\/de\/info\/was-sie-ueber-die-anpassung-ihrer-prothese-wissen-muessen\/material\/#primaryimage\"},\"thumbnailUrl\":\"https:\/\/www.dalpasso.it\/wp-content\/uploads\/2018\/05\/hp-materiale.jpg\",\"datePublished\":\"2015-11-19T16:09:07+00:00\",\"dateModified\":\"2018-05-28T15:10:12+00:00\",\"breadcrumb\":{\"@id\":\"https:\/\/www.dalpasso.it\/de\/info\/was-sie-ueber-die-anpassung-ihrer-prothese-wissen-muessen\/material\/#breadcrumb\"},\"inLanguage\":\"de\",\"potentialAction\":[{\"@type\":\"ReadAction\",\"target\":[\"https:\/\/www.dalpasso.it\/de\/info\/was-sie-ueber-die-anpassung-ihrer-prothese-wissen-muessen\/material\/\"]}]},{\"@type\":\"ImageObject\",\"inLanguage\":\"de\",\"@id\":\"https:\/\/www.dalpasso.it\/de\/info\/was-sie-ueber-die-anpassung-ihrer-prothese-wissen-muessen\/material\/#primaryimage\",\"url\":\"https:\/\/www.dalpasso.it\/wp-content\/uploads\/2018\/05\/hp-materiale.jpg\",\"contentUrl\":\"https:\/\/www.dalpasso.it\/wp-content\/uploads\/2018\/05\/hp-materiale.jpg\",\"width\":500,\"height\":380},{\"@type\":\"BreadcrumbList\",\"@id\":\"https:\/\/www.dalpasso.it\/de\/info\/was-sie-ueber-die-anpassung-ihrer-prothese-wissen-muessen\/material\/#breadcrumb\",\"itemListElement\":[{\"@type\":\"ListItem\",\"position\":1,\"name\":\"Home\",\"item\":\"https:\/\/www.dalpasso.it\/de\/home\/\"},{\"@type\":\"ListItem\",\"position\":2,\"name\":\"INFO\",\"item\":\"https:\/\/www.dalpasso.it\/de\/info\/\"},{\"@type\":\"ListItem\",\"position\":3,\"name\":\"WAS SIE \u00dcBER DIE ANPASSUNG IHRER PROTHESE WISSEN M\u00dcSSEN\",\"item\":\"https:\/\/www.dalpasso.it\/de\/info\/was-sie-ueber-die-anpassung-ihrer-prothese-wissen-muessen\/\"},{\"@type\":\"ListItem\",\"position\":4,\"name\":\"MATERIAL\"}]},{\"@type\":\"WebSite\",\"@id\":\"https:\/\/www.dalpasso.it\/de\/#website\",\"url\":\"https:\/\/www.dalpasso.it\/de\/\",\"name\":\"DALPASSO Protesi Oculari\",\"description\":\"\",\"potentialAction\":[{\"@type\":\"SearchAction\",\"target\":{\"@type\":\"EntryPoint\",\"urlTemplate\":\"https:\/\/www.dalpasso.it\/de\/?s={search_term_string}\"},\"query-input\":{\"@type\":\"PropertyValueSpecification\",\"valueRequired\":true,\"valueName\":\"search_term_string\"}}],\"inLanguage\":\"de\"}]}<\/script>\n<!-- \/ Yoast SEO plugin. -->","yoast_head_json":{"title":"MATERIAL | Dalpasso protesi oculari","robots":{"index":"index","follow":"follow","max-snippet":"max-snippet:-1","max-image-preview":"max-image-preview:large","max-video-preview":"max-video-preview:-1"},"canonical":"https:\/\/www.dalpasso.it\/de\/info\/was-sie-ueber-die-anpassung-ihrer-prothese-wissen-muessen\/material\/","og_locale":"de_DE","og_type":"article","og_title":"MATERIAL | Dalpasso protesi oculari","og_description":"[vc_row full_width=&#8220;&#8220; parallax=&#8220;&#8220; parallax_image=&#8220;&#8220;][vc_column width=&#8220;2\/3&#8243;][vc_column_text] &nbsp; Alle in unseren Labors hergestellten Prothesen bestehen aus Acrylharz (Polymethylmethacrylat), einem unzerbrechlichen, inerten, antiallergischen und vollkommen mit dem menschlichen Gewebe biokompatiblen Polymer. Methacrylat wird von der Tr\u00e4nenfl\u00fcssigkeit nicht angegriffen, ist nicht por\u00f6s, wird nicht korrodiert und nimmt keinerlei Substanzen auf. Bei zehntausenden von Prothesenpatienten unserer Strukturen wurde kein einziger [&hellip;]","og_url":"https:\/\/www.dalpasso.it\/de\/info\/was-sie-ueber-die-anpassung-ihrer-prothese-wissen-muessen\/material\/","og_site_name":"Dalpasso protesi oculari","article_modified_time":"2018-05-28T15:10:12+00:00","og_image":[{"width":500,"height":380,"url":"https:\/\/www.dalpasso.it\/wp-content\/uploads\/2018\/05\/hp-materiale.jpg","type":"image\/jpeg"}],"twitter_card":"summary_large_image","schema":{"@context":"https:\/\/schema.org","@graph":[{"@type":"WebPage","@id":"https:\/\/www.dalpasso.it\/de\/info\/was-sie-ueber-die-anpassung-ihrer-prothese-wissen-muessen\/material\/","url":"https:\/\/www.dalpasso.it\/de\/info\/was-sie-ueber-die-anpassung-ihrer-prothese-wissen-muessen\/material\/","name":"MATERIAL | Dalpasso protesi oculari","isPartOf":{"@id":"https:\/\/www.dalpasso.it\/de\/#website"},"primaryImageOfPage":{"@id":"https:\/\/www.dalpasso.it\/de\/info\/was-sie-ueber-die-anpassung-ihrer-prothese-wissen-muessen\/material\/#primaryimage"},"image":{"@id":"https:\/\/www.dalpasso.it\/de\/info\/was-sie-ueber-die-anpassung-ihrer-prothese-wissen-muessen\/material\/#primaryimage"},"thumbnailUrl":"https:\/\/www.dalpasso.it\/wp-content\/uploads\/2018\/05\/hp-materiale.jpg","datePublished":"2015-11-19T16:09:07+00:00","dateModified":"2018-05-28T15:10:12+00:00","breadcrumb":{"@id":"https:\/\/www.dalpasso.it\/de\/info\/was-sie-ueber-die-anpassung-ihrer-prothese-wissen-muessen\/material\/#breadcrumb"},"inLanguage":"de","potentialAction":[{"@type":"ReadAction","target":["https:\/\/www.dalpasso.it\/de\/info\/was-sie-ueber-die-anpassung-ihrer-prothese-wissen-muessen\/material\/"]}]},{"@type":"ImageObject","inLanguage":"de","@id":"https:\/\/www.dalpasso.it\/de\/info\/was-sie-ueber-die-anpassung-ihrer-prothese-wissen-muessen\/material\/#primaryimage","url":"https:\/\/www.dalpasso.it\/wp-content\/uploads\/2018\/05\/hp-materiale.jpg","contentUrl":"https:\/\/www.dalpasso.it\/wp-content\/uploads\/2018\/05\/hp-materiale.jpg","width":500,"height":380},{"@type":"BreadcrumbList","@id":"https:\/\/www.dalpasso.it\/de\/info\/was-sie-ueber-die-anpassung-ihrer-prothese-wissen-muessen\/material\/#breadcrumb","itemListElement":[{"@type":"ListItem","position":1,"name":"Home","item":"https:\/\/www.dalpasso.it\/de\/home\/"},{"@type":"ListItem","position":2,"name":"INFO","item":"https:\/\/www.dalpasso.it\/de\/info\/"},{"@type":"ListItem","position":3,"name":"WAS SIE \u00dcBER DIE ANPASSUNG IHRER PROTHESE WISSEN M\u00dcSSEN","item":"https:\/\/www.dalpasso.it\/de\/info\/was-sie-ueber-die-anpassung-ihrer-prothese-wissen-muessen\/"},{"@type":"ListItem","position":4,"name":"MATERIAL"}]},{"@type":"WebSite","@id":"https:\/\/www.dalpasso.it\/de\/#website","url":"https:\/\/www.dalpasso.it\/de\/","name":"DALPASSO Protesi Oculari","description":"","potentialAction":[{"@type":"SearchAction","target":{"@type":"EntryPoint","urlTemplate":"https:\/\/www.dalpasso.it\/de\/?s={search_term_string}"},"query-input":{"@type":"PropertyValueSpecification","valueRequired":true,"valueName":"search_term_string"}}],"inLanguage":"de"}]}},"_links":{"self":[{"href":"https:\/\/www.dalpasso.it\/de\/wp-json\/wp\/v2\/pages\/11092","targetHints":{"allow":["GET"]}}],"collection":[{"href":"https:\/\/www.dalpasso.it\/de\/wp-json\/wp\/v2\/pages"}],"about":[{"href":"https:\/\/www.dalpasso.it\/de\/wp-json\/wp\/v2\/types\/page"}],"author":[{"embeddable":true,"href":"https:\/\/www.dalpasso.it\/de\/wp-json\/wp\/v2\/users\/1"}],"replies":[{"embeddable":true,"href":"https:\/\/www.dalpasso.it\/de\/wp-json\/wp\/v2\/comments?post=11092"}],"version-history":[{"count":3,"href":"https:\/\/www.dalpasso.it\/de\/wp-json\/wp\/v2\/pages\/11092\/revisions"}],"predecessor-version":[{"id":11103,"href":"https:\/\/www.dalpasso.it\/de\/wp-json\/wp\/v2\/pages\/11092\/revisions\/11103"}],"up":[{"embeddable":true,"href":"https:\/\/www.dalpasso.it\/de\/wp-json\/wp\/v2\/pages\/11162"}],"wp:featuredmedia":[{"embeddable":true,"href":"https:\/\/www.dalpasso.it\/de\/wp-json\/wp\/v2\/media\/15455"}],"wp:attachment":[{"href":"https:\/\/www.dalpasso.it\/de\/wp-json\/wp\/v2\/media?parent=11092"}],"curies":[{"name":"wp","href":"https:\/\/api.w.org\/{rel}","templated":true}]}}