{"id":11030,"date":"2015-11-19T16:45:11","date_gmt":"2015-11-19T15:45:11","guid":{"rendered":"http:\/\/www.dalpasso.it\/de\/?page_id=11030"},"modified":"2018-05-29T09:49:06","modified_gmt":"2018-05-29T07:49:06","slug":"taeglicher-gebrauch-der-prothese-und-einschraenkungen","status":"publish","type":"page","link":"https:\/\/www.dalpasso.it\/de\/info\/was-sie-ueber-die-anpassung-ihrer-prothese-wissen-muessen\/taeglicher-gebrauch-der-prothese-und-einschraenkungen\/","title":{"rendered":"T\u00c4GLICHER GEBRAUCH DER PROTHESE UND EINSCHR\u00c4NKUNGEN"},"content":{"rendered":"<div class=\"wpb-content-wrapper\">[vc_row full_width=&#8220;&#8220; parallax=&#8220;&#8220; parallax_image=&#8220;&#8220;][vc_column width=&#8220;2\/3&#8243;][vc_column_text]<\/p>\n<p style=\"text-align: justify;\"><a href=\"https:\/\/www.dalpasso.it\/wp-content\/uploads\/2015\/10\/Vita-quotidiana.jpg\" class=\"thickbox no_icon\"><img loading=\"lazy\" decoding=\"async\" class=\"alignnone wp-image-10199 size-medium\" src=\"https:\/\/www.dalpasso.it\/wp-content\/uploads\/2015\/10\/Vita-quotidiana-300x225.jpg\" alt=\"Vita quotidiana\" width=\"300\" height=\"225\" srcset=\"https:\/\/www.dalpasso.it\/wp-content\/uploads\/2015\/10\/Vita-quotidiana-300x225.jpg 300w, https:\/\/www.dalpasso.it\/wp-content\/uploads\/2015\/10\/Vita-quotidiana.jpg 517w\" sizes=\"auto, (max-width: 300px) 100vw, 300px\" \/><\/a><\/p>\n<p>&nbsp;<\/p>\n<p>Die Prothese bleibt den ganzen Tag \u00fcber auch w\u00e4hrend des Schlafs eingesetzt (mit Ausnahme der auf dem atrophiertem Bulbus aufliegenden Schalenprothese, die nachts entfernt werden sollte) und kann ohne Einschr\u00e4nkungen im Alltag verwendet werden. Sie k\u00f6nnen Fahrzeuge f\u00fchren, sich schminken, Sport treiben und sogar tauchen.<br \/>\nEs gibt jedoch einige Einschr\u00e4nkungen und kleine Unannehmlichkeiten:<\/p>\n<ul>\n<li>Verlust der \u201eSehtiefe\u201c: W\u00e4hrend der ersten Tage des ein\u00e4ugigen Sehens werden Sie aufgrund des fehlenden stereoskopischen Sehens erhebliche Schwierigkeiten bei der Einsch\u00e4tzung der genauen Position von vor Ihnen befindlichen Gegenst\u00e4nden erfahren (das klassische Beispiel ist, wenn es einem nicht gelingt, ein Glas auf dem Tisch auf Anhieb zu ergreifen).<\/li>\n<\/ul>\n<p>Dieser Zustand dauert von einigen Tagen bis zu einigen Wochen und verschwindet automatisch nach und nach dadurch, dass die neuen visuellen Informationen vom Gehirn erfasst und verarbeitet werden.<\/p>\n<ul>\n<li>Die Verengung des Gesichtsfeldes: Das Fehlen eines Auges zwingt dazu, Bewegungen mit dem Kopf in Richtung des blinden Bereich auszuf\u00fchren, um den Verlust von Entfernungswahrnehmung und Gesichtsfeld auszugleichen (das klassische Beispiel hierf\u00fcr ist der Blick in die Seitenspiegel beim Autofahren).<\/li>\n<li>Trockenheit des Auges: In einigen F\u00e4llen kann es nach der Enukleation zu mangelhafter Produktion von Tr\u00e4nenfl\u00fcssigkeit kommen, wodurch die Befeuchtung von Augenh\u00f6hle und Prothese beeintr\u00e4chtigt wird. In leichteren F\u00e4llen kann dies durch die Verwendung von k\u00fcnstlichen Tr\u00e4nen in Tropfen- oder Gelform ausgeglichen werden; wird die Dysfunktion jedoch chronisch, sollte eine eingehende Untersuchung beim Augenarzt erfolgen.<\/li>\n<\/ul>\n<p>&nbsp;<\/p>\n<ul>\n<li style=\"text-align: justify;\">\u00dcberm\u00e4\u00dfige Sekretion: Auch bei eingesetzter Prothese kann die Augenh\u00f6hle weiter Sekret erzeugen, oftmals auch ausgesprochen reichlich. In diesem Fall ist es ausreichend, dieses, <a href=\"https:\/\/www.dalpasso.it\/de\/info\/einsetzenentfernen-und-reinigen-der-prothese\/\">wie im Link erkl\u00e4rt<\/a>.<br \/>\nFalls die Augenh\u00f6hle nach Entfernen des Sekrets und Reinigung der Prothese weiterhin Fl\u00fcssigkeit abscheidet, empfiehlt sich eine eingehende Untersuchung beim Augenarzt.<\/li>\n<\/ul>\n<p>[\/vc_column_text][\/vc_column][vc_column width=&#8220;1\/3&#8243;][vc_column_text]<br \/>\n[\/vc_column_text][\/vc_column][\/vc_row]<\/div>","protected":false},"excerpt":{"rendered":"<p>[vc_row full_width=&#8220;&#8220; parallax=&#8220;&#8220; parallax_image=&#8220;&#8220;][vc_column width=&#8220;2\/3&#8243;][vc_column_text] &nbsp; Die Prothese bleibt den ganzen Tag \u00fcber auch w\u00e4hrend des Schlafs eingesetzt (mit Ausnahme der auf dem atrophiertem Bulbus aufliegenden Schalenprothese, die nachts entfernt werden sollte) und kann ohne Einschr\u00e4nkungen im Alltag verwendet werden. Sie k\u00f6nnen Fahrzeuge f\u00fchren, sich schminken, Sport treiben und sogar tauchen. Es gibt jedoch einige [&hellip;]<\/p>\n","protected":false},"author":1,"featured_media":15505,"parent":11162,"menu_order":34,"comment_status":"closed","ping_status":"closed","template":"","meta":{"footnotes":""},"class_list":["post-11030","page","type-page","status-publish","has-post-thumbnail","hentry"],"yoast_head":"<!-- This site is optimized with the Yoast SEO plugin v27.1.1 - https:\/\/yoast.com\/product\/yoast-seo-wordpress\/ -->\n<title>T\u00c4GLICHER GEBRAUCH DER PROTHESE UND EINSCHR\u00c4NKUNGEN | Dalpasso protesi oculari<\/title>\n<meta name=\"robots\" content=\"index, follow, max-snippet:-1, max-image-preview:large, max-video-preview:-1\" \/>\n<link rel=\"canonical\" href=\"https:\/\/www.dalpasso.it\/de\/info\/was-sie-ueber-die-anpassung-ihrer-prothese-wissen-muessen\/taeglicher-gebrauch-der-prothese-und-einschraenkungen\/\" \/>\n<meta property=\"og:locale\" content=\"de_DE\" \/>\n<meta property=\"og:type\" content=\"article\" \/>\n<meta property=\"og:title\" content=\"T\u00c4GLICHER GEBRAUCH DER PROTHESE UND EINSCHR\u00c4NKUNGEN | Dalpasso protesi oculari\" \/>\n<meta property=\"og:description\" content=\"[vc_row full_width=&#8220;&#8220; parallax=&#8220;&#8220; parallax_image=&#8220;&#8220;][vc_column width=&#8220;2\/3&#8243;][vc_column_text] &nbsp; Die Prothese bleibt den ganzen Tag \u00fcber auch w\u00e4hrend des Schlafs eingesetzt (mit Ausnahme der auf dem atrophiertem Bulbus aufliegenden Schalenprothese, die nachts entfernt werden sollte) und kann ohne Einschr\u00e4nkungen im Alltag verwendet werden. Sie k\u00f6nnen Fahrzeuge f\u00fchren, sich schminken, Sport treiben und sogar tauchen. Es gibt jedoch einige [&hellip;]\" \/>\n<meta property=\"og:url\" content=\"https:\/\/www.dalpasso.it\/de\/info\/was-sie-ueber-die-anpassung-ihrer-prothese-wissen-muessen\/taeglicher-gebrauch-der-prothese-und-einschraenkungen\/\" \/>\n<meta property=\"og:site_name\" content=\"Dalpasso protesi oculari\" \/>\n<meta property=\"article:modified_time\" content=\"2018-05-29T07:49:06+00:00\" \/>\n<meta property=\"og:image\" content=\"https:\/\/www.dalpasso.it\/wp-content\/uploads\/2018\/05\/hp-vita.quotidiana.jpg\" \/>\n\t<meta property=\"og:image:width\" content=\"500\" \/>\n\t<meta property=\"og:image:height\" content=\"380\" \/>\n\t<meta property=\"og:image:type\" content=\"image\/jpeg\" \/>\n<meta name=\"twitter:card\" content=\"summary_large_image\" \/>\n<meta name=\"twitter:label1\" content=\"Gesch\u00e4tzte Lesezeit\" \/>\n\t<meta name=\"twitter:data1\" content=\"2\u00a0Minuten\" \/>\n<script type=\"application\/ld+json\" class=\"yoast-schema-graph\">{\"@context\":\"https:\/\/schema.org\",\"@graph\":[{\"@type\":\"WebPage\",\"@id\":\"https:\/\/www.dalpasso.it\/de\/info\/was-sie-ueber-die-anpassung-ihrer-prothese-wissen-muessen\/taeglicher-gebrauch-der-prothese-und-einschraenkungen\/\",\"url\":\"https:\/\/www.dalpasso.it\/de\/info\/was-sie-ueber-die-anpassung-ihrer-prothese-wissen-muessen\/taeglicher-gebrauch-der-prothese-und-einschraenkungen\/\",\"name\":\"T\u00c4GLICHER GEBRAUCH DER PROTHESE UND EINSCHR\u00c4NKUNGEN | Dalpasso protesi oculari\",\"isPartOf\":{\"@id\":\"https:\/\/www.dalpasso.it\/de\/#website\"},\"primaryImageOfPage\":{\"@id\":\"https:\/\/www.dalpasso.it\/de\/info\/was-sie-ueber-die-anpassung-ihrer-prothese-wissen-muessen\/taeglicher-gebrauch-der-prothese-und-einschraenkungen\/#primaryimage\"},\"image\":{\"@id\":\"https:\/\/www.dalpasso.it\/de\/info\/was-sie-ueber-die-anpassung-ihrer-prothese-wissen-muessen\/taeglicher-gebrauch-der-prothese-und-einschraenkungen\/#primaryimage\"},\"thumbnailUrl\":\"https:\/\/www.dalpasso.it\/wp-content\/uploads\/2018\/05\/hp-vita.quotidiana.jpg\",\"datePublished\":\"2015-11-19T15:45:11+00:00\",\"dateModified\":\"2018-05-29T07:49:06+00:00\",\"breadcrumb\":{\"@id\":\"https:\/\/www.dalpasso.it\/de\/info\/was-sie-ueber-die-anpassung-ihrer-prothese-wissen-muessen\/taeglicher-gebrauch-der-prothese-und-einschraenkungen\/#breadcrumb\"},\"inLanguage\":\"de\",\"potentialAction\":[{\"@type\":\"ReadAction\",\"target\":[\"https:\/\/www.dalpasso.it\/de\/info\/was-sie-ueber-die-anpassung-ihrer-prothese-wissen-muessen\/taeglicher-gebrauch-der-prothese-und-einschraenkungen\/\"]}]},{\"@type\":\"ImageObject\",\"inLanguage\":\"de\",\"@id\":\"https:\/\/www.dalpasso.it\/de\/info\/was-sie-ueber-die-anpassung-ihrer-prothese-wissen-muessen\/taeglicher-gebrauch-der-prothese-und-einschraenkungen\/#primaryimage\",\"url\":\"https:\/\/www.dalpasso.it\/wp-content\/uploads\/2018\/05\/hp-vita.quotidiana.jpg\",\"contentUrl\":\"https:\/\/www.dalpasso.it\/wp-content\/uploads\/2018\/05\/hp-vita.quotidiana.jpg\",\"width\":500,\"height\":380},{\"@type\":\"BreadcrumbList\",\"@id\":\"https:\/\/www.dalpasso.it\/de\/info\/was-sie-ueber-die-anpassung-ihrer-prothese-wissen-muessen\/taeglicher-gebrauch-der-prothese-und-einschraenkungen\/#breadcrumb\",\"itemListElement\":[{\"@type\":\"ListItem\",\"position\":1,\"name\":\"Home\",\"item\":\"https:\/\/www.dalpasso.it\/de\/home\/\"},{\"@type\":\"ListItem\",\"position\":2,\"name\":\"INFO\",\"item\":\"https:\/\/www.dalpasso.it\/de\/info\/\"},{\"@type\":\"ListItem\",\"position\":3,\"name\":\"WAS SIE \u00dcBER DIE ANPASSUNG IHRER PROTHESE WISSEN M\u00dcSSEN\",\"item\":\"https:\/\/www.dalpasso.it\/de\/info\/was-sie-ueber-die-anpassung-ihrer-prothese-wissen-muessen\/\"},{\"@type\":\"ListItem\",\"position\":4,\"name\":\"T\u00c4GLICHER GEBRAUCH DER PROTHESE UND EINSCHR\u00c4NKUNGEN\"}]},{\"@type\":\"WebSite\",\"@id\":\"https:\/\/www.dalpasso.it\/de\/#website\",\"url\":\"https:\/\/www.dalpasso.it\/de\/\",\"name\":\"DALPASSO Protesi Oculari\",\"description\":\"\",\"potentialAction\":[{\"@type\":\"SearchAction\",\"target\":{\"@type\":\"EntryPoint\",\"urlTemplate\":\"https:\/\/www.dalpasso.it\/de\/?s={search_term_string}\"},\"query-input\":{\"@type\":\"PropertyValueSpecification\",\"valueRequired\":true,\"valueName\":\"search_term_string\"}}],\"inLanguage\":\"de\"}]}<\/script>\n<!-- \/ Yoast SEO plugin. -->","yoast_head_json":{"title":"T\u00c4GLICHER GEBRAUCH DER PROTHESE UND EINSCHR\u00c4NKUNGEN | Dalpasso protesi oculari","robots":{"index":"index","follow":"follow","max-snippet":"max-snippet:-1","max-image-preview":"max-image-preview:large","max-video-preview":"max-video-preview:-1"},"canonical":"https:\/\/www.dalpasso.it\/de\/info\/was-sie-ueber-die-anpassung-ihrer-prothese-wissen-muessen\/taeglicher-gebrauch-der-prothese-und-einschraenkungen\/","og_locale":"de_DE","og_type":"article","og_title":"T\u00c4GLICHER GEBRAUCH DER PROTHESE UND EINSCHR\u00c4NKUNGEN | Dalpasso protesi oculari","og_description":"[vc_row full_width=&#8220;&#8220; parallax=&#8220;&#8220; parallax_image=&#8220;&#8220;][vc_column width=&#8220;2\/3&#8243;][vc_column_text] &nbsp; Die Prothese bleibt den ganzen Tag \u00fcber auch w\u00e4hrend des Schlafs eingesetzt (mit Ausnahme der auf dem atrophiertem Bulbus aufliegenden Schalenprothese, die nachts entfernt werden sollte) und kann ohne Einschr\u00e4nkungen im Alltag verwendet werden. Sie k\u00f6nnen Fahrzeuge f\u00fchren, sich schminken, Sport treiben und sogar tauchen. Es gibt jedoch einige [&hellip;]","og_url":"https:\/\/www.dalpasso.it\/de\/info\/was-sie-ueber-die-anpassung-ihrer-prothese-wissen-muessen\/taeglicher-gebrauch-der-prothese-und-einschraenkungen\/","og_site_name":"Dalpasso protesi oculari","article_modified_time":"2018-05-29T07:49:06+00:00","og_image":[{"width":500,"height":380,"url":"https:\/\/www.dalpasso.it\/wp-content\/uploads\/2018\/05\/hp-vita.quotidiana.jpg","type":"image\/jpeg"}],"twitter_card":"summary_large_image","twitter_misc":{"Gesch\u00e4tzte Lesezeit":"2\u00a0Minuten"},"schema":{"@context":"https:\/\/schema.org","@graph":[{"@type":"WebPage","@id":"https:\/\/www.dalpasso.it\/de\/info\/was-sie-ueber-die-anpassung-ihrer-prothese-wissen-muessen\/taeglicher-gebrauch-der-prothese-und-einschraenkungen\/","url":"https:\/\/www.dalpasso.it\/de\/info\/was-sie-ueber-die-anpassung-ihrer-prothese-wissen-muessen\/taeglicher-gebrauch-der-prothese-und-einschraenkungen\/","name":"T\u00c4GLICHER GEBRAUCH DER PROTHESE UND EINSCHR\u00c4NKUNGEN | Dalpasso protesi oculari","isPartOf":{"@id":"https:\/\/www.dalpasso.it\/de\/#website"},"primaryImageOfPage":{"@id":"https:\/\/www.dalpasso.it\/de\/info\/was-sie-ueber-die-anpassung-ihrer-prothese-wissen-muessen\/taeglicher-gebrauch-der-prothese-und-einschraenkungen\/#primaryimage"},"image":{"@id":"https:\/\/www.dalpasso.it\/de\/info\/was-sie-ueber-die-anpassung-ihrer-prothese-wissen-muessen\/taeglicher-gebrauch-der-prothese-und-einschraenkungen\/#primaryimage"},"thumbnailUrl":"https:\/\/www.dalpasso.it\/wp-content\/uploads\/2018\/05\/hp-vita.quotidiana.jpg","datePublished":"2015-11-19T15:45:11+00:00","dateModified":"2018-05-29T07:49:06+00:00","breadcrumb":{"@id":"https:\/\/www.dalpasso.it\/de\/info\/was-sie-ueber-die-anpassung-ihrer-prothese-wissen-muessen\/taeglicher-gebrauch-der-prothese-und-einschraenkungen\/#breadcrumb"},"inLanguage":"de","potentialAction":[{"@type":"ReadAction","target":["https:\/\/www.dalpasso.it\/de\/info\/was-sie-ueber-die-anpassung-ihrer-prothese-wissen-muessen\/taeglicher-gebrauch-der-prothese-und-einschraenkungen\/"]}]},{"@type":"ImageObject","inLanguage":"de","@id":"https:\/\/www.dalpasso.it\/de\/info\/was-sie-ueber-die-anpassung-ihrer-prothese-wissen-muessen\/taeglicher-gebrauch-der-prothese-und-einschraenkungen\/#primaryimage","url":"https:\/\/www.dalpasso.it\/wp-content\/uploads\/2018\/05\/hp-vita.quotidiana.jpg","contentUrl":"https:\/\/www.dalpasso.it\/wp-content\/uploads\/2018\/05\/hp-vita.quotidiana.jpg","width":500,"height":380},{"@type":"BreadcrumbList","@id":"https:\/\/www.dalpasso.it\/de\/info\/was-sie-ueber-die-anpassung-ihrer-prothese-wissen-muessen\/taeglicher-gebrauch-der-prothese-und-einschraenkungen\/#breadcrumb","itemListElement":[{"@type":"ListItem","position":1,"name":"Home","item":"https:\/\/www.dalpasso.it\/de\/home\/"},{"@type":"ListItem","position":2,"name":"INFO","item":"https:\/\/www.dalpasso.it\/de\/info\/"},{"@type":"ListItem","position":3,"name":"WAS SIE \u00dcBER DIE ANPASSUNG IHRER PROTHESE WISSEN M\u00dcSSEN","item":"https:\/\/www.dalpasso.it\/de\/info\/was-sie-ueber-die-anpassung-ihrer-prothese-wissen-muessen\/"},{"@type":"ListItem","position":4,"name":"T\u00c4GLICHER GEBRAUCH DER PROTHESE UND EINSCHR\u00c4NKUNGEN"}]},{"@type":"WebSite","@id":"https:\/\/www.dalpasso.it\/de\/#website","url":"https:\/\/www.dalpasso.it\/de\/","name":"DALPASSO Protesi Oculari","description":"","potentialAction":[{"@type":"SearchAction","target":{"@type":"EntryPoint","urlTemplate":"https:\/\/www.dalpasso.it\/de\/?s={search_term_string}"},"query-input":{"@type":"PropertyValueSpecification","valueRequired":true,"valueName":"search_term_string"}}],"inLanguage":"de"}]}},"_links":{"self":[{"href":"https:\/\/www.dalpasso.it\/de\/wp-json\/wp\/v2\/pages\/11030","targetHints":{"allow":["GET"]}}],"collection":[{"href":"https:\/\/www.dalpasso.it\/de\/wp-json\/wp\/v2\/pages"}],"about":[{"href":"https:\/\/www.dalpasso.it\/de\/wp-json\/wp\/v2\/types\/page"}],"author":[{"embeddable":true,"href":"https:\/\/www.dalpasso.it\/de\/wp-json\/wp\/v2\/users\/1"}],"replies":[{"embeddable":true,"href":"https:\/\/www.dalpasso.it\/de\/wp-json\/wp\/v2\/comments?post=11030"}],"version-history":[{"count":5,"href":"https:\/\/www.dalpasso.it\/de\/wp-json\/wp\/v2\/pages\/11030\/revisions"}],"predecessor-version":[{"id":15506,"href":"https:\/\/www.dalpasso.it\/de\/wp-json\/wp\/v2\/pages\/11030\/revisions\/15506"}],"up":[{"embeddable":true,"href":"https:\/\/www.dalpasso.it\/de\/wp-json\/wp\/v2\/pages\/11162"}],"wp:featuredmedia":[{"embeddable":true,"href":"https:\/\/www.dalpasso.it\/de\/wp-json\/wp\/v2\/media\/15505"}],"wp:attachment":[{"href":"https:\/\/www.dalpasso.it\/de\/wp-json\/wp\/v2\/media?parent=11030"}],"curies":[{"name":"wp","href":"https:\/\/api.w.org\/{rel}","templated":true}]}}