{"id":10991,"date":"2015-11-19T16:26:55","date_gmt":"2015-11-19T15:26:55","guid":{"rendered":"http:\/\/www.dalpasso.it\/de\/?page_id=10991"},"modified":"2018-05-28T16:51:21","modified_gmt":"2018-05-28T14:51:21","slug":"garantie","status":"publish","type":"page","link":"https:\/\/www.dalpasso.it\/de\/info\/was-sie-ueber-die-anpassung-ihrer-prothese-wissen-muessen\/garantie\/","title":{"rendered":"GARANTIE"},"content":{"rendered":"<div class=\"wpb-content-wrapper\">[vc_row full_width=&#8220;&#8220; parallax=&#8220;&#8220; parallax_image=&#8220;&#8220;][vc_column width=&#8220;2\/3&#8243;][vc_column_text]<a href=\"https:\/\/www.dalpasso.it\/wp-content\/uploads\/2015\/06\/garanzie.jpg\" class=\"thickbox no_icon\"><img loading=\"lazy\" decoding=\"async\" class=\"alignnone size-medium wp-image-3110\" src=\"https:\/\/www.dalpasso.it\/wp-content\/uploads\/2015\/06\/garanzie-300x179.jpg\" alt=\"garanzie\" width=\"300\" height=\"179\" srcset=\"https:\/\/www.dalpasso.it\/wp-content\/uploads\/2015\/06\/garanzie-300x179.jpg 300w, https:\/\/www.dalpasso.it\/wp-content\/uploads\/2015\/06\/garanzie.jpg 587w\" sizes=\"auto, (max-width: 300px) 100vw, 300px\" \/><\/a><\/p>\n<p>&nbsp;<\/p>\n<p>Die angepasste Prothese wird f\u00fcr zw\u00f6lf Monate garantiert. Auf Anfrage des Patienten ist die Korrektur von Form- und Farbfehlern mit inbegriffen, wenn diese tats\u00e4chlich von unserem Personal best\u00e4tigt werden und die anatomischen und morphologischen Bedingungen von Augenh\u00f6hle und Augenanhangsgebilde die gew\u00fcnschte Korrektur zulassen.<br \/>\nDie erste Kontrolle innerhalb von 12 Monaten nach Ende der Anpassung f\u00e4llt unter die Garantie.[\/vc_column_text][\/vc_column][vc_column width=&#8220;1\/3&#8243;][vc_column_text]<br \/>\n[\/vc_column_text][\/vc_column][\/vc_row]<\/div>","protected":false},"excerpt":{"rendered":"<p>[vc_row full_width=&#8220;&#8220; parallax=&#8220;&#8220; parallax_image=&#8220;&#8220;][vc_column width=&#8220;2\/3&#8243;][vc_column_text] &nbsp; Die angepasste Prothese wird f\u00fcr zw\u00f6lf Monate garantiert. Auf Anfrage des Patienten ist die Korrektur von Form- und Farbfehlern mit inbegriffen, wenn diese tats\u00e4chlich von unserem Personal best\u00e4tigt werden und die anatomischen und morphologischen Bedingungen von Augenh\u00f6hle und Augenanhangsgebilde die gew\u00fcnschte Korrektur zulassen. Die erste Kontrolle innerhalb von 12 [&hellip;]<\/p>\n","protected":false},"author":1,"featured_media":15453,"parent":11162,"menu_order":13,"comment_status":"closed","ping_status":"closed","template":"","meta":{"footnotes":""},"class_list":["post-10991","page","type-page","status-publish","has-post-thumbnail","hentry"],"yoast_head":"<!-- This site is optimized with the Yoast SEO plugin v27.1.1 - https:\/\/yoast.com\/product\/yoast-seo-wordpress\/ -->\n<title>GARANTIE | Dalpasso protesi oculari<\/title>\n<meta name=\"robots\" content=\"index, follow, max-snippet:-1, max-image-preview:large, max-video-preview:-1\" \/>\n<link rel=\"canonical\" href=\"https:\/\/www.dalpasso.it\/de\/info\/was-sie-ueber-die-anpassung-ihrer-prothese-wissen-muessen\/garantie\/\" \/>\n<meta property=\"og:locale\" content=\"de_DE\" \/>\n<meta property=\"og:type\" content=\"article\" \/>\n<meta property=\"og:title\" content=\"GARANTIE | Dalpasso protesi oculari\" \/>\n<meta property=\"og:description\" content=\"[vc_row full_width=&#8220;&#8220; parallax=&#8220;&#8220; parallax_image=&#8220;&#8220;][vc_column width=&#8220;2\/3&#8243;][vc_column_text] &nbsp; Die angepasste Prothese wird f\u00fcr zw\u00f6lf Monate garantiert. Auf Anfrage des Patienten ist die Korrektur von Form- und Farbfehlern mit inbegriffen, wenn diese tats\u00e4chlich von unserem Personal best\u00e4tigt werden und die anatomischen und morphologischen Bedingungen von Augenh\u00f6hle und Augenanhangsgebilde die gew\u00fcnschte Korrektur zulassen. Die erste Kontrolle innerhalb von 12 [&hellip;]\" \/>\n<meta property=\"og:url\" content=\"https:\/\/www.dalpasso.it\/de\/info\/was-sie-ueber-die-anpassung-ihrer-prothese-wissen-muessen\/garantie\/\" \/>\n<meta property=\"og:site_name\" content=\"Dalpasso protesi oculari\" \/>\n<meta property=\"article:modified_time\" content=\"2018-05-28T14:51:21+00:00\" \/>\n<meta property=\"og:image\" content=\"https:\/\/www.dalpasso.it\/wp-content\/uploads\/2018\/05\/hp-garanzia.jpg\" \/>\n\t<meta property=\"og:image:width\" content=\"500\" \/>\n\t<meta property=\"og:image:height\" content=\"380\" \/>\n\t<meta property=\"og:image:type\" content=\"image\/jpeg\" \/>\n<meta name=\"twitter:card\" content=\"summary_large_image\" \/>\n<script type=\"application\/ld+json\" class=\"yoast-schema-graph\">{\"@context\":\"https:\/\/schema.org\",\"@graph\":[{\"@type\":\"WebPage\",\"@id\":\"https:\/\/www.dalpasso.it\/de\/info\/was-sie-ueber-die-anpassung-ihrer-prothese-wissen-muessen\/garantie\/\",\"url\":\"https:\/\/www.dalpasso.it\/de\/info\/was-sie-ueber-die-anpassung-ihrer-prothese-wissen-muessen\/garantie\/\",\"name\":\"GARANTIE | Dalpasso protesi oculari\",\"isPartOf\":{\"@id\":\"https:\/\/www.dalpasso.it\/de\/#website\"},\"primaryImageOfPage\":{\"@id\":\"https:\/\/www.dalpasso.it\/de\/info\/was-sie-ueber-die-anpassung-ihrer-prothese-wissen-muessen\/garantie\/#primaryimage\"},\"image\":{\"@id\":\"https:\/\/www.dalpasso.it\/de\/info\/was-sie-ueber-die-anpassung-ihrer-prothese-wissen-muessen\/garantie\/#primaryimage\"},\"thumbnailUrl\":\"https:\/\/www.dalpasso.it\/wp-content\/uploads\/2018\/05\/hp-garanzia.jpg\",\"datePublished\":\"2015-11-19T15:26:55+00:00\",\"dateModified\":\"2018-05-28T14:51:21+00:00\",\"breadcrumb\":{\"@id\":\"https:\/\/www.dalpasso.it\/de\/info\/was-sie-ueber-die-anpassung-ihrer-prothese-wissen-muessen\/garantie\/#breadcrumb\"},\"inLanguage\":\"de\",\"potentialAction\":[{\"@type\":\"ReadAction\",\"target\":[\"https:\/\/www.dalpasso.it\/de\/info\/was-sie-ueber-die-anpassung-ihrer-prothese-wissen-muessen\/garantie\/\"]}]},{\"@type\":\"ImageObject\",\"inLanguage\":\"de\",\"@id\":\"https:\/\/www.dalpasso.it\/de\/info\/was-sie-ueber-die-anpassung-ihrer-prothese-wissen-muessen\/garantie\/#primaryimage\",\"url\":\"https:\/\/www.dalpasso.it\/wp-content\/uploads\/2018\/05\/hp-garanzia.jpg\",\"contentUrl\":\"https:\/\/www.dalpasso.it\/wp-content\/uploads\/2018\/05\/hp-garanzia.jpg\",\"width\":500,\"height\":380},{\"@type\":\"BreadcrumbList\",\"@id\":\"https:\/\/www.dalpasso.it\/de\/info\/was-sie-ueber-die-anpassung-ihrer-prothese-wissen-muessen\/garantie\/#breadcrumb\",\"itemListElement\":[{\"@type\":\"ListItem\",\"position\":1,\"name\":\"Home\",\"item\":\"https:\/\/www.dalpasso.it\/de\/home\/\"},{\"@type\":\"ListItem\",\"position\":2,\"name\":\"INFO\",\"item\":\"https:\/\/www.dalpasso.it\/de\/info\/\"},{\"@type\":\"ListItem\",\"position\":3,\"name\":\"WAS SIE \u00dcBER DIE ANPASSUNG IHRER PROTHESE WISSEN M\u00dcSSEN\",\"item\":\"https:\/\/www.dalpasso.it\/de\/info\/was-sie-ueber-die-anpassung-ihrer-prothese-wissen-muessen\/\"},{\"@type\":\"ListItem\",\"position\":4,\"name\":\"GARANTIE\"}]},{\"@type\":\"WebSite\",\"@id\":\"https:\/\/www.dalpasso.it\/de\/#website\",\"url\":\"https:\/\/www.dalpasso.it\/de\/\",\"name\":\"DALPASSO Protesi Oculari\",\"description\":\"\",\"potentialAction\":[{\"@type\":\"SearchAction\",\"target\":{\"@type\":\"EntryPoint\",\"urlTemplate\":\"https:\/\/www.dalpasso.it\/de\/?s={search_term_string}\"},\"query-input\":{\"@type\":\"PropertyValueSpecification\",\"valueRequired\":true,\"valueName\":\"search_term_string\"}}],\"inLanguage\":\"de\"}]}<\/script>\n<!-- \/ Yoast SEO plugin. -->","yoast_head_json":{"title":"GARANTIE | Dalpasso protesi oculari","robots":{"index":"index","follow":"follow","max-snippet":"max-snippet:-1","max-image-preview":"max-image-preview:large","max-video-preview":"max-video-preview:-1"},"canonical":"https:\/\/www.dalpasso.it\/de\/info\/was-sie-ueber-die-anpassung-ihrer-prothese-wissen-muessen\/garantie\/","og_locale":"de_DE","og_type":"article","og_title":"GARANTIE | Dalpasso protesi oculari","og_description":"[vc_row full_width=&#8220;&#8220; parallax=&#8220;&#8220; parallax_image=&#8220;&#8220;][vc_column width=&#8220;2\/3&#8243;][vc_column_text] &nbsp; Die angepasste Prothese wird f\u00fcr zw\u00f6lf Monate garantiert. Auf Anfrage des Patienten ist die Korrektur von Form- und Farbfehlern mit inbegriffen, wenn diese tats\u00e4chlich von unserem Personal best\u00e4tigt werden und die anatomischen und morphologischen Bedingungen von Augenh\u00f6hle und Augenanhangsgebilde die gew\u00fcnschte Korrektur zulassen. Die erste Kontrolle innerhalb von 12 [&hellip;]","og_url":"https:\/\/www.dalpasso.it\/de\/info\/was-sie-ueber-die-anpassung-ihrer-prothese-wissen-muessen\/garantie\/","og_site_name":"Dalpasso protesi oculari","article_modified_time":"2018-05-28T14:51:21+00:00","og_image":[{"width":500,"height":380,"url":"https:\/\/www.dalpasso.it\/wp-content\/uploads\/2018\/05\/hp-garanzia.jpg","type":"image\/jpeg"}],"twitter_card":"summary_large_image","schema":{"@context":"https:\/\/schema.org","@graph":[{"@type":"WebPage","@id":"https:\/\/www.dalpasso.it\/de\/info\/was-sie-ueber-die-anpassung-ihrer-prothese-wissen-muessen\/garantie\/","url":"https:\/\/www.dalpasso.it\/de\/info\/was-sie-ueber-die-anpassung-ihrer-prothese-wissen-muessen\/garantie\/","name":"GARANTIE | Dalpasso protesi oculari","isPartOf":{"@id":"https:\/\/www.dalpasso.it\/de\/#website"},"primaryImageOfPage":{"@id":"https:\/\/www.dalpasso.it\/de\/info\/was-sie-ueber-die-anpassung-ihrer-prothese-wissen-muessen\/garantie\/#primaryimage"},"image":{"@id":"https:\/\/www.dalpasso.it\/de\/info\/was-sie-ueber-die-anpassung-ihrer-prothese-wissen-muessen\/garantie\/#primaryimage"},"thumbnailUrl":"https:\/\/www.dalpasso.it\/wp-content\/uploads\/2018\/05\/hp-garanzia.jpg","datePublished":"2015-11-19T15:26:55+00:00","dateModified":"2018-05-28T14:51:21+00:00","breadcrumb":{"@id":"https:\/\/www.dalpasso.it\/de\/info\/was-sie-ueber-die-anpassung-ihrer-prothese-wissen-muessen\/garantie\/#breadcrumb"},"inLanguage":"de","potentialAction":[{"@type":"ReadAction","target":["https:\/\/www.dalpasso.it\/de\/info\/was-sie-ueber-die-anpassung-ihrer-prothese-wissen-muessen\/garantie\/"]}]},{"@type":"ImageObject","inLanguage":"de","@id":"https:\/\/www.dalpasso.it\/de\/info\/was-sie-ueber-die-anpassung-ihrer-prothese-wissen-muessen\/garantie\/#primaryimage","url":"https:\/\/www.dalpasso.it\/wp-content\/uploads\/2018\/05\/hp-garanzia.jpg","contentUrl":"https:\/\/www.dalpasso.it\/wp-content\/uploads\/2018\/05\/hp-garanzia.jpg","width":500,"height":380},{"@type":"BreadcrumbList","@id":"https:\/\/www.dalpasso.it\/de\/info\/was-sie-ueber-die-anpassung-ihrer-prothese-wissen-muessen\/garantie\/#breadcrumb","itemListElement":[{"@type":"ListItem","position":1,"name":"Home","item":"https:\/\/www.dalpasso.it\/de\/home\/"},{"@type":"ListItem","position":2,"name":"INFO","item":"https:\/\/www.dalpasso.it\/de\/info\/"},{"@type":"ListItem","position":3,"name":"WAS SIE \u00dcBER DIE ANPASSUNG IHRER PROTHESE WISSEN M\u00dcSSEN","item":"https:\/\/www.dalpasso.it\/de\/info\/was-sie-ueber-die-anpassung-ihrer-prothese-wissen-muessen\/"},{"@type":"ListItem","position":4,"name":"GARANTIE"}]},{"@type":"WebSite","@id":"https:\/\/www.dalpasso.it\/de\/#website","url":"https:\/\/www.dalpasso.it\/de\/","name":"DALPASSO Protesi Oculari","description":"","potentialAction":[{"@type":"SearchAction","target":{"@type":"EntryPoint","urlTemplate":"https:\/\/www.dalpasso.it\/de\/?s={search_term_string}"},"query-input":{"@type":"PropertyValueSpecification","valueRequired":true,"valueName":"search_term_string"}}],"inLanguage":"de"}]}},"_links":{"self":[{"href":"https:\/\/www.dalpasso.it\/de\/wp-json\/wp\/v2\/pages\/10991","targetHints":{"allow":["GET"]}}],"collection":[{"href":"https:\/\/www.dalpasso.it\/de\/wp-json\/wp\/v2\/pages"}],"about":[{"href":"https:\/\/www.dalpasso.it\/de\/wp-json\/wp\/v2\/types\/page"}],"author":[{"embeddable":true,"href":"https:\/\/www.dalpasso.it\/de\/wp-json\/wp\/v2\/users\/1"}],"replies":[{"embeddable":true,"href":"https:\/\/www.dalpasso.it\/de\/wp-json\/wp\/v2\/comments?post=10991"}],"version-history":[{"count":2,"href":"https:\/\/www.dalpasso.it\/de\/wp-json\/wp\/v2\/pages\/10991\/revisions"}],"predecessor-version":[{"id":11029,"href":"https:\/\/www.dalpasso.it\/de\/wp-json\/wp\/v2\/pages\/10991\/revisions\/11029"}],"up":[{"embeddable":true,"href":"https:\/\/www.dalpasso.it\/de\/wp-json\/wp\/v2\/pages\/11162"}],"wp:featuredmedia":[{"embeddable":true,"href":"https:\/\/www.dalpasso.it\/de\/wp-json\/wp\/v2\/media\/15453"}],"wp:attachment":[{"href":"https:\/\/www.dalpasso.it\/de\/wp-json\/wp\/v2\/media?parent=10991"}],"curies":[{"name":"wp","href":"https:\/\/api.w.org\/{rel}","templated":true}]}}