{"id":10983,"date":"2015-11-19T16:20:45","date_gmt":"2015-11-19T15:20:45","guid":{"rendered":"http:\/\/www.dalpasso.it\/de\/?page_id=10983"},"modified":"2018-05-28T17:17:23","modified_gmt":"2018-05-28T15:17:23","slug":"dauer-der-anpassung","status":"publish","type":"page","link":"https:\/\/www.dalpasso.it\/de\/info\/was-sie-ueber-die-anpassung-ihrer-prothese-wissen-muessen\/dauer-der-anpassung\/","title":{"rendered":"DAUER DER ANPASSUNG"},"content":{"rendered":"<div class=\"wpb-content-wrapper\">[vc_row full_width=&#8220;&#8220; parallax=&#8220;&#8220; parallax_image=&#8220;&#8220;][vc_column width=&#8220;2\/3&#8243;][vc_column_text]<img loading=\"lazy\" decoding=\"async\" class=\"alignnone size-medium wp-image-10015\" src=\"https:\/\/www.dalpasso.it\/wp-content\/uploads\/2015\/10\/durata-300x200.jpg\" alt=\"durata\" width=\"300\" height=\"200\" srcset=\"https:\/\/www.dalpasso.it\/wp-content\/uploads\/2015\/10\/durata-300x200.jpg 300w, https:\/\/www.dalpasso.it\/wp-content\/uploads\/2015\/10\/durata.jpg 722w\" sizes=\"auto, (max-width: 300px) 100vw, 300px\" \/><\/p>\n<p>&nbsp;<\/p>\n<p>Der Patient sollte normalerweise 2 oder 3 Stunden am Morgen und weitere 2 oder 3 Stunden am Nachmittag desselben Tages verf\u00fcgbar sein.<\/p>\n<p>Die Prothese wird bis sp\u00e4testens 18 Uhr \u00fcbergeben. Das Provisorium wird normalerweise am Ende des ersten Termins ausgeh\u00e4ndigt.<\/p>\n<p>Die Anpassung der definitiven Prothese wird bei den anschlie\u00dfenden Terminen vollendet.<\/p>\n<p>Ausw\u00e4rtige Patienten werden gebeten, mindestens zwei aufeinander folgende Tage zu bleiben, an denen die gesamte Anpassung erfolgt (Provisorium + definitive Prothese).<\/p>\n<p>Der Patient wird gebeten, p\u00fcnktlich zu seinem Termin zu erscheinen, um technische Komplikationen und st\u00f6rende \u00dcberscheidungen mit den Terminen anderer Patienten zu vermeiden.[\/vc_column_text][\/vc_column][vc_column width=&#8220;1\/3&#8243;][vc_column_text]<br \/>\n[\/vc_column_text][\/vc_column][\/vc_row]<\/div>","protected":false},"excerpt":{"rendered":"<p>[vc_row full_width=&#8220;&#8220; parallax=&#8220;&#8220; parallax_image=&#8220;&#8220;][vc_column width=&#8220;2\/3&#8243;][vc_column_text] &nbsp; Der Patient sollte normalerweise 2 oder 3 Stunden am Morgen und weitere 2 oder 3 Stunden am Nachmittag desselben Tages verf\u00fcgbar sein. Die Prothese wird bis sp\u00e4testens 18 Uhr \u00fcbergeben. Das Provisorium wird normalerweise am Ende des ersten Termins ausgeh\u00e4ndigt. Die Anpassung der definitiven Prothese wird bei den anschlie\u00dfenden [&hellip;]<\/p>\n","protected":false},"author":1,"featured_media":15454,"parent":11162,"menu_order":21,"comment_status":"closed","ping_status":"closed","template":"","meta":{"footnotes":""},"class_list":["post-10983","page","type-page","status-publish","has-post-thumbnail","hentry"],"yoast_head":"<!-- This site is optimized with the Yoast SEO plugin v27.1.1 - https:\/\/yoast.com\/product\/yoast-seo-wordpress\/ -->\n<title>DAUER DER ANPASSUNG | Dalpasso protesi oculari<\/title>\n<meta name=\"robots\" content=\"index, follow, max-snippet:-1, max-image-preview:large, max-video-preview:-1\" \/>\n<link rel=\"canonical\" href=\"https:\/\/www.dalpasso.it\/de\/info\/was-sie-ueber-die-anpassung-ihrer-prothese-wissen-muessen\/dauer-der-anpassung\/\" \/>\n<meta property=\"og:locale\" content=\"de_DE\" \/>\n<meta property=\"og:type\" content=\"article\" \/>\n<meta property=\"og:title\" content=\"DAUER DER ANPASSUNG | Dalpasso protesi oculari\" \/>\n<meta property=\"og:description\" content=\"[vc_row full_width=&#8220;&#8220; parallax=&#8220;&#8220; parallax_image=&#8220;&#8220;][vc_column width=&#8220;2\/3&#8243;][vc_column_text] &nbsp; Der Patient sollte normalerweise 2 oder 3 Stunden am Morgen und weitere 2 oder 3 Stunden am Nachmittag desselben Tages verf\u00fcgbar sein. Die Prothese wird bis sp\u00e4testens 18 Uhr \u00fcbergeben. Das Provisorium wird normalerweise am Ende des ersten Termins ausgeh\u00e4ndigt. Die Anpassung der definitiven Prothese wird bei den anschlie\u00dfenden [&hellip;]\" \/>\n<meta property=\"og:url\" content=\"https:\/\/www.dalpasso.it\/de\/info\/was-sie-ueber-die-anpassung-ihrer-prothese-wissen-muessen\/dauer-der-anpassung\/\" \/>\n<meta property=\"og:site_name\" content=\"Dalpasso protesi oculari\" \/>\n<meta property=\"article:modified_time\" content=\"2018-05-28T15:17:23+00:00\" \/>\n<meta property=\"og:image\" content=\"https:\/\/www.dalpasso.it\/wp-content\/uploads\/2018\/05\/hp-durata.jpg\" \/>\n\t<meta property=\"og:image:width\" content=\"500\" \/>\n\t<meta property=\"og:image:height\" content=\"380\" \/>\n\t<meta property=\"og:image:type\" content=\"image\/jpeg\" \/>\n<meta name=\"twitter:card\" content=\"summary_large_image\" \/>\n<meta name=\"twitter:label1\" content=\"Gesch\u00e4tzte Lesezeit\" \/>\n\t<meta name=\"twitter:data1\" content=\"1\u00a0Minute\" \/>\n<script type=\"application\/ld+json\" class=\"yoast-schema-graph\">{\"@context\":\"https:\/\/schema.org\",\"@graph\":[{\"@type\":\"WebPage\",\"@id\":\"https:\/\/www.dalpasso.it\/de\/info\/was-sie-ueber-die-anpassung-ihrer-prothese-wissen-muessen\/dauer-der-anpassung\/\",\"url\":\"https:\/\/www.dalpasso.it\/de\/info\/was-sie-ueber-die-anpassung-ihrer-prothese-wissen-muessen\/dauer-der-anpassung\/\",\"name\":\"DAUER DER ANPASSUNG | Dalpasso protesi oculari\",\"isPartOf\":{\"@id\":\"https:\/\/www.dalpasso.it\/de\/#website\"},\"primaryImageOfPage\":{\"@id\":\"https:\/\/www.dalpasso.it\/de\/info\/was-sie-ueber-die-anpassung-ihrer-prothese-wissen-muessen\/dauer-der-anpassung\/#primaryimage\"},\"image\":{\"@id\":\"https:\/\/www.dalpasso.it\/de\/info\/was-sie-ueber-die-anpassung-ihrer-prothese-wissen-muessen\/dauer-der-anpassung\/#primaryimage\"},\"thumbnailUrl\":\"https:\/\/www.dalpasso.it\/wp-content\/uploads\/2018\/05\/hp-durata.jpg\",\"datePublished\":\"2015-11-19T15:20:45+00:00\",\"dateModified\":\"2018-05-28T15:17:23+00:00\",\"breadcrumb\":{\"@id\":\"https:\/\/www.dalpasso.it\/de\/info\/was-sie-ueber-die-anpassung-ihrer-prothese-wissen-muessen\/dauer-der-anpassung\/#breadcrumb\"},\"inLanguage\":\"de\",\"potentialAction\":[{\"@type\":\"ReadAction\",\"target\":[\"https:\/\/www.dalpasso.it\/de\/info\/was-sie-ueber-die-anpassung-ihrer-prothese-wissen-muessen\/dauer-der-anpassung\/\"]}]},{\"@type\":\"ImageObject\",\"inLanguage\":\"de\",\"@id\":\"https:\/\/www.dalpasso.it\/de\/info\/was-sie-ueber-die-anpassung-ihrer-prothese-wissen-muessen\/dauer-der-anpassung\/#primaryimage\",\"url\":\"https:\/\/www.dalpasso.it\/wp-content\/uploads\/2018\/05\/hp-durata.jpg\",\"contentUrl\":\"https:\/\/www.dalpasso.it\/wp-content\/uploads\/2018\/05\/hp-durata.jpg\",\"width\":500,\"height\":380},{\"@type\":\"BreadcrumbList\",\"@id\":\"https:\/\/www.dalpasso.it\/de\/info\/was-sie-ueber-die-anpassung-ihrer-prothese-wissen-muessen\/dauer-der-anpassung\/#breadcrumb\",\"itemListElement\":[{\"@type\":\"ListItem\",\"position\":1,\"name\":\"Home\",\"item\":\"https:\/\/www.dalpasso.it\/de\/home\/\"},{\"@type\":\"ListItem\",\"position\":2,\"name\":\"INFO\",\"item\":\"https:\/\/www.dalpasso.it\/de\/info\/\"},{\"@type\":\"ListItem\",\"position\":3,\"name\":\"WAS SIE \u00dcBER DIE ANPASSUNG IHRER PROTHESE WISSEN M\u00dcSSEN\",\"item\":\"https:\/\/www.dalpasso.it\/de\/info\/was-sie-ueber-die-anpassung-ihrer-prothese-wissen-muessen\/\"},{\"@type\":\"ListItem\",\"position\":4,\"name\":\"DAUER DER ANPASSUNG\"}]},{\"@type\":\"WebSite\",\"@id\":\"https:\/\/www.dalpasso.it\/de\/#website\",\"url\":\"https:\/\/www.dalpasso.it\/de\/\",\"name\":\"DALPASSO Protesi Oculari\",\"description\":\"\",\"potentialAction\":[{\"@type\":\"SearchAction\",\"target\":{\"@type\":\"EntryPoint\",\"urlTemplate\":\"https:\/\/www.dalpasso.it\/de\/?s={search_term_string}\"},\"query-input\":{\"@type\":\"PropertyValueSpecification\",\"valueRequired\":true,\"valueName\":\"search_term_string\"}}],\"inLanguage\":\"de\"}]}<\/script>\n<!-- \/ Yoast SEO plugin. -->","yoast_head_json":{"title":"DAUER DER ANPASSUNG | Dalpasso protesi oculari","robots":{"index":"index","follow":"follow","max-snippet":"max-snippet:-1","max-image-preview":"max-image-preview:large","max-video-preview":"max-video-preview:-1"},"canonical":"https:\/\/www.dalpasso.it\/de\/info\/was-sie-ueber-die-anpassung-ihrer-prothese-wissen-muessen\/dauer-der-anpassung\/","og_locale":"de_DE","og_type":"article","og_title":"DAUER DER ANPASSUNG | Dalpasso protesi oculari","og_description":"[vc_row full_width=&#8220;&#8220; parallax=&#8220;&#8220; parallax_image=&#8220;&#8220;][vc_column width=&#8220;2\/3&#8243;][vc_column_text] &nbsp; Der Patient sollte normalerweise 2 oder 3 Stunden am Morgen und weitere 2 oder 3 Stunden am Nachmittag desselben Tages verf\u00fcgbar sein. Die Prothese wird bis sp\u00e4testens 18 Uhr \u00fcbergeben. Das Provisorium wird normalerweise am Ende des ersten Termins ausgeh\u00e4ndigt. Die Anpassung der definitiven Prothese wird bei den anschlie\u00dfenden [&hellip;]","og_url":"https:\/\/www.dalpasso.it\/de\/info\/was-sie-ueber-die-anpassung-ihrer-prothese-wissen-muessen\/dauer-der-anpassung\/","og_site_name":"Dalpasso protesi oculari","article_modified_time":"2018-05-28T15:17:23+00:00","og_image":[{"width":500,"height":380,"url":"https:\/\/www.dalpasso.it\/wp-content\/uploads\/2018\/05\/hp-durata.jpg","type":"image\/jpeg"}],"twitter_card":"summary_large_image","twitter_misc":{"Gesch\u00e4tzte Lesezeit":"1\u00a0Minute"},"schema":{"@context":"https:\/\/schema.org","@graph":[{"@type":"WebPage","@id":"https:\/\/www.dalpasso.it\/de\/info\/was-sie-ueber-die-anpassung-ihrer-prothese-wissen-muessen\/dauer-der-anpassung\/","url":"https:\/\/www.dalpasso.it\/de\/info\/was-sie-ueber-die-anpassung-ihrer-prothese-wissen-muessen\/dauer-der-anpassung\/","name":"DAUER DER ANPASSUNG | Dalpasso protesi oculari","isPartOf":{"@id":"https:\/\/www.dalpasso.it\/de\/#website"},"primaryImageOfPage":{"@id":"https:\/\/www.dalpasso.it\/de\/info\/was-sie-ueber-die-anpassung-ihrer-prothese-wissen-muessen\/dauer-der-anpassung\/#primaryimage"},"image":{"@id":"https:\/\/www.dalpasso.it\/de\/info\/was-sie-ueber-die-anpassung-ihrer-prothese-wissen-muessen\/dauer-der-anpassung\/#primaryimage"},"thumbnailUrl":"https:\/\/www.dalpasso.it\/wp-content\/uploads\/2018\/05\/hp-durata.jpg","datePublished":"2015-11-19T15:20:45+00:00","dateModified":"2018-05-28T15:17:23+00:00","breadcrumb":{"@id":"https:\/\/www.dalpasso.it\/de\/info\/was-sie-ueber-die-anpassung-ihrer-prothese-wissen-muessen\/dauer-der-anpassung\/#breadcrumb"},"inLanguage":"de","potentialAction":[{"@type":"ReadAction","target":["https:\/\/www.dalpasso.it\/de\/info\/was-sie-ueber-die-anpassung-ihrer-prothese-wissen-muessen\/dauer-der-anpassung\/"]}]},{"@type":"ImageObject","inLanguage":"de","@id":"https:\/\/www.dalpasso.it\/de\/info\/was-sie-ueber-die-anpassung-ihrer-prothese-wissen-muessen\/dauer-der-anpassung\/#primaryimage","url":"https:\/\/www.dalpasso.it\/wp-content\/uploads\/2018\/05\/hp-durata.jpg","contentUrl":"https:\/\/www.dalpasso.it\/wp-content\/uploads\/2018\/05\/hp-durata.jpg","width":500,"height":380},{"@type":"BreadcrumbList","@id":"https:\/\/www.dalpasso.it\/de\/info\/was-sie-ueber-die-anpassung-ihrer-prothese-wissen-muessen\/dauer-der-anpassung\/#breadcrumb","itemListElement":[{"@type":"ListItem","position":1,"name":"Home","item":"https:\/\/www.dalpasso.it\/de\/home\/"},{"@type":"ListItem","position":2,"name":"INFO","item":"https:\/\/www.dalpasso.it\/de\/info\/"},{"@type":"ListItem","position":3,"name":"WAS SIE \u00dcBER DIE ANPASSUNG IHRER PROTHESE WISSEN M\u00dcSSEN","item":"https:\/\/www.dalpasso.it\/de\/info\/was-sie-ueber-die-anpassung-ihrer-prothese-wissen-muessen\/"},{"@type":"ListItem","position":4,"name":"DAUER DER ANPASSUNG"}]},{"@type":"WebSite","@id":"https:\/\/www.dalpasso.it\/de\/#website","url":"https:\/\/www.dalpasso.it\/de\/","name":"DALPASSO Protesi Oculari","description":"","potentialAction":[{"@type":"SearchAction","target":{"@type":"EntryPoint","urlTemplate":"https:\/\/www.dalpasso.it\/de\/?s={search_term_string}"},"query-input":{"@type":"PropertyValueSpecification","valueRequired":true,"valueName":"search_term_string"}}],"inLanguage":"de"}]}},"_links":{"self":[{"href":"https:\/\/www.dalpasso.it\/de\/wp-json\/wp\/v2\/pages\/10983","targetHints":{"allow":["GET"]}}],"collection":[{"href":"https:\/\/www.dalpasso.it\/de\/wp-json\/wp\/v2\/pages"}],"about":[{"href":"https:\/\/www.dalpasso.it\/de\/wp-json\/wp\/v2\/types\/page"}],"author":[{"embeddable":true,"href":"https:\/\/www.dalpasso.it\/de\/wp-json\/wp\/v2\/users\/1"}],"replies":[{"embeddable":true,"href":"https:\/\/www.dalpasso.it\/de\/wp-json\/wp\/v2\/comments?post=10983"}],"version-history":[{"count":1,"href":"https:\/\/www.dalpasso.it\/de\/wp-json\/wp\/v2\/pages\/10983\/revisions"}],"predecessor-version":[{"id":10986,"href":"https:\/\/www.dalpasso.it\/de\/wp-json\/wp\/v2\/pages\/10983\/revisions\/10986"}],"up":[{"embeddable":true,"href":"https:\/\/www.dalpasso.it\/de\/wp-json\/wp\/v2\/pages\/11162"}],"wp:featuredmedia":[{"embeddable":true,"href":"https:\/\/www.dalpasso.it\/de\/wp-json\/wp\/v2\/media\/15454"}],"wp:attachment":[{"href":"https:\/\/www.dalpasso.it\/de\/wp-json\/wp\/v2\/media?parent=10983"}],"curies":[{"name":"wp","href":"https:\/\/api.w.org\/{rel}","templated":true}]}}