{"id":10944,"date":"2015-11-19T15:40:30","date_gmt":"2015-11-19T14:40:30","guid":{"rendered":"http:\/\/www.dalpasso.it\/de\/?page_id=10944"},"modified":"2015-11-26T09:46:14","modified_gmt":"2015-11-26T08:46:14","slug":"umberto-chiavazza-parma","status":"publish","type":"page","link":"https:\/\/www.dalpasso.it\/de\/testimonial\/umberto-chiavazza-parma\/","title":{"rendered":"Umberto Chiavazza (Parma)"},"content":{"rendered":"<div class=\"wpb-content-wrapper\">[vc_row][vc_column width=&#8220;1\/4&#8243;][vc_single_image image=&#8220;1526&#8243; border_color=&#8220;grey&#8220; img_link_target=&#8220;_self&#8220; img_size=&#8220;medium&#8220; img_link_large=&#8220;yes&#8220; el_class=&#8220;prettyPhoto&#8220;][\/vc_column][vc_column width=&#8220;1\/2&#8243;][vc_column_text]Im September 2010 wurde ich auf dem Heimweg \u00fcberfallen und habe den vollst\u00e4ndigen Verlust meines rechten Auges erlitten&#8230;von einem Moment zum anderen stand ich mit nur 32 Jahren ohne ein Auge da, was f\u00fcr mich ein wahrhaftiges Drama darstellte, denn ich war immer schon ein wenig narzisstisch veranlagt&#8230; Nach verschiedenen Operationen bot sich mir die Gelegenheit, das Zentrum Dalpasso kennenzulernen, und nach ein paar Gespr\u00e4chen wurde eine ma\u00dfgefertigte Prothese angepasst. Ich konnte es kaum glauben, denn mir schien, endlich das fehlende St\u00fcck von mir wiedergefunden zu haben!<\/p>\n<p>&nbsp;<\/p>\n<p>Ein Team echter Profis mit einer Menschlichkeit und Freundlichkeit, die man schwerlich anderswo antrifft!<\/p>\n<p>&nbsp;<\/p>\n<p>MEIN DANKESCH\u00d6N AUS TIEFEM HERZEN![\/vc_column_text][\/vc_column][\/vc_row]<\/div>","protected":false},"excerpt":{"rendered":"<p>[vc_row][vc_column width=&#8220;1\/4&#8243;][vc_single_image image=&#8220;1526&#8243; border_color=&#8220;grey&#8220; img_link_target=&#8220;_self&#8220; img_size=&#8220;medium&#8220; img_link_large=&#8220;yes&#8220; el_class=&#8220;prettyPhoto&#8220;][\/vc_column][vc_column width=&#8220;1\/2&#8243;][vc_column_text]Im September 2010 wurde ich auf dem Heimweg \u00fcberfallen und habe den vollst\u00e4ndigen Verlust meines rechten Auges erlitten&#8230;von einem Moment zum anderen stand ich mit nur 32 Jahren ohne ein Auge da, was f\u00fcr mich ein wahrhaftiges Drama darstellte, denn ich war immer schon ein wenig narzisstisch [&hellip;]<\/p>\n","protected":false},"author":1,"featured_media":0,"parent":10876,"menu_order":0,"comment_status":"closed","ping_status":"closed","template":"","meta":{"footnotes":""},"class_list":["post-10944","page","type-page","status-publish","hentry"],"yoast_head":"<!-- This site is optimized with the Yoast SEO plugin v27.1.1 - https:\/\/yoast.com\/product\/yoast-seo-wordpress\/ -->\n<title>Umberto Chiavazza (Parma) | Dalpasso protesi oculari<\/title>\n<meta name=\"robots\" content=\"index, follow, max-snippet:-1, max-image-preview:large, max-video-preview:-1\" \/>\n<link rel=\"canonical\" href=\"https:\/\/www.dalpasso.it\/de\/testimonial\/umberto-chiavazza-parma\/\" \/>\n<meta property=\"og:locale\" content=\"de_DE\" \/>\n<meta property=\"og:type\" content=\"article\" \/>\n<meta property=\"og:title\" content=\"Umberto Chiavazza (Parma) | Dalpasso protesi oculari\" \/>\n<meta property=\"og:description\" content=\"[vc_row][vc_column width=&#8220;1\/4&#8243;][vc_single_image image=&#8220;1526&#8243; border_color=&#8220;grey&#8220; img_link_target=&#8220;_self&#8220; img_size=&#8220;medium&#8220; img_link_large=&#8220;yes&#8220; el_class=&#8220;prettyPhoto&#8220;][\/vc_column][vc_column width=&#8220;1\/2&#8243;][vc_column_text]Im September 2010 wurde ich auf dem Heimweg \u00fcberfallen und habe den vollst\u00e4ndigen Verlust meines rechten Auges erlitten&#8230;von einem Moment zum anderen stand ich mit nur 32 Jahren ohne ein Auge da, was f\u00fcr mich ein wahrhaftiges Drama darstellte, denn ich war immer schon ein wenig narzisstisch [&hellip;]\" \/>\n<meta property=\"og:url\" content=\"https:\/\/www.dalpasso.it\/de\/testimonial\/umberto-chiavazza-parma\/\" \/>\n<meta property=\"og:site_name\" content=\"Dalpasso protesi oculari\" \/>\n<meta property=\"article:modified_time\" content=\"2015-11-26T08:46:14+00:00\" \/>\n<meta name=\"twitter:card\" content=\"summary_large_image\" \/>\n<meta name=\"twitter:label1\" content=\"Gesch\u00e4tzte Lesezeit\" \/>\n\t<meta name=\"twitter:data1\" content=\"1\u00a0Minute\" \/>\n<script type=\"application\/ld+json\" class=\"yoast-schema-graph\">{\"@context\":\"https:\/\/schema.org\",\"@graph\":[{\"@type\":\"WebPage\",\"@id\":\"https:\/\/www.dalpasso.it\/de\/testimonial\/umberto-chiavazza-parma\/\",\"url\":\"https:\/\/www.dalpasso.it\/de\/testimonial\/umberto-chiavazza-parma\/\",\"name\":\"Umberto Chiavazza (Parma) | Dalpasso protesi oculari\",\"isPartOf\":{\"@id\":\"https:\/\/www.dalpasso.it\/de\/#website\"},\"datePublished\":\"2015-11-19T14:40:30+00:00\",\"dateModified\":\"2015-11-26T08:46:14+00:00\",\"breadcrumb\":{\"@id\":\"https:\/\/www.dalpasso.it\/de\/testimonial\/umberto-chiavazza-parma\/#breadcrumb\"},\"inLanguage\":\"de\",\"potentialAction\":[{\"@type\":\"ReadAction\",\"target\":[\"https:\/\/www.dalpasso.it\/de\/testimonial\/umberto-chiavazza-parma\/\"]}]},{\"@type\":\"BreadcrumbList\",\"@id\":\"https:\/\/www.dalpasso.it\/de\/testimonial\/umberto-chiavazza-parma\/#breadcrumb\",\"itemListElement\":[{\"@type\":\"ListItem\",\"position\":1,\"name\":\"Home\",\"item\":\"https:\/\/www.dalpasso.it\/de\/home\/\"},{\"@type\":\"ListItem\",\"position\":2,\"name\":\"TESTIMONIAL\",\"item\":\"https:\/\/www.dalpasso.it\/de\/testimonial\/\"},{\"@type\":\"ListItem\",\"position\":3,\"name\":\"Umberto Chiavazza (Parma)\"}]},{\"@type\":\"WebSite\",\"@id\":\"https:\/\/www.dalpasso.it\/de\/#website\",\"url\":\"https:\/\/www.dalpasso.it\/de\/\",\"name\":\"DALPASSO Protesi Oculari\",\"description\":\"\",\"potentialAction\":[{\"@type\":\"SearchAction\",\"target\":{\"@type\":\"EntryPoint\",\"urlTemplate\":\"https:\/\/www.dalpasso.it\/de\/?s={search_term_string}\"},\"query-input\":{\"@type\":\"PropertyValueSpecification\",\"valueRequired\":true,\"valueName\":\"search_term_string\"}}],\"inLanguage\":\"de\"}]}<\/script>\n<!-- \/ Yoast SEO plugin. -->","yoast_head_json":{"title":"Umberto Chiavazza (Parma) | Dalpasso protesi oculari","robots":{"index":"index","follow":"follow","max-snippet":"max-snippet:-1","max-image-preview":"max-image-preview:large","max-video-preview":"max-video-preview:-1"},"canonical":"https:\/\/www.dalpasso.it\/de\/testimonial\/umberto-chiavazza-parma\/","og_locale":"de_DE","og_type":"article","og_title":"Umberto Chiavazza (Parma) | Dalpasso protesi oculari","og_description":"[vc_row][vc_column width=&#8220;1\/4&#8243;][vc_single_image image=&#8220;1526&#8243; border_color=&#8220;grey&#8220; img_link_target=&#8220;_self&#8220; img_size=&#8220;medium&#8220; img_link_large=&#8220;yes&#8220; el_class=&#8220;prettyPhoto&#8220;][\/vc_column][vc_column width=&#8220;1\/2&#8243;][vc_column_text]Im September 2010 wurde ich auf dem Heimweg \u00fcberfallen und habe den vollst\u00e4ndigen Verlust meines rechten Auges erlitten&#8230;von einem Moment zum anderen stand ich mit nur 32 Jahren ohne ein Auge da, was f\u00fcr mich ein wahrhaftiges Drama darstellte, denn ich war immer schon ein wenig narzisstisch [&hellip;]","og_url":"https:\/\/www.dalpasso.it\/de\/testimonial\/umberto-chiavazza-parma\/","og_site_name":"Dalpasso protesi oculari","article_modified_time":"2015-11-26T08:46:14+00:00","twitter_card":"summary_large_image","twitter_misc":{"Gesch\u00e4tzte Lesezeit":"1\u00a0Minute"},"schema":{"@context":"https:\/\/schema.org","@graph":[{"@type":"WebPage","@id":"https:\/\/www.dalpasso.it\/de\/testimonial\/umberto-chiavazza-parma\/","url":"https:\/\/www.dalpasso.it\/de\/testimonial\/umberto-chiavazza-parma\/","name":"Umberto Chiavazza (Parma) | Dalpasso protesi oculari","isPartOf":{"@id":"https:\/\/www.dalpasso.it\/de\/#website"},"datePublished":"2015-11-19T14:40:30+00:00","dateModified":"2015-11-26T08:46:14+00:00","breadcrumb":{"@id":"https:\/\/www.dalpasso.it\/de\/testimonial\/umberto-chiavazza-parma\/#breadcrumb"},"inLanguage":"de","potentialAction":[{"@type":"ReadAction","target":["https:\/\/www.dalpasso.it\/de\/testimonial\/umberto-chiavazza-parma\/"]}]},{"@type":"BreadcrumbList","@id":"https:\/\/www.dalpasso.it\/de\/testimonial\/umberto-chiavazza-parma\/#breadcrumb","itemListElement":[{"@type":"ListItem","position":1,"name":"Home","item":"https:\/\/www.dalpasso.it\/de\/home\/"},{"@type":"ListItem","position":2,"name":"TESTIMONIAL","item":"https:\/\/www.dalpasso.it\/de\/testimonial\/"},{"@type":"ListItem","position":3,"name":"Umberto Chiavazza (Parma)"}]},{"@type":"WebSite","@id":"https:\/\/www.dalpasso.it\/de\/#website","url":"https:\/\/www.dalpasso.it\/de\/","name":"DALPASSO Protesi Oculari","description":"","potentialAction":[{"@type":"SearchAction","target":{"@type":"EntryPoint","urlTemplate":"https:\/\/www.dalpasso.it\/de\/?s={search_term_string}"},"query-input":{"@type":"PropertyValueSpecification","valueRequired":true,"valueName":"search_term_string"}}],"inLanguage":"de"}]}},"_links":{"self":[{"href":"https:\/\/www.dalpasso.it\/de\/wp-json\/wp\/v2\/pages\/10944","targetHints":{"allow":["GET"]}}],"collection":[{"href":"https:\/\/www.dalpasso.it\/de\/wp-json\/wp\/v2\/pages"}],"about":[{"href":"https:\/\/www.dalpasso.it\/de\/wp-json\/wp\/v2\/types\/page"}],"author":[{"embeddable":true,"href":"https:\/\/www.dalpasso.it\/de\/wp-json\/wp\/v2\/users\/1"}],"replies":[{"embeddable":true,"href":"https:\/\/www.dalpasso.it\/de\/wp-json\/wp\/v2\/comments?post=10944"}],"version-history":[{"count":2,"href":"https:\/\/www.dalpasso.it\/de\/wp-json\/wp\/v2\/pages\/10944\/revisions"}],"predecessor-version":[{"id":11712,"href":"https:\/\/www.dalpasso.it\/de\/wp-json\/wp\/v2\/pages\/10944\/revisions\/11712"}],"up":[{"embeddable":true,"href":"https:\/\/www.dalpasso.it\/de\/wp-json\/wp\/v2\/pages\/10876"}],"wp:attachment":[{"href":"https:\/\/www.dalpasso.it\/de\/wp-json\/wp\/v2\/media?parent=10944"}],"curies":[{"name":"wp","href":"https:\/\/api.w.org\/{rel}","templated":true}]}}