{"id":10940,"date":"2015-11-19T15:38:05","date_gmt":"2015-11-19T14:38:05","guid":{"rendered":"http:\/\/www.dalpasso.it\/de\/?page_id=10940"},"modified":"2015-11-19T15:38:05","modified_gmt":"2015-11-19T14:38:05","slug":"oscar-caravello-alessandria","status":"publish","type":"page","link":"https:\/\/www.dalpasso.it\/de\/testimonial\/oscar-caravello-alessandria\/","title":{"rendered":"Oscar Caravello (Alessandria)"},"content":{"rendered":"<div class=\"wpb-content-wrapper\">[vc_row][vc_column width=&#8220;1\/4&#8243;][vc_single_image image=&#8220;1534&#8243; border_color=&#8220;grey&#8220; img_link_target=&#8220;_self&#8220; img_size=&#8220;medium&#8220; img_link_large=&#8220;yes&#8220; el_class=&#8220;prettyPhoto&#8220;][\/vc_column][vc_column width=&#8220;1\/2&#8243;][vc_column_text]Nach Jahre nicht nur k\u00f6rperlicher sondern auch seelischer Beschwerden hat mir das Treffen mit Dalpasso mein L\u00e4cheln zur\u00fcckgegeben.<\/p>\n<p>Hier wurde ich von einer Gruppe von Personen betreut, die mit Freundlichkeit und h\u00f6chster Professionalit\u00e4t die optimale L\u00f6sung f\u00fcr meine Situation gefunden haben.<\/p>\n<p>Vielen Dank an alle![\/vc_column_text][\/vc_column][\/vc_row]<\/div>","protected":false},"excerpt":{"rendered":"<p>[vc_row][vc_column width=&#8220;1\/4&#8243;][vc_single_image image=&#8220;1534&#8243; border_color=&#8220;grey&#8220; img_link_target=&#8220;_self&#8220; img_size=&#8220;medium&#8220; img_link_large=&#8220;yes&#8220; el_class=&#8220;prettyPhoto&#8220;][\/vc_column][vc_column width=&#8220;1\/2&#8243;][vc_column_text]Nach Jahre nicht nur k\u00f6rperlicher sondern auch seelischer Beschwerden hat mir das Treffen mit Dalpasso mein L\u00e4cheln zur\u00fcckgegeben. Hier wurde ich von einer Gruppe von Personen betreut, die mit Freundlichkeit und h\u00f6chster Professionalit\u00e4t die optimale L\u00f6sung f\u00fcr meine Situation gefunden haben. Vielen Dank an alle![\/vc_column_text][\/vc_column][\/vc_row]<\/p>\n","protected":false},"author":1,"featured_media":0,"parent":10876,"menu_order":0,"comment_status":"closed","ping_status":"closed","template":"","meta":{"footnotes":""},"class_list":["post-10940","page","type-page","status-publish","hentry"],"yoast_head":"<!-- This site is optimized with the Yoast SEO plugin v27.1.1 - https:\/\/yoast.com\/product\/yoast-seo-wordpress\/ -->\n<title>Oscar Caravello (Alessandria) | Dalpasso protesi oculari<\/title>\n<meta name=\"robots\" content=\"index, follow, max-snippet:-1, max-image-preview:large, max-video-preview:-1\" \/>\n<link rel=\"canonical\" href=\"https:\/\/www.dalpasso.it\/de\/testimonial\/oscar-caravello-alessandria\/\" \/>\n<meta property=\"og:locale\" content=\"de_DE\" \/>\n<meta property=\"og:type\" content=\"article\" \/>\n<meta property=\"og:title\" content=\"Oscar Caravello (Alessandria) | Dalpasso protesi oculari\" \/>\n<meta property=\"og:description\" content=\"[vc_row][vc_column width=&#8220;1\/4&#8243;][vc_single_image image=&#8220;1534&#8243; border_color=&#8220;grey&#8220; img_link_target=&#8220;_self&#8220; img_size=&#8220;medium&#8220; img_link_large=&#8220;yes&#8220; el_class=&#8220;prettyPhoto&#8220;][\/vc_column][vc_column width=&#8220;1\/2&#8243;][vc_column_text]Nach Jahre nicht nur k\u00f6rperlicher sondern auch seelischer Beschwerden hat mir das Treffen mit Dalpasso mein L\u00e4cheln zur\u00fcckgegeben. Hier wurde ich von einer Gruppe von Personen betreut, die mit Freundlichkeit und h\u00f6chster Professionalit\u00e4t die optimale L\u00f6sung f\u00fcr meine Situation gefunden haben. Vielen Dank an alle![\/vc_column_text][\/vc_column][\/vc_row]\" \/>\n<meta property=\"og:url\" content=\"https:\/\/www.dalpasso.it\/de\/testimonial\/oscar-caravello-alessandria\/\" \/>\n<meta property=\"og:site_name\" content=\"Dalpasso protesi oculari\" \/>\n<meta name=\"twitter:card\" content=\"summary_large_image\" \/>\n<script type=\"application\/ld+json\" class=\"yoast-schema-graph\">{\"@context\":\"https:\/\/schema.org\",\"@graph\":[{\"@type\":\"WebPage\",\"@id\":\"https:\/\/www.dalpasso.it\/de\/testimonial\/oscar-caravello-alessandria\/\",\"url\":\"https:\/\/www.dalpasso.it\/de\/testimonial\/oscar-caravello-alessandria\/\",\"name\":\"Oscar Caravello (Alessandria) | Dalpasso protesi oculari\",\"isPartOf\":{\"@id\":\"https:\/\/www.dalpasso.it\/de\/#website\"},\"datePublished\":\"2015-11-19T14:38:05+00:00\",\"breadcrumb\":{\"@id\":\"https:\/\/www.dalpasso.it\/de\/testimonial\/oscar-caravello-alessandria\/#breadcrumb\"},\"inLanguage\":\"de\",\"potentialAction\":[{\"@type\":\"ReadAction\",\"target\":[\"https:\/\/www.dalpasso.it\/de\/testimonial\/oscar-caravello-alessandria\/\"]}]},{\"@type\":\"BreadcrumbList\",\"@id\":\"https:\/\/www.dalpasso.it\/de\/testimonial\/oscar-caravello-alessandria\/#breadcrumb\",\"itemListElement\":[{\"@type\":\"ListItem\",\"position\":1,\"name\":\"Home\",\"item\":\"https:\/\/www.dalpasso.it\/de\/home\/\"},{\"@type\":\"ListItem\",\"position\":2,\"name\":\"TESTIMONIAL\",\"item\":\"https:\/\/www.dalpasso.it\/de\/testimonial\/\"},{\"@type\":\"ListItem\",\"position\":3,\"name\":\"Oscar Caravello (Alessandria)\"}]},{\"@type\":\"WebSite\",\"@id\":\"https:\/\/www.dalpasso.it\/de\/#website\",\"url\":\"https:\/\/www.dalpasso.it\/de\/\",\"name\":\"DALPASSO Protesi Oculari\",\"description\":\"\",\"potentialAction\":[{\"@type\":\"SearchAction\",\"target\":{\"@type\":\"EntryPoint\",\"urlTemplate\":\"https:\/\/www.dalpasso.it\/de\/?s={search_term_string}\"},\"query-input\":{\"@type\":\"PropertyValueSpecification\",\"valueRequired\":true,\"valueName\":\"search_term_string\"}}],\"inLanguage\":\"de\"}]}<\/script>\n<!-- \/ Yoast SEO plugin. -->","yoast_head_json":{"title":"Oscar Caravello (Alessandria) | Dalpasso protesi oculari","robots":{"index":"index","follow":"follow","max-snippet":"max-snippet:-1","max-image-preview":"max-image-preview:large","max-video-preview":"max-video-preview:-1"},"canonical":"https:\/\/www.dalpasso.it\/de\/testimonial\/oscar-caravello-alessandria\/","og_locale":"de_DE","og_type":"article","og_title":"Oscar Caravello (Alessandria) | Dalpasso protesi oculari","og_description":"[vc_row][vc_column width=&#8220;1\/4&#8243;][vc_single_image image=&#8220;1534&#8243; border_color=&#8220;grey&#8220; img_link_target=&#8220;_self&#8220; img_size=&#8220;medium&#8220; img_link_large=&#8220;yes&#8220; el_class=&#8220;prettyPhoto&#8220;][\/vc_column][vc_column width=&#8220;1\/2&#8243;][vc_column_text]Nach Jahre nicht nur k\u00f6rperlicher sondern auch seelischer Beschwerden hat mir das Treffen mit Dalpasso mein L\u00e4cheln zur\u00fcckgegeben. Hier wurde ich von einer Gruppe von Personen betreut, die mit Freundlichkeit und h\u00f6chster Professionalit\u00e4t die optimale L\u00f6sung f\u00fcr meine Situation gefunden haben. Vielen Dank an alle![\/vc_column_text][\/vc_column][\/vc_row]","og_url":"https:\/\/www.dalpasso.it\/de\/testimonial\/oscar-caravello-alessandria\/","og_site_name":"Dalpasso protesi oculari","twitter_card":"summary_large_image","schema":{"@context":"https:\/\/schema.org","@graph":[{"@type":"WebPage","@id":"https:\/\/www.dalpasso.it\/de\/testimonial\/oscar-caravello-alessandria\/","url":"https:\/\/www.dalpasso.it\/de\/testimonial\/oscar-caravello-alessandria\/","name":"Oscar Caravello (Alessandria) | Dalpasso protesi oculari","isPartOf":{"@id":"https:\/\/www.dalpasso.it\/de\/#website"},"datePublished":"2015-11-19T14:38:05+00:00","breadcrumb":{"@id":"https:\/\/www.dalpasso.it\/de\/testimonial\/oscar-caravello-alessandria\/#breadcrumb"},"inLanguage":"de","potentialAction":[{"@type":"ReadAction","target":["https:\/\/www.dalpasso.it\/de\/testimonial\/oscar-caravello-alessandria\/"]}]},{"@type":"BreadcrumbList","@id":"https:\/\/www.dalpasso.it\/de\/testimonial\/oscar-caravello-alessandria\/#breadcrumb","itemListElement":[{"@type":"ListItem","position":1,"name":"Home","item":"https:\/\/www.dalpasso.it\/de\/home\/"},{"@type":"ListItem","position":2,"name":"TESTIMONIAL","item":"https:\/\/www.dalpasso.it\/de\/testimonial\/"},{"@type":"ListItem","position":3,"name":"Oscar Caravello (Alessandria)"}]},{"@type":"WebSite","@id":"https:\/\/www.dalpasso.it\/de\/#website","url":"https:\/\/www.dalpasso.it\/de\/","name":"DALPASSO Protesi Oculari","description":"","potentialAction":[{"@type":"SearchAction","target":{"@type":"EntryPoint","urlTemplate":"https:\/\/www.dalpasso.it\/de\/?s={search_term_string}"},"query-input":{"@type":"PropertyValueSpecification","valueRequired":true,"valueName":"search_term_string"}}],"inLanguage":"de"}]}},"_links":{"self":[{"href":"https:\/\/www.dalpasso.it\/de\/wp-json\/wp\/v2\/pages\/10940","targetHints":{"allow":["GET"]}}],"collection":[{"href":"https:\/\/www.dalpasso.it\/de\/wp-json\/wp\/v2\/pages"}],"about":[{"href":"https:\/\/www.dalpasso.it\/de\/wp-json\/wp\/v2\/types\/page"}],"author":[{"embeddable":true,"href":"https:\/\/www.dalpasso.it\/de\/wp-json\/wp\/v2\/users\/1"}],"replies":[{"embeddable":true,"href":"https:\/\/www.dalpasso.it\/de\/wp-json\/wp\/v2\/comments?post=10940"}],"version-history":[{"count":1,"href":"https:\/\/www.dalpasso.it\/de\/wp-json\/wp\/v2\/pages\/10940\/revisions"}],"predecessor-version":[{"id":10941,"href":"https:\/\/www.dalpasso.it\/de\/wp-json\/wp\/v2\/pages\/10940\/revisions\/10941"}],"up":[{"embeddable":true,"href":"https:\/\/www.dalpasso.it\/de\/wp-json\/wp\/v2\/pages\/10876"}],"wp:attachment":[{"href":"https:\/\/www.dalpasso.it\/de\/wp-json\/wp\/v2\/media?parent=10940"}],"curies":[{"name":"wp","href":"https:\/\/api.w.org\/{rel}","templated":true}]}}