{"id":10929,"date":"2015-11-19T15:31:52","date_gmt":"2015-11-19T14:31:52","guid":{"rendered":"http:\/\/www.dalpasso.it\/de\/?page_id=10929"},"modified":"2015-11-19T15:33:44","modified_gmt":"2015-11-19T14:33:44","slug":"giovanni-trento-mailand","status":"publish","type":"page","link":"https:\/\/www.dalpasso.it\/de\/testimonial\/giovanni-trento-mailand\/","title":{"rendered":"Giovanni Trento (Mailand)"},"content":{"rendered":"<div class=\"wpb-content-wrapper\">[vc_row][vc_column width=&#8220;1\/4&#8243;][vc_single_image image=&#8220;1532&#8243; border_color=&#8220;grey&#8220; img_link_target=&#8220;_self&#8220; img_size=&#8220;full&#8220; img_link_large=&#8220;yes&#8220; el_class=&#8220;prettyPhoto&#8220;][\/vc_column][vc_column width=&#8220;1\/2&#8243;][vc_column_text]Ich bin seit meinen ersten Lebensmonaten euer Kunde, d.h. ich habe mein ganzes Leben gemeinsam mit euch gelebt und wurde stets mit Freundlichkeit und Professionalit\u00e4t betreut. Ich erinnere mich an meine ersten Termine mit Herrn Curzio Dalpasso, der mich damals als ich noch ein kleines Kind war, stets ermutigte und sagte, ich sollte nicht weinen.<\/p>\n<p>Heute nach 53 Jahren bin ich eurer Professionalit\u00e4t stets verbunden. Manchmal ist es schon vorgekommen, dass mir bei augen\u00e4rztlichen Kontrollen gesagt wurde, ich h\u00e4tte ernsthafte Sehst\u00f6rungen auf dem Auge mit der Prothese. Also wenn es nicht mal der Augenarzt bemerkt&#8230;.<\/p>\n<p>Ein gro\u00dfes Kompliment nochmals an das ganze Team![\/vc_column_text][\/vc_column][\/vc_row]<\/div>","protected":false},"excerpt":{"rendered":"<p>[vc_row][vc_column width=&#8220;1\/4&#8243;][vc_single_image image=&#8220;1532&#8243; border_color=&#8220;grey&#8220; img_link_target=&#8220;_self&#8220; img_size=&#8220;full&#8220; img_link_large=&#8220;yes&#8220; el_class=&#8220;prettyPhoto&#8220;][\/vc_column][vc_column width=&#8220;1\/2&#8243;][vc_column_text]Ich bin seit meinen ersten Lebensmonaten euer Kunde, d.h. ich habe mein ganzes Leben gemeinsam mit euch gelebt und wurde stets mit Freundlichkeit und Professionalit\u00e4t betreut. Ich erinnere mich an meine ersten Termine mit Herrn Curzio Dalpasso, der mich damals als ich noch ein kleines Kind war, [&hellip;]<\/p>\n","protected":false},"author":1,"featured_media":0,"parent":10876,"menu_order":0,"comment_status":"closed","ping_status":"closed","template":"","meta":{"footnotes":""},"class_list":["post-10929","page","type-page","status-publish","hentry"],"yoast_head":"<!-- This site is optimized with the Yoast SEO plugin v27.1.1 - https:\/\/yoast.com\/product\/yoast-seo-wordpress\/ -->\n<title>Giovanni Trento (Mailand) | Dalpasso protesi oculari<\/title>\n<meta name=\"robots\" content=\"index, follow, max-snippet:-1, max-image-preview:large, max-video-preview:-1\" \/>\n<link rel=\"canonical\" href=\"https:\/\/www.dalpasso.it\/de\/testimonial\/giovanni-trento-mailand\/\" \/>\n<meta property=\"og:locale\" content=\"de_DE\" \/>\n<meta property=\"og:type\" content=\"article\" \/>\n<meta property=\"og:title\" content=\"Giovanni Trento (Mailand) | Dalpasso protesi oculari\" \/>\n<meta property=\"og:description\" content=\"[vc_row][vc_column width=&#8220;1\/4&#8243;][vc_single_image image=&#8220;1532&#8243; border_color=&#8220;grey&#8220; img_link_target=&#8220;_self&#8220; img_size=&#8220;full&#8220; img_link_large=&#8220;yes&#8220; el_class=&#8220;prettyPhoto&#8220;][\/vc_column][vc_column width=&#8220;1\/2&#8243;][vc_column_text]Ich bin seit meinen ersten Lebensmonaten euer Kunde, d.h. ich habe mein ganzes Leben gemeinsam mit euch gelebt und wurde stets mit Freundlichkeit und Professionalit\u00e4t betreut. Ich erinnere mich an meine ersten Termine mit Herrn Curzio Dalpasso, der mich damals als ich noch ein kleines Kind war, [&hellip;]\" \/>\n<meta property=\"og:url\" content=\"https:\/\/www.dalpasso.it\/de\/testimonial\/giovanni-trento-mailand\/\" \/>\n<meta property=\"og:site_name\" content=\"Dalpasso protesi oculari\" \/>\n<meta property=\"article:modified_time\" content=\"2015-11-19T14:33:44+00:00\" \/>\n<meta name=\"twitter:card\" content=\"summary_large_image\" \/>\n<meta name=\"twitter:label1\" content=\"Gesch\u00e4tzte Lesezeit\" \/>\n\t<meta name=\"twitter:data1\" content=\"1\u00a0Minute\" \/>\n<script type=\"application\/ld+json\" class=\"yoast-schema-graph\">{\"@context\":\"https:\/\/schema.org\",\"@graph\":[{\"@type\":\"WebPage\",\"@id\":\"https:\/\/www.dalpasso.it\/de\/testimonial\/giovanni-trento-mailand\/\",\"url\":\"https:\/\/www.dalpasso.it\/de\/testimonial\/giovanni-trento-mailand\/\",\"name\":\"Giovanni Trento (Mailand) | Dalpasso protesi oculari\",\"isPartOf\":{\"@id\":\"https:\/\/www.dalpasso.it\/de\/#website\"},\"datePublished\":\"2015-11-19T14:31:52+00:00\",\"dateModified\":\"2015-11-19T14:33:44+00:00\",\"breadcrumb\":{\"@id\":\"https:\/\/www.dalpasso.it\/de\/testimonial\/giovanni-trento-mailand\/#breadcrumb\"},\"inLanguage\":\"de\",\"potentialAction\":[{\"@type\":\"ReadAction\",\"target\":[\"https:\/\/www.dalpasso.it\/de\/testimonial\/giovanni-trento-mailand\/\"]}]},{\"@type\":\"BreadcrumbList\",\"@id\":\"https:\/\/www.dalpasso.it\/de\/testimonial\/giovanni-trento-mailand\/#breadcrumb\",\"itemListElement\":[{\"@type\":\"ListItem\",\"position\":1,\"name\":\"Home\",\"item\":\"https:\/\/www.dalpasso.it\/de\/home\/\"},{\"@type\":\"ListItem\",\"position\":2,\"name\":\"TESTIMONIAL\",\"item\":\"https:\/\/www.dalpasso.it\/de\/testimonial\/\"},{\"@type\":\"ListItem\",\"position\":3,\"name\":\"Giovanni Trento (Mailand)\"}]},{\"@type\":\"WebSite\",\"@id\":\"https:\/\/www.dalpasso.it\/de\/#website\",\"url\":\"https:\/\/www.dalpasso.it\/de\/\",\"name\":\"DALPASSO Protesi Oculari\",\"description\":\"\",\"potentialAction\":[{\"@type\":\"SearchAction\",\"target\":{\"@type\":\"EntryPoint\",\"urlTemplate\":\"https:\/\/www.dalpasso.it\/de\/?s={search_term_string}\"},\"query-input\":{\"@type\":\"PropertyValueSpecification\",\"valueRequired\":true,\"valueName\":\"search_term_string\"}}],\"inLanguage\":\"de\"}]}<\/script>\n<!-- \/ Yoast SEO plugin. -->","yoast_head_json":{"title":"Giovanni Trento (Mailand) | Dalpasso protesi oculari","robots":{"index":"index","follow":"follow","max-snippet":"max-snippet:-1","max-image-preview":"max-image-preview:large","max-video-preview":"max-video-preview:-1"},"canonical":"https:\/\/www.dalpasso.it\/de\/testimonial\/giovanni-trento-mailand\/","og_locale":"de_DE","og_type":"article","og_title":"Giovanni Trento (Mailand) | Dalpasso protesi oculari","og_description":"[vc_row][vc_column width=&#8220;1\/4&#8243;][vc_single_image image=&#8220;1532&#8243; border_color=&#8220;grey&#8220; img_link_target=&#8220;_self&#8220; img_size=&#8220;full&#8220; img_link_large=&#8220;yes&#8220; el_class=&#8220;prettyPhoto&#8220;][\/vc_column][vc_column width=&#8220;1\/2&#8243;][vc_column_text]Ich bin seit meinen ersten Lebensmonaten euer Kunde, d.h. ich habe mein ganzes Leben gemeinsam mit euch gelebt und wurde stets mit Freundlichkeit und Professionalit\u00e4t betreut. Ich erinnere mich an meine ersten Termine mit Herrn Curzio Dalpasso, der mich damals als ich noch ein kleines Kind war, [&hellip;]","og_url":"https:\/\/www.dalpasso.it\/de\/testimonial\/giovanni-trento-mailand\/","og_site_name":"Dalpasso protesi oculari","article_modified_time":"2015-11-19T14:33:44+00:00","twitter_card":"summary_large_image","twitter_misc":{"Gesch\u00e4tzte Lesezeit":"1\u00a0Minute"},"schema":{"@context":"https:\/\/schema.org","@graph":[{"@type":"WebPage","@id":"https:\/\/www.dalpasso.it\/de\/testimonial\/giovanni-trento-mailand\/","url":"https:\/\/www.dalpasso.it\/de\/testimonial\/giovanni-trento-mailand\/","name":"Giovanni Trento (Mailand) | Dalpasso protesi oculari","isPartOf":{"@id":"https:\/\/www.dalpasso.it\/de\/#website"},"datePublished":"2015-11-19T14:31:52+00:00","dateModified":"2015-11-19T14:33:44+00:00","breadcrumb":{"@id":"https:\/\/www.dalpasso.it\/de\/testimonial\/giovanni-trento-mailand\/#breadcrumb"},"inLanguage":"de","potentialAction":[{"@type":"ReadAction","target":["https:\/\/www.dalpasso.it\/de\/testimonial\/giovanni-trento-mailand\/"]}]},{"@type":"BreadcrumbList","@id":"https:\/\/www.dalpasso.it\/de\/testimonial\/giovanni-trento-mailand\/#breadcrumb","itemListElement":[{"@type":"ListItem","position":1,"name":"Home","item":"https:\/\/www.dalpasso.it\/de\/home\/"},{"@type":"ListItem","position":2,"name":"TESTIMONIAL","item":"https:\/\/www.dalpasso.it\/de\/testimonial\/"},{"@type":"ListItem","position":3,"name":"Giovanni Trento (Mailand)"}]},{"@type":"WebSite","@id":"https:\/\/www.dalpasso.it\/de\/#website","url":"https:\/\/www.dalpasso.it\/de\/","name":"DALPASSO Protesi Oculari","description":"","potentialAction":[{"@type":"SearchAction","target":{"@type":"EntryPoint","urlTemplate":"https:\/\/www.dalpasso.it\/de\/?s={search_term_string}"},"query-input":{"@type":"PropertyValueSpecification","valueRequired":true,"valueName":"search_term_string"}}],"inLanguage":"de"}]}},"_links":{"self":[{"href":"https:\/\/www.dalpasso.it\/de\/wp-json\/wp\/v2\/pages\/10929","targetHints":{"allow":["GET"]}}],"collection":[{"href":"https:\/\/www.dalpasso.it\/de\/wp-json\/wp\/v2\/pages"}],"about":[{"href":"https:\/\/www.dalpasso.it\/de\/wp-json\/wp\/v2\/types\/page"}],"author":[{"embeddable":true,"href":"https:\/\/www.dalpasso.it\/de\/wp-json\/wp\/v2\/users\/1"}],"replies":[{"embeddable":true,"href":"https:\/\/www.dalpasso.it\/de\/wp-json\/wp\/v2\/comments?post=10929"}],"version-history":[{"count":2,"href":"https:\/\/www.dalpasso.it\/de\/wp-json\/wp\/v2\/pages\/10929\/revisions"}],"predecessor-version":[{"id":10934,"href":"https:\/\/www.dalpasso.it\/de\/wp-json\/wp\/v2\/pages\/10929\/revisions\/10934"}],"up":[{"embeddable":true,"href":"https:\/\/www.dalpasso.it\/de\/wp-json\/wp\/v2\/pages\/10876"}],"wp:attachment":[{"href":"https:\/\/www.dalpasso.it\/de\/wp-json\/wp\/v2\/media?parent=10929"}],"curies":[{"name":"wp","href":"https:\/\/api.w.org\/{rel}","templated":true}]}}