{"id":10914,"date":"2015-11-19T15:26:04","date_gmt":"2015-11-19T14:26:04","guid":{"rendered":"http:\/\/www.dalpasso.it\/de\/?page_id=10914"},"modified":"2015-11-26T09:42:54","modified_gmt":"2015-11-26T08:42:54","slug":"francesca-colli-gallarate","status":"publish","type":"page","link":"https:\/\/www.dalpasso.it\/de\/testimonial\/francesca-colli-gallarate\/","title":{"rendered":"Francesca Colli (Gallarate)"},"content":{"rendered":"<div class=\"wpb-content-wrapper\">[vc_row][vc_column width=&#8220;1\/4&#8243;][vc_single_image image=&#8220;9193&#8243; border_color=&#8220;grey&#8220; img_link_large=&#8220;yes&#8220; img_link_target=&#8220;_self&#8220; el_class=&#8220;prettyPhoto&#8220; img_size=&#8220;medium&#8220;][\/vc_column][vc_column width=&#8220;1\/2&#8243;][vc_column_text]<\/p>\n<p>Ich k\u00f6nnte eine lange Geschichte \u00fcber meine Erfahrungen mit Dal Passo verfassen, denn ich trage seit meinem 13. Lebensjahr im Jahr 1990 eine Prothese. Praktisch bin ich mit der Firma gro\u00df geworden. Als ich sie kennenlernte, hatte ich gerade eine schlechte Erfahrung mit einer vom nationalen Gesundheitsdienst angepassten Prothese hinter mir, an deren Stelle ich lieber lebenslang eine Augenbinde getragen h\u00e4tte. Dann habe ich Herrn Castellani in Reggio Emilia kennengelernt, der mich beruhigt hat und all meine Anspr\u00fcche nach Perfektion, die man in jenem Alter eben hat, erf\u00fcllen konnte. Neben ihm, der stets meine Anlaufstelle war und mir gro\u00dfe Sicherheit verlieh, habe ich stets freundliche und verst\u00e4ndnisvolle Mitarbeiter angetroffen.<\/p>\n<p>[\/vc_column_text][vc_column_text]Jedes Bed\u00fcrfnis wurde erf\u00fcllt und die Arbeit stets makellos ausgef\u00fchrt. Wenn ich nichts sage, bemerkt keiner, dass ich eine Prothese trage. Dank dieser wundervollen Zusammenarbeit ist es mir gelungen, mein Leben in Ruhe und Gelassenheit anzugehen. Jedem, der eine Augenprothese ben\u00f6tigt, kann ich nur empfehlen, sich an Dal Passo zu wenden, denn die Professionalit\u00e4t ist ungemein hoch, die Techniker sind sehr gut, vor allem jedoch wird der Patient liebevoll umsorgt.<\/p>\n<p>&nbsp;<\/p>\n<p><a href=\"https:\/\/www.dalpasso.it\/wp-content\/uploads\/2015\/05\/Corso-MedCoach1.pdf\">Corso Med&amp;Coach<\/a>[\/vc_column_text][\/vc_column][\/vc_row][vc_row full_width=&#8220;&#8220; parallax=&#8220;&#8220; parallax_image=&#8220;&#8220; el_id=&#8220;&#8220;][vc_column width=&#8220;1\/1&#8243;][vc_column_text]<br \/>\n[\/vc_column_text][\/vc_column][\/vc_row]<\/div>","protected":false},"excerpt":{"rendered":"<p>[vc_row][vc_column width=&#8220;1\/4&#8243;][vc_single_image image=&#8220;9193&#8243; border_color=&#8220;grey&#8220; img_link_large=&#8220;yes&#8220; img_link_target=&#8220;_self&#8220; el_class=&#8220;prettyPhoto&#8220; img_size=&#8220;medium&#8220;][\/vc_column][vc_column width=&#8220;1\/2&#8243;][vc_column_text] Ich k\u00f6nnte eine lange Geschichte \u00fcber meine Erfahrungen mit Dal Passo verfassen, denn ich trage seit meinem 13. Lebensjahr im Jahr 1990 eine Prothese. Praktisch bin ich mit der Firma gro\u00df geworden. Als ich sie kennenlernte, hatte ich gerade eine schlechte Erfahrung mit einer vom nationalen [&hellip;]<\/p>\n","protected":false},"author":1,"featured_media":22305,"parent":10876,"menu_order":0,"comment_status":"closed","ping_status":"closed","template":"","meta":{"footnotes":""},"class_list":["post-10914","page","type-page","status-publish","has-post-thumbnail","hentry"],"yoast_head":"<!-- This site is optimized with the Yoast SEO plugin v27.1.1 - https:\/\/yoast.com\/product\/yoast-seo-wordpress\/ -->\n<title>Francesca Colli (Gallarate) | Dalpasso protesi oculari<\/title>\n<meta name=\"robots\" content=\"index, follow, max-snippet:-1, max-image-preview:large, max-video-preview:-1\" \/>\n<link rel=\"canonical\" href=\"https:\/\/www.dalpasso.it\/de\/testimonial\/francesca-colli-gallarate\/\" \/>\n<meta property=\"og:locale\" content=\"de_DE\" \/>\n<meta property=\"og:type\" content=\"article\" \/>\n<meta property=\"og:title\" content=\"Francesca Colli (Gallarate) | Dalpasso protesi oculari\" \/>\n<meta property=\"og:description\" content=\"[vc_row][vc_column width=&#8220;1\/4&#8243;][vc_single_image image=&#8220;9193&#8243; border_color=&#8220;grey&#8220; img_link_large=&#8220;yes&#8220; img_link_target=&#8220;_self&#8220; el_class=&#8220;prettyPhoto&#8220; img_size=&#8220;medium&#8220;][\/vc_column][vc_column width=&#8220;1\/2&#8243;][vc_column_text] Ich k\u00f6nnte eine lange Geschichte \u00fcber meine Erfahrungen mit Dal Passo verfassen, denn ich trage seit meinem 13. Lebensjahr im Jahr 1990 eine Prothese. Praktisch bin ich mit der Firma gro\u00df geworden. Als ich sie kennenlernte, hatte ich gerade eine schlechte Erfahrung mit einer vom nationalen [&hellip;]\" \/>\n<meta property=\"og:url\" content=\"https:\/\/www.dalpasso.it\/de\/testimonial\/francesca-colli-gallarate\/\" \/>\n<meta property=\"og:site_name\" content=\"Dalpasso protesi oculari\" \/>\n<meta property=\"article:modified_time\" content=\"2015-11-26T08:42:54+00:00\" \/>\n<meta property=\"og:image\" content=\"https:\/\/www.dalpasso.it\/wp-content\/uploads\/2014\/06\/francesca.jpg\" \/>\n\t<meta property=\"og:image:width\" content=\"496\" \/>\n\t<meta property=\"og:image:height\" content=\"503\" \/>\n\t<meta property=\"og:image:type\" content=\"image\/jpeg\" \/>\n<meta name=\"twitter:card\" content=\"summary_large_image\" \/>\n<meta name=\"twitter:label1\" content=\"Gesch\u00e4tzte Lesezeit\" \/>\n\t<meta name=\"twitter:data1\" content=\"1\u00a0Minute\" \/>\n<script type=\"application\/ld+json\" class=\"yoast-schema-graph\">{\"@context\":\"https:\/\/schema.org\",\"@graph\":[{\"@type\":\"WebPage\",\"@id\":\"https:\/\/www.dalpasso.it\/de\/testimonial\/francesca-colli-gallarate\/\",\"url\":\"https:\/\/www.dalpasso.it\/de\/testimonial\/francesca-colli-gallarate\/\",\"name\":\"Francesca Colli (Gallarate) | Dalpasso protesi oculari\",\"isPartOf\":{\"@id\":\"https:\/\/www.dalpasso.it\/de\/#website\"},\"primaryImageOfPage\":{\"@id\":\"https:\/\/www.dalpasso.it\/de\/testimonial\/francesca-colli-gallarate\/#primaryimage\"},\"image\":{\"@id\":\"https:\/\/www.dalpasso.it\/de\/testimonial\/francesca-colli-gallarate\/#primaryimage\"},\"thumbnailUrl\":\"https:\/\/www.dalpasso.it\/wp-content\/uploads\/2014\/06\/francesca.jpg\",\"datePublished\":\"2015-11-19T14:26:04+00:00\",\"dateModified\":\"2015-11-26T08:42:54+00:00\",\"breadcrumb\":{\"@id\":\"https:\/\/www.dalpasso.it\/de\/testimonial\/francesca-colli-gallarate\/#breadcrumb\"},\"inLanguage\":\"de\",\"potentialAction\":[{\"@type\":\"ReadAction\",\"target\":[\"https:\/\/www.dalpasso.it\/de\/testimonial\/francesca-colli-gallarate\/\"]}]},{\"@type\":\"ImageObject\",\"inLanguage\":\"de\",\"@id\":\"https:\/\/www.dalpasso.it\/de\/testimonial\/francesca-colli-gallarate\/#primaryimage\",\"url\":\"https:\/\/www.dalpasso.it\/wp-content\/uploads\/2014\/06\/francesca.jpg\",\"contentUrl\":\"https:\/\/www.dalpasso.it\/wp-content\/uploads\/2014\/06\/francesca.jpg\",\"width\":496,\"height\":503},{\"@type\":\"BreadcrumbList\",\"@id\":\"https:\/\/www.dalpasso.it\/de\/testimonial\/francesca-colli-gallarate\/#breadcrumb\",\"itemListElement\":[{\"@type\":\"ListItem\",\"position\":1,\"name\":\"Home\",\"item\":\"https:\/\/www.dalpasso.it\/de\/home\/\"},{\"@type\":\"ListItem\",\"position\":2,\"name\":\"TESTIMONIAL\",\"item\":\"https:\/\/www.dalpasso.it\/de\/testimonial\/\"},{\"@type\":\"ListItem\",\"position\":3,\"name\":\"Francesca Colli (Gallarate)\"}]},{\"@type\":\"WebSite\",\"@id\":\"https:\/\/www.dalpasso.it\/de\/#website\",\"url\":\"https:\/\/www.dalpasso.it\/de\/\",\"name\":\"DALPASSO Protesi Oculari\",\"description\":\"\",\"potentialAction\":[{\"@type\":\"SearchAction\",\"target\":{\"@type\":\"EntryPoint\",\"urlTemplate\":\"https:\/\/www.dalpasso.it\/de\/?s={search_term_string}\"},\"query-input\":{\"@type\":\"PropertyValueSpecification\",\"valueRequired\":true,\"valueName\":\"search_term_string\"}}],\"inLanguage\":\"de\"}]}<\/script>\n<!-- \/ Yoast SEO plugin. -->","yoast_head_json":{"title":"Francesca Colli (Gallarate) | Dalpasso protesi oculari","robots":{"index":"index","follow":"follow","max-snippet":"max-snippet:-1","max-image-preview":"max-image-preview:large","max-video-preview":"max-video-preview:-1"},"canonical":"https:\/\/www.dalpasso.it\/de\/testimonial\/francesca-colli-gallarate\/","og_locale":"de_DE","og_type":"article","og_title":"Francesca Colli (Gallarate) | Dalpasso protesi oculari","og_description":"[vc_row][vc_column width=&#8220;1\/4&#8243;][vc_single_image image=&#8220;9193&#8243; border_color=&#8220;grey&#8220; img_link_large=&#8220;yes&#8220; img_link_target=&#8220;_self&#8220; el_class=&#8220;prettyPhoto&#8220; img_size=&#8220;medium&#8220;][\/vc_column][vc_column width=&#8220;1\/2&#8243;][vc_column_text] Ich k\u00f6nnte eine lange Geschichte \u00fcber meine Erfahrungen mit Dal Passo verfassen, denn ich trage seit meinem 13. Lebensjahr im Jahr 1990 eine Prothese. Praktisch bin ich mit der Firma gro\u00df geworden. Als ich sie kennenlernte, hatte ich gerade eine schlechte Erfahrung mit einer vom nationalen [&hellip;]","og_url":"https:\/\/www.dalpasso.it\/de\/testimonial\/francesca-colli-gallarate\/","og_site_name":"Dalpasso protesi oculari","article_modified_time":"2015-11-26T08:42:54+00:00","og_image":[{"width":496,"height":503,"url":"https:\/\/www.dalpasso.it\/wp-content\/uploads\/2014\/06\/francesca.jpg","type":"image\/jpeg"}],"twitter_card":"summary_large_image","twitter_misc":{"Gesch\u00e4tzte Lesezeit":"1\u00a0Minute"},"schema":{"@context":"https:\/\/schema.org","@graph":[{"@type":"WebPage","@id":"https:\/\/www.dalpasso.it\/de\/testimonial\/francesca-colli-gallarate\/","url":"https:\/\/www.dalpasso.it\/de\/testimonial\/francesca-colli-gallarate\/","name":"Francesca Colli (Gallarate) | Dalpasso protesi oculari","isPartOf":{"@id":"https:\/\/www.dalpasso.it\/de\/#website"},"primaryImageOfPage":{"@id":"https:\/\/www.dalpasso.it\/de\/testimonial\/francesca-colli-gallarate\/#primaryimage"},"image":{"@id":"https:\/\/www.dalpasso.it\/de\/testimonial\/francesca-colli-gallarate\/#primaryimage"},"thumbnailUrl":"https:\/\/www.dalpasso.it\/wp-content\/uploads\/2014\/06\/francesca.jpg","datePublished":"2015-11-19T14:26:04+00:00","dateModified":"2015-11-26T08:42:54+00:00","breadcrumb":{"@id":"https:\/\/www.dalpasso.it\/de\/testimonial\/francesca-colli-gallarate\/#breadcrumb"},"inLanguage":"de","potentialAction":[{"@type":"ReadAction","target":["https:\/\/www.dalpasso.it\/de\/testimonial\/francesca-colli-gallarate\/"]}]},{"@type":"ImageObject","inLanguage":"de","@id":"https:\/\/www.dalpasso.it\/de\/testimonial\/francesca-colli-gallarate\/#primaryimage","url":"https:\/\/www.dalpasso.it\/wp-content\/uploads\/2014\/06\/francesca.jpg","contentUrl":"https:\/\/www.dalpasso.it\/wp-content\/uploads\/2014\/06\/francesca.jpg","width":496,"height":503},{"@type":"BreadcrumbList","@id":"https:\/\/www.dalpasso.it\/de\/testimonial\/francesca-colli-gallarate\/#breadcrumb","itemListElement":[{"@type":"ListItem","position":1,"name":"Home","item":"https:\/\/www.dalpasso.it\/de\/home\/"},{"@type":"ListItem","position":2,"name":"TESTIMONIAL","item":"https:\/\/www.dalpasso.it\/de\/testimonial\/"},{"@type":"ListItem","position":3,"name":"Francesca Colli (Gallarate)"}]},{"@type":"WebSite","@id":"https:\/\/www.dalpasso.it\/de\/#website","url":"https:\/\/www.dalpasso.it\/de\/","name":"DALPASSO Protesi Oculari","description":"","potentialAction":[{"@type":"SearchAction","target":{"@type":"EntryPoint","urlTemplate":"https:\/\/www.dalpasso.it\/de\/?s={search_term_string}"},"query-input":{"@type":"PropertyValueSpecification","valueRequired":true,"valueName":"search_term_string"}}],"inLanguage":"de"}]}},"_links":{"self":[{"href":"https:\/\/www.dalpasso.it\/de\/wp-json\/wp\/v2\/pages\/10914","targetHints":{"allow":["GET"]}}],"collection":[{"href":"https:\/\/www.dalpasso.it\/de\/wp-json\/wp\/v2\/pages"}],"about":[{"href":"https:\/\/www.dalpasso.it\/de\/wp-json\/wp\/v2\/types\/page"}],"author":[{"embeddable":true,"href":"https:\/\/www.dalpasso.it\/de\/wp-json\/wp\/v2\/users\/1"}],"replies":[{"embeddable":true,"href":"https:\/\/www.dalpasso.it\/de\/wp-json\/wp\/v2\/comments?post=10914"}],"version-history":[{"count":2,"href":"https:\/\/www.dalpasso.it\/de\/wp-json\/wp\/v2\/pages\/10914\/revisions"}],"predecessor-version":[{"id":11711,"href":"https:\/\/www.dalpasso.it\/de\/wp-json\/wp\/v2\/pages\/10914\/revisions\/11711"}],"up":[{"embeddable":true,"href":"https:\/\/www.dalpasso.it\/de\/wp-json\/wp\/v2\/pages\/10876"}],"wp:featuredmedia":[{"embeddable":true,"href":"https:\/\/www.dalpasso.it\/de\/wp-json\/wp\/v2\/media\/22305"}],"wp:attachment":[{"href":"https:\/\/www.dalpasso.it\/de\/wp-json\/wp\/v2\/media?parent=10914"}],"curies":[{"name":"wp","href":"https:\/\/api.w.org\/{rel}","templated":true}]}}