{"id":10854,"date":"2015-11-19T14:41:25","date_gmt":"2015-11-19T13:41:25","guid":{"rendered":"http:\/\/www.dalpasso.it\/de\/?page_id=10854"},"modified":"2015-12-15T14:08:15","modified_gmt":"2015-12-15T13:08:15","slug":"unsere-geschichte","status":"publish","type":"page","link":"https:\/\/www.dalpasso.it\/de\/unsere-geschichte\/","title":{"rendered":"UNSERE GESCHICHTE"},"content":{"rendered":"<div class=\"wpb-content-wrapper\"><\/div><\/div><\/div><\/div>\r\n\t<div class=\" \" style=\" width: 100%; margin-top:-41px; margin-bottom: 40px;\">\r\n\t\t<div class=\"home_paralax\" style=\"background-image:url('https:\/\/www.dalpasso.it\/wp-content\/uploads\/2015\/05\/Scansione0001.jpg'); !important; padding-top:150px; padding-bottom:5px\" data-type=\"background\" >\r\n\t\t\t<div class=\"main_content_area\" style=\"padding:0px;\">\r\n\t\t\t\t<div class=\"container oi_break\">\r\n\t\t\t\t\t<\/p>\n<h1 style=\"text-align: justify;\"><span style=\"color: #ffffff;\"><strong>Zahlen z\u00e4hlen<\/strong><\/span><\/h1>\n<h2 style=\"text-align: justify;\"><span style=\"color: #ffffff;\">\u00a0<\/span><\/h2>\n<div class=\"oi_caption\">\n<p>Zahlen z\u00e4hlen durchaus. Zum Beispiel die 60 Jahre unserer Betriebst\u00e4tigkeit: eine bedeutende Errungenschaft sowohl f\u00fcr uns, die wir sie erreicht haben, als auch f\u00fcr unsere Patienten, die ihre Lebensqualit\u00e4t dank einer Augenprothese von DALPASSO verbessern konnten, dem Produkt eines Unternehmens, das die gr\u00f6\u00dfte Zahl von Patienten verzeichnen kann: \u00fcber 17.000.<\/p>\n<p>Die Augenprothese aus Kunstharz ist einer Eingebung des Unternehmensgr\u00fcnders zu verdanken, der sie mit vollem Einsatz entwickelt hat.\u00a0Und mit uns bleibt sie in Italien an erster Stelle.<\/p>\n<p>Und in unserem Herzen.<\/p>\n<\/div>\n<p>\r\n\t\t\t\t<\/div>\r\n\t\t\t<\/div>\r\n\t\t<\/div>\r\n\t\t\t\r\n\t<\/div>\r\n\t<div class=\"main_content_area\">\r\n\t\t<div class=\"container\">\r\n\t\t\t<div class=\"row\">\r\n            \t<div class=\"col-md-12\">[vc_row full_width=&#8220;&#8220; parallax=&#8220;&#8220; parallax_image=&#8220;&#8220;][vc_column width=&#8220;1\/1&#8243;][vc_separator color=&#8220;turquoise&#8220; align=&#8220;align_center&#8220; border_width=&#8220;2&#8243;][\/vc_column][\/vc_row][vc_row][vc_column width=&#8220;1\/4&#8243;][vc_column_text]<\/p>\n<div id=\"attachment_6810\" style=\"width: 238px\" class=\"wp-caption alignnone\"><a href=\"https:\/\/www.dalpasso.it\/wp-content\/uploads\/2015\/05\/padre.jpg\" class=\"thickbox no_icon\"><img loading=\"lazy\" decoding=\"async\" aria-describedby=\"caption-attachment-6810\" class=\"wp-image-6810\" src=\"https:\/\/www.dalpasso.it\/wp-content\/uploads\/2015\/05\/padre.jpg\" alt=\"Curzio Dalpasso\" width=\"228\" height=\"246\" \/><\/a><p id=\"caption-attachment-6810\" class=\"wp-caption-text\">Der Unternehmensgr\u00fcnder Curzio Dalpasso in einem Bild aus den 80er Jahren.<\/p><\/div>\n<p>[\/vc_column_text][\/vc_column][vc_column width=&#8220;1\/2&#8243;][vc_column_text]<\/p>\n<p style=\"text-align: justify;\">Ihre ersten Schritte taten die \u201eOphthalmotechnischen Labors Dalpasso\u201c in der Nachkriegszeit dank einer Eingebung von Curzio Dalpasso. 1922 in Ravenna geboren, wurde er in der fr\u00fchen Nachkriegszeit zu einem Pionier der ophthalmischen Prothetik, der begeistert mit den neuen, erst seit kurzem in Europa angekommenen, synthetischen und acrylischen Materialien experimentierte.<\/p>\n<p>[\/vc_column_text][vc_column_text]<\/p>\n<p style=\"text-align: justify;\">Nach Ende des Zweiten Weltkriegs beschloss Curzio Dalpasso auf Anregung einiger Augen\u00e4rzte der Universit\u00e4t Mailand sowie angesichts der gro\u00dfen Anzahl von Kriegsversehrten, die Produktion und Anpassung von Augenprothesen aus Acrylharz zu beginnen, einem damals noch kaum bekannten Material: In Italien wurden Augenprothesen damals noch aus Glas gefertigt, das keine ideale L\u00f6sung f\u00fcr die Erzielung eines guten \u00e4sthetischen und funktionellen Ergebnisses darstellt. Die Kenntnis der neuen Acrylmaterialien und deren hygienische und technologische \u00dcberlegenheit sorgten daf\u00fcr, dass die Kunstharzprothesen sofort gro\u00dfen Erfolg erzielten.<\/p>\n<p>[\/vc_column_text][\/vc_column][vc_column width=&#8220;1\/4&#8243;][vc_column_text]<\/p>\n<div id=\"attachment_7256\" style=\"width: 216px\" class=\"wp-caption alignnone\"><a href=\"https:\/\/www.dalpasso.it\/wp-content\/uploads\/2015\/09\/Minerva-Chirurgica.jpg\" class=\"thickbox no_icon\"><img loading=\"lazy\" decoding=\"async\" aria-describedby=\"caption-attachment-7256\" class=\"wp-image-7256 size-medium\" src=\"https:\/\/www.dalpasso.it\/wp-content\/uploads\/2015\/09\/Minerva-Chirurgica-206x300.jpg\" alt=\"Minerva Chirurgica del 1967 con uno studio del nostro fondatore Curzio Dalpasso e del prof. Francesconi sulle epitesi ricostruttive nei casi di neoplasia\" width=\"206\" height=\"300\" srcset=\"https:\/\/www.dalpasso.it\/wp-content\/uploads\/2015\/09\/Minerva-Chirurgica-206x300.jpg 206w, https:\/\/www.dalpasso.it\/wp-content\/uploads\/2015\/09\/Minerva-Chirurgica.jpg 528w\" sizes=\"auto, (max-width: 206px) 100vw, 206px\" \/><\/a><p id=\"caption-attachment-7256\" class=\"wp-caption-text\">Die wissenschaftliche Zeitschrift Minerva Chirurgica aus dem Jahr 1967 mit einer Studie des Unternehmensgr\u00fcnders.<\/p><\/div>\n<p>[\/vc_column_text][\/vc_column][\/vc_row][vc_row full_width=&#8220;&#8220; parallax=&#8220;&#8220; parallax_image=&#8220;&#8220; el_id=&#8220;&#8220;][vc_column width=&#8220;1\/4&#8243;][vc_column_text]<a href=\"https:\/\/www.dalpasso.it\/wp-content\/uploads\/2015\/09\/primocertificazione.pdf\"><img loading=\"lazy\" decoding=\"async\" class=\"alignnone wp-image-6807 size-medium\" src=\"https:\/\/www.dalpasso.it\/wp-content\/uploads\/2015\/05\/certificato-227x300.jpg\" alt=\"Das Originalzertifikat der Unternehmensgr\u00fcndung aus dem Jahr 1958\" width=\"227\" height=\"300\" srcset=\"https:\/\/www.dalpasso.it\/wp-content\/uploads\/2015\/05\/certificato-227x300.jpg 227w, https:\/\/www.dalpasso.it\/wp-content\/uploads\/2015\/05\/certificato.jpg 250w\" sizes=\"auto, (max-width: 227px) 100vw, 227px\" \/><\/a><\/p>\n<p>Das Originalzertifikat der<br \/>\nUnternehmensgr\u00fcndung aus<br \/>\ndem Jahr 1958<\/p>\n<p>[\/vc_column_text][\/vc_column][vc_column width=&#8220;1\/2&#8243;][vc_column_text]<\/p>\n<p style=\"text-align: justify;\"><strong>Bereits Anfang der 50er Jahre<\/strong> er\u00f6ffnete Curzio Dalpasso ein kleines Labor im Stadtzentrum von Reggio Emilia mit Hilfe seiner Verlobten Paola Firenzuoli, die er wenige Jahre sp\u00e4ter heiratete und die auch zu seiner treuesten Mitarbeiterin werden sollte. Das Paar geh\u00f6rte zu den Ersten, die in Italien Augenprothesen aus Acrylharz fertigten und anpassten. In den <strong>Laboratori Oftalmotecnici Dalpasso<\/strong> (ophthalmotechnischen Labors &#8211; dies der urspr\u00fcngliche Name des offiziell 1958 gegr\u00fcndeten Unternehmens) widmeten sie sich daneben auch der Fertigung von sowohl kornealen als auch skleralen Kontaktlinsen aus PMMA zur Korrektur von zur damaligen Zeit anderweitig kaum korrigierbaren Ametropien und Erkrankungen, wie Keratokonus, Aniridie, Aphakie, Kolobom und Bulbusatrophie.<\/p>\n<p>[\/vc_column_text][vc_column_text]<\/p>\n<p style=\"text-align: justify;\">Das Labor erh\u00f6hte bald schon die Zahl seiner Mitarbeiter und entwickelte Kooperationsbeziehungen mit der Mehrzahl von Ophthalmologen und plastischen sowie Kiefer- und Gesichtschirurgen, die sich f\u00fcr dieses neue Fachgebiet interessierten. Innerhalb weniger Jahre wurden die Labors Dalpasso zum Synonym f\u00fcr ma\u00dfgefertigte Augenprothetik und zur Anlaufstelle f\u00fcr Patienten, die sich nicht mit dem alten Glasauge in seiner Standardform zufrieden geben wollten.<\/p>\n<p>[\/vc_column_text][\/vc_column][vc_column width=&#8220;1\/4&#8243;][vc_column_text]<a href=\"https:\/\/www.dalpasso.it\/wp-content\/uploads\/2015\/10\/invalididiguerra.pdf\"><img loading=\"lazy\" decoding=\"async\" class=\"alignnone size-full wp-image-6808\" src=\"https:\/\/www.dalpasso.it\/wp-content\/uploads\/2015\/05\/invalidi.jpg\" alt=\"Vertrag mit dem Nationalen Hilfswerk f\u00fcr Kriegsinvaliden aus dem Jahr 1966\" width=\"250\" height=\"354\" srcset=\"https:\/\/www.dalpasso.it\/wp-content\/uploads\/2015\/05\/invalidi.jpg 250w, https:\/\/www.dalpasso.it\/wp-content\/uploads\/2015\/05\/invalidi-212x300.jpg 212w\" sizes=\"auto, (max-width: 250px) 100vw, 250px\" \/><\/a><\/p>\n<h6>Vertrag mit dem Nationalen Hilfswerk f\u00fcr<\/h6>\n<h6>Kriegsinvaliden aus dem Jahr 1966<\/h6>\n<p>[\/vc_column_text][\/vc_column][\/vc_row][vc_row full_width=&#8220;&#8220; parallax=&#8220;&#8220; parallax_image=&#8220;&#8220; el_id=&#8220;&#8220;][vc_column width=&#8220;1\/4&#8243;][vc_column_text]<img loading=\"lazy\" decoding=\"async\" class=\"alignnone wp-image-6481 size-medium\" src=\"https:\/\/www.dalpasso.it\/wp-content\/uploads\/2015\/05\/WEB-Notturno-300x187.jpg\" alt=\"La sede di Reggio Emilia, oggi\" width=\"300\" height=\"187\" srcset=\"https:\/\/www.dalpasso.it\/wp-content\/uploads\/2015\/05\/WEB-Notturno-300x187.jpg 300w, https:\/\/www.dalpasso.it\/wp-content\/uploads\/2015\/05\/WEB-Notturno.jpg 544w\" sizes=\"auto, (max-width: 300px) 100vw, 300px\" \/><\/p>\n<h6>Der Sitz in Reggio Emilia, heute<\/h6>\n<p>[\/vc_column_text][\/vc_column][vc_column width=&#8220;3\/4&#8243;][vc_column_text]<\/p>\n<p>1990 haben die Ophthalmotechnischen Labors nach vierzigj\u00e4hrigem Bestehen die neue Gesellschaft <strong>DALPASSO S.r.l.<\/strong> ins Leben gerufen, die sich ausschlie\u00dflich dem Bereich der Augenprothetik widmet. Im Anschluss daran wurde die zweite Gesellschaft <strong>OTTICA DALPASSO S.r.l.<\/strong> gegr\u00fcndet, welche sich ebenfalls exklusiv mit den Bereichen <strong>Augenoptik<\/strong> und<strong> Kontaktlinsen<\/strong> befasst. Seit 1991, dem Jahr des Ablebens des Unternehmensgr\u00fcnders ist seine Gattin Paola Firenzuoli Vorsitzende beider Gesellschaften.<\/p>\n<p>[\/vc_column_text][vc_column_text]<\/p>\n<p>DALPASSO S.r.l. ist heute das Unternehmen mit Europas gr\u00f6\u00dfter Betriebsniederlassung und es kann sich auf die Erfahrung spezialisierter Prothesentechniker mit Optikerdiplom oder h\u00f6herer Qualifikation entsprechend der geltenden Gesetzgebung st\u00fctzen.\u00a0DALPASSO S.r.l. f\u00fchrt jedes Jahr \u00fcber f\u00fcnftausend Anpassungen von Augenprothesen durch, wobei Qualit\u00e4t und Prestige der Ma\u00dffertigung unver\u00e4ndert erhalten bleiben, indem heute noch der nie vergessene handwerkliche Ansatz aus den fernen 50er Jahren zur Umsetzung kommt.<\/p>\n<p>[\/vc_column_text][\/vc_column][\/vc_row]<\/div>","protected":false},"excerpt":{"rendered":"<p>[vc_row][vc_column width=&#8220;1\/1&#8243;][\/vc_column][\/vc_row][vc_row full_width=&#8220;&#8220; parallax=&#8220;&#8220; parallax_image=&#8220;&#8220;][vc_column width=&#8220;1\/1&#8243;][vc_separator color=&#8220;turquoise&#8220; align=&#8220;align_center&#8220; border_width=&#8220;2&#8243;][\/vc_column][\/vc_row][vc_row][vc_column width=&#8220;1\/4&#8243;][vc_column_text] [\/vc_column_text][\/vc_column][vc_column width=&#8220;1\/2&#8243;][vc_column_text] Ihre ersten Schritte taten die \u201eOphthalmotechnischen Labors Dalpasso\u201c in der Nachkriegszeit dank einer Eingebung von Curzio Dalpasso. 1922 in Ravenna geboren, wurde er in der fr\u00fchen Nachkriegszeit zu einem Pionier der ophthalmischen Prothetik, der begeistert mit den neuen, erst seit kurzem in Europa [&hellip;]<\/p>\n","protected":false},"author":1,"featured_media":24579,"parent":0,"menu_order":7,"comment_status":"closed","ping_status":"closed","template":"","meta":{"footnotes":""},"class_list":["post-10854","page","type-page","status-publish","has-post-thumbnail","hentry"],"yoast_head":"<!-- This site is optimized with the Yoast SEO plugin v27.1.1 - https:\/\/yoast.com\/product\/yoast-seo-wordpress\/ -->\n<title>UNSERE GESCHICHTE | Dalpasso protesi oculari<\/title>\n<meta name=\"robots\" content=\"index, follow, max-snippet:-1, max-image-preview:large, max-video-preview:-1\" \/>\n<link rel=\"canonical\" href=\"https:\/\/www.dalpasso.it\/de\/unsere-geschichte\/\" \/>\n<meta property=\"og:locale\" content=\"de_DE\" \/>\n<meta property=\"og:type\" content=\"article\" \/>\n<meta property=\"og:title\" content=\"UNSERE GESCHICHTE | Dalpasso protesi oculari\" \/>\n<meta property=\"og:description\" content=\"[vc_row][vc_column width=&#8220;1\/1&#8243;][\/vc_column][\/vc_row][vc_row full_width=&#8220;&#8220; parallax=&#8220;&#8220; parallax_image=&#8220;&#8220;][vc_column width=&#8220;1\/1&#8243;][vc_separator color=&#8220;turquoise&#8220; align=&#8220;align_center&#8220; border_width=&#8220;2&#8243;][\/vc_column][\/vc_row][vc_row][vc_column width=&#8220;1\/4&#8243;][vc_column_text] [\/vc_column_text][\/vc_column][vc_column width=&#8220;1\/2&#8243;][vc_column_text] Ihre ersten Schritte taten die \u201eOphthalmotechnischen Labors Dalpasso\u201c in der Nachkriegszeit dank einer Eingebung von Curzio Dalpasso. 1922 in Ravenna geboren, wurde er in der fr\u00fchen Nachkriegszeit zu einem Pionier der ophthalmischen Prothetik, der begeistert mit den neuen, erst seit kurzem in Europa [&hellip;]\" \/>\n<meta property=\"og:url\" content=\"https:\/\/www.dalpasso.it\/de\/unsere-geschichte\/\" \/>\n<meta property=\"og:site_name\" content=\"Dalpasso protesi oculari\" \/>\n<meta property=\"article:modified_time\" content=\"2015-12-15T13:08:15+00:00\" \/>\n<meta property=\"og:image\" content=\"https:\/\/www.dalpasso.it\/wp-content\/uploads\/2024\/09\/nostra-storia-1.jpg\" \/>\n\t<meta property=\"og:image:width\" content=\"381\" \/>\n\t<meta property=\"og:image:height\" content=\"381\" \/>\n\t<meta property=\"og:image:type\" content=\"image\/jpeg\" \/>\n<meta name=\"twitter:card\" content=\"summary_large_image\" \/>\n<meta name=\"twitter:label1\" content=\"Gesch\u00e4tzte Lesezeit\" \/>\n\t<meta name=\"twitter:data1\" content=\"4\u00a0Minuten\" \/>\n<script type=\"application\/ld+json\" class=\"yoast-schema-graph\">{\"@context\":\"https:\/\/schema.org\",\"@graph\":[{\"@type\":\"WebPage\",\"@id\":\"https:\/\/www.dalpasso.it\/de\/unsere-geschichte\/\",\"url\":\"https:\/\/www.dalpasso.it\/de\/unsere-geschichte\/\",\"name\":\"UNSERE GESCHICHTE | Dalpasso protesi oculari\",\"isPartOf\":{\"@id\":\"https:\/\/www.dalpasso.it\/de\/#website\"},\"primaryImageOfPage\":{\"@id\":\"https:\/\/www.dalpasso.it\/de\/unsere-geschichte\/#primaryimage\"},\"image\":{\"@id\":\"https:\/\/www.dalpasso.it\/de\/unsere-geschichte\/#primaryimage\"},\"thumbnailUrl\":\"https:\/\/www.dalpasso.it\/wp-content\/uploads\/2024\/09\/nostra-storia-1.jpg\",\"datePublished\":\"2015-11-19T13:41:25+00:00\",\"dateModified\":\"2015-12-15T13:08:15+00:00\",\"breadcrumb\":{\"@id\":\"https:\/\/www.dalpasso.it\/de\/unsere-geschichte\/#breadcrumb\"},\"inLanguage\":\"de\",\"potentialAction\":[{\"@type\":\"ReadAction\",\"target\":[\"https:\/\/www.dalpasso.it\/de\/unsere-geschichte\/\"]}]},{\"@type\":\"ImageObject\",\"inLanguage\":\"de\",\"@id\":\"https:\/\/www.dalpasso.it\/de\/unsere-geschichte\/#primaryimage\",\"url\":\"https:\/\/www.dalpasso.it\/wp-content\/uploads\/2024\/09\/nostra-storia-1.jpg\",\"contentUrl\":\"https:\/\/www.dalpasso.it\/wp-content\/uploads\/2024\/09\/nostra-storia-1.jpg\",\"width\":381,\"height\":381},{\"@type\":\"BreadcrumbList\",\"@id\":\"https:\/\/www.dalpasso.it\/de\/unsere-geschichte\/#breadcrumb\",\"itemListElement\":[{\"@type\":\"ListItem\",\"position\":1,\"name\":\"Home\",\"item\":\"https:\/\/www.dalpasso.it\/de\/home\/\"},{\"@type\":\"ListItem\",\"position\":2,\"name\":\"UNSERE GESCHICHTE\"}]},{\"@type\":\"WebSite\",\"@id\":\"https:\/\/www.dalpasso.it\/de\/#website\",\"url\":\"https:\/\/www.dalpasso.it\/de\/\",\"name\":\"DALPASSO Protesi Oculari\",\"description\":\"\",\"potentialAction\":[{\"@type\":\"SearchAction\",\"target\":{\"@type\":\"EntryPoint\",\"urlTemplate\":\"https:\/\/www.dalpasso.it\/de\/?s={search_term_string}\"},\"query-input\":{\"@type\":\"PropertyValueSpecification\",\"valueRequired\":true,\"valueName\":\"search_term_string\"}}],\"inLanguage\":\"de\"}]}<\/script>\n<!-- \/ Yoast SEO plugin. -->","yoast_head_json":{"title":"UNSERE GESCHICHTE | Dalpasso protesi oculari","robots":{"index":"index","follow":"follow","max-snippet":"max-snippet:-1","max-image-preview":"max-image-preview:large","max-video-preview":"max-video-preview:-1"},"canonical":"https:\/\/www.dalpasso.it\/de\/unsere-geschichte\/","og_locale":"de_DE","og_type":"article","og_title":"UNSERE GESCHICHTE | Dalpasso protesi oculari","og_description":"[vc_row][vc_column width=&#8220;1\/1&#8243;][\/vc_column][\/vc_row][vc_row full_width=&#8220;&#8220; parallax=&#8220;&#8220; parallax_image=&#8220;&#8220;][vc_column width=&#8220;1\/1&#8243;][vc_separator color=&#8220;turquoise&#8220; align=&#8220;align_center&#8220; border_width=&#8220;2&#8243;][\/vc_column][\/vc_row][vc_row][vc_column width=&#8220;1\/4&#8243;][vc_column_text] [\/vc_column_text][\/vc_column][vc_column width=&#8220;1\/2&#8243;][vc_column_text] Ihre ersten Schritte taten die \u201eOphthalmotechnischen Labors Dalpasso\u201c in der Nachkriegszeit dank einer Eingebung von Curzio Dalpasso. 1922 in Ravenna geboren, wurde er in der fr\u00fchen Nachkriegszeit zu einem Pionier der ophthalmischen Prothetik, der begeistert mit den neuen, erst seit kurzem in Europa [&hellip;]","og_url":"https:\/\/www.dalpasso.it\/de\/unsere-geschichte\/","og_site_name":"Dalpasso protesi oculari","article_modified_time":"2015-12-15T13:08:15+00:00","og_image":[{"width":381,"height":381,"url":"https:\/\/www.dalpasso.it\/wp-content\/uploads\/2024\/09\/nostra-storia-1.jpg","type":"image\/jpeg"}],"twitter_card":"summary_large_image","twitter_misc":{"Gesch\u00e4tzte Lesezeit":"4\u00a0Minuten"},"schema":{"@context":"https:\/\/schema.org","@graph":[{"@type":"WebPage","@id":"https:\/\/www.dalpasso.it\/de\/unsere-geschichte\/","url":"https:\/\/www.dalpasso.it\/de\/unsere-geschichte\/","name":"UNSERE GESCHICHTE | Dalpasso protesi oculari","isPartOf":{"@id":"https:\/\/www.dalpasso.it\/de\/#website"},"primaryImageOfPage":{"@id":"https:\/\/www.dalpasso.it\/de\/unsere-geschichte\/#primaryimage"},"image":{"@id":"https:\/\/www.dalpasso.it\/de\/unsere-geschichte\/#primaryimage"},"thumbnailUrl":"https:\/\/www.dalpasso.it\/wp-content\/uploads\/2024\/09\/nostra-storia-1.jpg","datePublished":"2015-11-19T13:41:25+00:00","dateModified":"2015-12-15T13:08:15+00:00","breadcrumb":{"@id":"https:\/\/www.dalpasso.it\/de\/unsere-geschichte\/#breadcrumb"},"inLanguage":"de","potentialAction":[{"@type":"ReadAction","target":["https:\/\/www.dalpasso.it\/de\/unsere-geschichte\/"]}]},{"@type":"ImageObject","inLanguage":"de","@id":"https:\/\/www.dalpasso.it\/de\/unsere-geschichte\/#primaryimage","url":"https:\/\/www.dalpasso.it\/wp-content\/uploads\/2024\/09\/nostra-storia-1.jpg","contentUrl":"https:\/\/www.dalpasso.it\/wp-content\/uploads\/2024\/09\/nostra-storia-1.jpg","width":381,"height":381},{"@type":"BreadcrumbList","@id":"https:\/\/www.dalpasso.it\/de\/unsere-geschichte\/#breadcrumb","itemListElement":[{"@type":"ListItem","position":1,"name":"Home","item":"https:\/\/www.dalpasso.it\/de\/home\/"},{"@type":"ListItem","position":2,"name":"UNSERE GESCHICHTE"}]},{"@type":"WebSite","@id":"https:\/\/www.dalpasso.it\/de\/#website","url":"https:\/\/www.dalpasso.it\/de\/","name":"DALPASSO Protesi Oculari","description":"","potentialAction":[{"@type":"SearchAction","target":{"@type":"EntryPoint","urlTemplate":"https:\/\/www.dalpasso.it\/de\/?s={search_term_string}"},"query-input":{"@type":"PropertyValueSpecification","valueRequired":true,"valueName":"search_term_string"}}],"inLanguage":"de"}]}},"_links":{"self":[{"href":"https:\/\/www.dalpasso.it\/de\/wp-json\/wp\/v2\/pages\/10854","targetHints":{"allow":["GET"]}}],"collection":[{"href":"https:\/\/www.dalpasso.it\/de\/wp-json\/wp\/v2\/pages"}],"about":[{"href":"https:\/\/www.dalpasso.it\/de\/wp-json\/wp\/v2\/types\/page"}],"author":[{"embeddable":true,"href":"https:\/\/www.dalpasso.it\/de\/wp-json\/wp\/v2\/users\/1"}],"replies":[{"embeddable":true,"href":"https:\/\/www.dalpasso.it\/de\/wp-json\/wp\/v2\/comments?post=10854"}],"version-history":[{"count":7,"href":"https:\/\/www.dalpasso.it\/de\/wp-json\/wp\/v2\/pages\/10854\/revisions"}],"predecessor-version":[{"id":14068,"href":"https:\/\/www.dalpasso.it\/de\/wp-json\/wp\/v2\/pages\/10854\/revisions\/14068"}],"wp:featuredmedia":[{"embeddable":true,"href":"https:\/\/www.dalpasso.it\/de\/wp-json\/wp\/v2\/media\/24579"}],"wp:attachment":[{"href":"https:\/\/www.dalpasso.it\/de\/wp-json\/wp\/v2\/media?parent=10854"}],"curies":[{"name":"wp","href":"https:\/\/api.w.org\/{rel}","templated":true}]}}